{"id":8345,"date":"2025-09-01T05:00:47","date_gmt":"2025-09-01T09:00:47","guid":{"rendered":"http:\/\/tzedeksocialjusticefund.org\/?page_id=8345"},"modified":"2025-09-01T11:18:28","modified_gmt":"2025-09-01T15:18:28","slug":"solicitud-de-propuesta-de-clg-2025","status":"publish","type":"page","link":"https:\/\/tzedeksocialjusticefund.org\/es\/a-quien-financiamos\/concesion-de-subvenciones-dirigida-por-la-comunidad\/solicitud-de-propuesta-de-clg-2025\/","title":{"rendered":"Solicitud de propuesta de CLG 2025"},"content":{"rendered":"\n<h2 class=\"wp-block-heading\">\u00bfQUI\u00c9N es Tzedek?<\/h2>\n\n\n\n<p>El <a href=\"https:\/\/tzedeksocialjusticefund.org\/es\/about-us-sp\/\">Fondo de Justicia Social de Tzedek<\/a> (Tzedek) ha estado apoyando el trabajo de justicia social de organizaciones de base, colectivos y cooperativas, organizaciones sin fines de lucro y l\u00edderes locales desde finales de los a\u00f1os 80. Financiamos trabajo centrado en <a href=\"https:\/\/tzedeksocialjusticefund.org\/es\/a-quien-financiamos\/\">Justicia LGBTQ, Justicia Racial y el Desmantelamiento del Antisemitismo<\/a>, en consonancia con nuestra misi\u00f3n de redistribuir dinero, recursos y poder para apoyar el cambio de sistemas y la sanaci\u00f3n comunitaria en Asheville, Carolina del Norte. Por medio de una filantrop\u00eda adaptativa y basada en la confianza, resistimos los sistemas opresivos y trabajamos para transformar nuestro hogar colectivo en un lugar donde todes florezcan.<\/p>\n\n\n\n<h2 class=\"wp-block-heading\">\u00bfQU\u00c9 es CLG?<\/h2>\n\n\n\n<p>La <a href=\"https:\/\/tzedeksocialjusticefund.org\/es\/a-quien-financiamos\/concesion-de-subvenciones-dirigida-por-la-comunidad\/\">Concesi\u00f3n de Subvenciones Dirigida por la Comunidad<\/a> (CLG, por sus siglas en ingl\u00e9s) es un enfoque participativo para otorgar subvenciones que reconoce y valora el conocimiento comunitario y que traslada el poder de toma de decisiones a les miembres de comunidades que se ven m\u00e1s afectades por la opresi\u00f3n en nuestras comunidades. CLG busca encontrar soluciones a las inequidades en nuestras comunidades pregunt\u00e1ndole directamente a nuestras comunidades cu\u00e1les ser\u00edan las soluciones que mejor funcionar\u00edan para elles, trasladando el poder de decisi\u00f3n a les miembres de comunidades y dirigiendo los flujos de recursos directamente hacia nuestras comunidades.<\/p>\n\n\n\n<h2 class=\"wp-block-heading\">\u00bfQU\u00c9 estamos financiando?<\/h2>\n\n\n\n<p>El Comit\u00e9 de Concesi\u00f3n de Subvenciones Dirigida por la Comunidad (CLGC) de Tzedek otorgar\u00e1 entre $5,000 y $250,000 a grupos seleccionados en apoyo de su visi\u00f3n comunitaria. El CLGC est\u00e1 solicitando propuestas para las siguientes dos soluciones comunitarias.<\/p>\n\n\n\n<h4 class=\"wp-block-heading has-text-color has-link-color wp-elements-571255e88b9754547c0a139f6b8b21f4\" style=\"color:#2b3990\">CREAR EVENTOS COMUNITARIOS<\/h4>\n\n\n\n<p>El CLGC busca financiar propuestas de planificadores de eventos, organizaciones comunitarias o proveedores calificades para planear, organizar y llevar a cabo una serie de eventos comunitarios atrayentes e inclusivos a lo largo de 2026. <strong>Estos eventos deber\u00e1n:<\/strong><\/p>\n\n\n\n<ul class=\"wp-block-list\">\n<li>ser intergeneracionales;<\/li>\n\n\n\n<li>servir como una invitaci\u00f3n para que la comunidad sea parte integral de la misma;<\/li>\n\n\n\n<li>fomentar la colaboraci\u00f3n y el establecimiento de relaciones entre vecines;<\/li>\n\n\n\n<li>incluir diferentes tipos de actividades, como m\u00fasica, arte y deportes; y<\/li>\n\n\n\n<li>ofrecer una variedad de eventos para la participaci\u00f3n de adultos y j\u00f3venes.<\/li>\n<\/ul>\n\n\n\n<p><strong>Los grupos seleccionados se encargar\u00e1n de lo siguiente:<\/strong><\/p>\n\n\n\n<ul class=\"wp-block-list\">\n<li>desarrollo de conceptos para eventos enfocados en la comunidad (por ejemplo, festivales, eventos culturales, convivencias vecinales)<\/li>\n\n\n\n<li>planificaci\u00f3n del evento, permisos y log\u00edstica<\/li>\n\n\n\n<li>coordinaci\u00f3n de proveedores, artistas y voluntaries<\/li>\n\n\n\n<li>mercadeo y promoci\u00f3n (digital e impresa)<\/li>\n\n\n\n<li>gesti\u00f3n de eventos in situ y elaboraci\u00f3n de informes posteriores al evento<\/li>\n<\/ul>\n\n\n\n<h4 class=\"wp-block-heading has-text-color has-link-color wp-elements-07c5c396e52746c4b3e7545e3afd63a6\" style=\"color:#2b3990\">CREAR UN CENTRO DE COLABORACI\u00d3N Y RECURSOS COMUNITARIOS<\/h4>\n\n\n\n<p>El CLGC busca financiar propuestas para la creaci\u00f3n o activaci\u00f3n de un Centro de Colaboraci\u00f3n y Recursos Comunitarios. Este espacio comunitario funcionar\u00e1 como un entorno f\u00edsicamente accesible y culturalmente acogedor que promueva la conexi\u00f3n, la recreaci\u00f3n, el apoyo y la colaboraci\u00f3n entre les residentes de todas las edades.<\/p>\n\n\n\n<p>Las propuestas deben ser innovadoras y abordar la planificaci\u00f3n y el dise\u00f1o del lugar (si aplica), la programaci\u00f3n y la gesti\u00f3n de un espacio que satisfaga las necesidades sociales, culturales, recreativas y de bienestar de la comunidad. <strong>Este espacio comunitario deber\u00e1:<\/strong><\/p>\n\n\n\n<ul class=\"wp-block-list\">\n<li>ofrecer acceso regular para la comunidad;<\/li>\n\n\n\n<li>no tener afiliaci\u00f3n gubernamental, incluidos los partidos pol\u00edticos;<\/li>\n\n\n\n<li>contar con un amplio espacio abierto para reuniones, presentaciones y eventos comunitarios;<\/li>\n\n\n\n<li>proporcionar \u00e1reas de trabajo o salas multifuncionales para les miembres de comunidades y las organizaciones locales;<\/li>\n\n\n\n<li>contar con un espacio recreativo dedicado para j\u00f3venes y ni\u00f1es;<\/li>\n\n\n\n<li>proporcionar acceso a tecnolog\u00eda y aprendizaje en STEM, como programaci\u00f3n, codificaci\u00f3n, etc.;<\/li>\n\n\n\n<li>ofrecer una sala de recursos con alimentos, productos de higiene, etc.; y<\/li>\n\n\n\n<li>contar con un \u00e1rea verde accesible.<\/li>\n<\/ul>\n\n\n\n<p><strong>Los servicios dentro del espacio deben incluir:<\/strong><\/p>\n\n\n\n<ul class=\"wp-block-list\">\n<li>promotores de salud comunitaries (CHW, por siglas en ingl\u00e9s), disponibles en el lugar para orientar, apoyar y dar la bienvenida a nuevas personas;<\/li>\n\n\n\n<li>tablero digital o pantalla grande que muestre pr\u00f3ximos eventos, disponibilidad de transporte o viajes compartidos y recursos disponibles;<\/li>\n\n\n\n<li>estacionamiento para veh\u00edculos de transporte compartido, estaci\u00f3n de bicicletas y acceso al transporte;<\/li>\n\n\n\n<li>capacidad emergente para servicios m\u00f3viles: asistencia legal, atenci\u00f3n m\u00e9dica, apoyo con la vivienda, etc.; y<\/li>\n\n\n\n<li>espacios de narraci\u00f3n cultural e intercambio hist\u00f3rico para dar voz a la comunidad y a las tradiciones locales.<\/li>\n<\/ul>\n\n\n\n<p><strong>Los grupos seleccionados se encargar\u00e1n de lo siguiente:<\/strong><\/p>\n\n\n\n<ul class=\"wp-block-list\">\n<li>identificaci\u00f3n y desarrollo del lugar, o reutilizaci\u00f3n adaptativa de una propiedad existente (si aplica)<\/li>\n\n\n\n<li>dise\u00f1o y planificaci\u00f3n arquitect\u00f3nica (si aplica)<\/li>\n\n\n\n<li>operaciones y programaci\u00f3n continuas<\/li>\n\n\n\n<li>personal y colaboraciones, en particular con promotores de salud comunitaries y talento local<\/li>\n<\/ul>\n\n\n\n<h2 class=\"wp-block-heading\">Elegibilidad<\/h2>\n\n\n\n<ul class=\"wp-block-list\">\n<li>Todas las propuestas deben reflejar <a href=\"https:\/\/tzedeksocialjusticefund.org\/es\/about-us-sp\/\">la misi\u00f3n y los valores de Tzedek<\/a>, y enfocarse en las poblaciones de sus <a href=\"https:\/\/tzedeksocialjusticefund.org\/es\/a-quien-financiamos\/\">\u00e1reas de enfoque<\/a>.<\/li>\n\n\n\n<li>Las propuestas deben provenir de organizaciones con estatus 501(c)3, o planificadores de eventos con patrocinio fiscal, organizaciones comunitarias o vendedores ubicados dentro de <a href=\"https:\/\/tzedeksocialjusticefund.org\/es\/a-quien-financiamos\/\">30 millas del centro de Asheville<\/a>.<\/li>\n\n\n\n<li>Se insta a la presentaci\u00f3n de propuestas colaborativas entre m\u00faltiples organizaciones.<\/li>\n\n\n\n<li>Los eventos y espacios tambi\u00e9n deben realizarse dentro de <a href=\"https:\/\/tzedeksocialjusticefund.org\/es\/a-quien-financiamos\/\">30 millas del centro de Asheville<\/a>.<\/li>\n<\/ul>\n\n\n\n<h2 class=\"wp-block-heading\">Preguntas y asistencia<\/h2>\n\n\n\n<p>Todas las preguntas sobre esta solicitud de propuesta (RFP) deben enviarse por escrito antes de la <strong>medianoche del 12 de septiembre<\/strong> a <a href=\"mailto:communityfunded@tzedeksocialjusticefund.org\">communityled@tzedeksocialjusticefund.org<\/a>. Las respuestas se compartir\u00e1n con todes les solicitantes interesades.<\/p>\n\n\n\n<p>El Comit\u00e9 CLG de Tzedek llevar\u00e1 a cabo dos sesiones de preguntas y respuestas por Zoom durante la semana del 8 de septiembre.<\/p>\n\n\n\n<h4 class=\"wp-block-heading has-text-color has-link-color wp-elements-8ef34d5f0f315efb8abba619d41e8a50\" style=\"color:#2b3990\">Sesi\u00f3n de Preguntas y Respuestas #1: martes 9 de septiembre, de 6:00 p. m. a 7:30 p. m.<\/h4>\n\n\n\n<h4 class=\"wp-block-heading has-text-color has-link-color wp-elements-18ed470b8d460a9f7f21fb061e598c50\" style=\"color:#2b3990\">Sesi\u00f3n de Preguntas y Respuestas #2: jueves 11 de septiembre, de 11:00 a. m. a 12:30 p. m.<\/h4>\n\n\n\n<h4 class=\"wp-block-heading\">Completa el formulario de inter\u00e9s <a href=\"https:\/\/docs.google.com\/forms\/d\/e\/1FAIpQLSfOlIYIODcWGOG9A4HY2MryWJ3DVdLe2ONOdHbk1O4ecLVS_A\/viewform?usp=header\">aqu\u00ed<\/a> para recibir las invitaciones a las sesiones de preguntas y respuestas, o la lista de respuestas.<\/h4>\n\n\n\n<p>El Comit\u00e9 CLG de Tzedek ofrecer\u00e1 apoyo a las organizaciones y personas que necesiten ayuda para presentar su propuesta. Las solicitudes de ayuda deben enviarse por escrito antes de la <strong>medianoche del 19 de septiembre<\/strong> a <a href=\"mailto:communityfunded@tzedeksocialjusticefund.org\">communityled@tzedeksocialjusticefund.org<\/a>. No se aceptar\u00e1n solicitudes tard\u00edas.<\/p>\n\n\n\n<h2 class=\"wp-block-heading\">\u00a1C\u00d3MO presentar tu propuesta!<\/h2>\n\n\n\n<h4 class=\"wp-block-heading has-text-color has-link-color has-medium-font-size wp-elements-d446136434a123bceb20dddf38acd2e6\" style=\"color:#2b3990\">Las solicitudes deben enviarse antes de la medianoche del 29 de septiembre de 2025.<\/h4>\n\n\n\n<div class=\"wp-block-buttons has-custom-font-size has-medium-font-size is-content-justification-left is-layout-flex wp-container-core-buttons-is-layout-fdcfc74e wp-block-buttons-is-layout-flex\">\n<div class=\"wp-block-button is-style-fill\"><a class=\"wp-block-button__link has-background has-medium-font-size has-custom-font-size wp-element-button\" href=\"https:\/\/tzedeksocialjusticefund.submittable.com\/submit\" style=\"background-color:#f57f14\" target=\"_blank\" rel=\"noreferrer noopener\">\u00a1Aplica ahora!<\/a><\/div>\n<\/div>\n\n\n\n<div style=\"height:20px\" aria-hidden=\"true\" class=\"wp-block-spacer\"><\/div>\n\n\n\n<details class=\"wp-block-details is-layout-flow wp-block-details-is-layout-flow\"><summary>Haz clic AQU\u00cd para descargar una versi\u00f3n en PDF de esta solicitud.<\/summary>\n<div class=\"wp-block-group\"><div class=\"wp-block-group__inner-container is-layout-constrained wp-block-group-is-layout-constrained\">\n<div class=\"wp-block-file\"><a id=\"wp-block-file--media-d601baf8-9158-437f-8b59-fe53de19ba47\" href=\"https:\/\/tzedeksocialjusticefund.org\/wp-content\/uploads\/2025\/09\/2025-CLGC-Submittable-Application_ESP.pdf\">2025 CLGC Submittable Application_ESP<\/a><a href=\"https:\/\/tzedeksocialjusticefund.org\/wp-content\/uploads\/2025\/09\/2025-CLGC-Submittable-Application_ESP.pdf\" class=\"wp-block-file__button wp-element-button\" download aria-describedby=\"wp-block-file--media-d601baf8-9158-437f-8b59-fe53de19ba47\">Descargar<\/a><\/div>\n<\/div><\/div>\n<\/details>\n","protected":false},"excerpt":{"rendered":"<p>\u00bfQUI\u00c9N es Tzedek? El Fondo de Justicia Social de Tzedek (Tzedek) ha estado apoyando el trabajo de justicia social de organizaciones de base, colectivos y cooperativas, organizaciones sin fines de lucro y\u2026<\/p>\n<p class=\"readmore\"><a class=\"cta\" href=\"https:\/\/tzedeksocialjusticefund.org\/es\/a-quien-financiamos\/concesion-de-subvenciones-dirigida-por-la-comunidad\/solicitud-de-propuesta-de-clg-2025\/\">Lee M\u00e1s<\/a><\/p>\n","protected":false},"author":10,"featured_media":8320,"parent":8304,"menu_order":0,"comment_status":"closed","ping_status":"closed","template":"","meta":{"_acf_changed":false,"_exactmetrics_skip_tracking":false,"_exactmetrics_sitenote_active":false,"_exactmetrics_sitenote_note":"","_exactmetrics_sitenote_category":0,"_genesis_hide_title":false,"_genesis_hide_breadcrumbs":false,"_genesis_hide_singular_image":false,"_genesis_hide_footer_widgets":false,"_genesis_custom_body_class":"","_genesis_custom_post_class":"","_genesis_layout":"","footnotes":""},"class_list":{"0":"post-8345","1":"page","2":"type-page","3":"status-publish","4":"has-post-thumbnail","6":"entry"},"acf":[],"yoast_head":"<!-- This site is optimized with the Yoast SEO plugin v27.5 - https:\/\/yoast.com\/product\/yoast-seo-wordpress\/ -->\n<title>Solicitud de propuesta de CLG 2025 - Tzedek Social Justice Fund<\/title>\n<meta name=\"robots\" content=\"index, follow, max-snippet:-1, max-image-preview:large, max-video-preview:-1\" \/>\n<link rel=\"canonical\" href=\"https:\/\/tzedeksocialjusticefund.org\/es\/a-quien-financiamos\/concesion-de-subvenciones-dirigida-por-la-comunidad\/solicitud-de-propuesta-de-clg-2025\/\" \/>\n<meta property=\"og:locale\" content=\"es_ES\" \/>\n<meta property=\"og:type\" content=\"article\" \/>\n<meta property=\"og:title\" content=\"Solicitud de propuesta de CLG 2025 - Tzedek Social Justice Fund\" \/>\n<meta property=\"og:description\" content=\"\u00bfQUI\u00c9N es Tzedek? El Fondo de Justicia Social de Tzedek (Tzedek) ha estado apoyando el trabajo de justicia social de organizaciones de base, colectivos y cooperativas, organizaciones sin fines de lucro y\u2026Lee M\u00e1s\" \/>\n<meta property=\"og:url\" content=\"https:\/\/tzedeksocialjusticefund.org\/es\/a-quien-financiamos\/concesion-de-subvenciones-dirigida-por-la-comunidad\/solicitud-de-propuesta-de-clg-2025\/\" \/>\n<meta property=\"og:site_name\" content=\"Tzedek Social Justice Fund\" \/>\n<meta property=\"article:publisher\" content=\"https:\/\/www.facebook.com\/tzedeksocialjusticefund\" \/>\n<meta property=\"article:modified_time\" content=\"2025-09-01T15:18:28+00:00\" \/>\n<meta property=\"og:image\" content=\"https:\/\/tzedeksocialjusticefund.org\/wp-content\/uploads\/2025\/08\/Feature-Image-SP-1.png\" \/>\n\t<meta property=\"og:image:width\" content=\"1200\" \/>\n\t<meta property=\"og:image:height\" content=\"630\" \/>\n\t<meta property=\"og:image:type\" content=\"image\/png\" \/>\n<meta name=\"twitter:card\" content=\"summary_large_image\" \/>\n<meta name=\"twitter:label1\" content=\"Tiempo de lectura\" \/>\n\t<meta name=\"twitter:data1\" content=\"1 minuto\" \/>\n<script type=\"application\/ld+json\" class=\"yoast-schema-graph\">{\"@context\":\"https:\\\/\\\/schema.org\",\"@graph\":[{\"@type\":\"WebPage\",\"@id\":\"https:\\\/\\\/tzedeksocialjusticefund.org\\\/es\\\/a-quien-financiamos\\\/concesion-de-subvenciones-dirigida-por-la-comunidad\\\/solicitud-de-propuesta-de-clg-2025\\\/\",\"url\":\"https:\\\/\\\/tzedeksocialjusticefund.org\\\/es\\\/a-quien-financiamos\\\/concesion-de-subvenciones-dirigida-por-la-comunidad\\\/solicitud-de-propuesta-de-clg-2025\\\/\",\"name\":\"Solicitud de propuesta de CLG 2025 - Tzedek Social Justice Fund\",\"isPartOf\":{\"@id\":\"https:\\\/\\\/tzedeksocialjusticefund.org\\\/es\\\/#website\"},\"primaryImageOfPage\":{\"@id\":\"https:\\\/\\\/tzedeksocialjusticefund.org\\\/es\\\/a-quien-financiamos\\\/concesion-de-subvenciones-dirigida-por-la-comunidad\\\/solicitud-de-propuesta-de-clg-2025\\\/#primaryimage\"},\"image\":{\"@id\":\"https:\\\/\\\/tzedeksocialjusticefund.org\\\/es\\\/a-quien-financiamos\\\/concesion-de-subvenciones-dirigida-por-la-comunidad\\\/solicitud-de-propuesta-de-clg-2025\\\/#primaryimage\"},\"thumbnailUrl\":\"https:\\\/\\\/tzedeksocialjusticefund.org\\\/wp-content\\\/uploads\\\/2025\\\/08\\\/Feature-Image-SP-1.png\",\"datePublished\":\"2025-09-01T09:00:47+00:00\",\"dateModified\":\"2025-09-01T15:18:28+00:00\",\"breadcrumb\":{\"@id\":\"https:\\\/\\\/tzedeksocialjusticefund.org\\\/es\\\/a-quien-financiamos\\\/concesion-de-subvenciones-dirigida-por-la-comunidad\\\/solicitud-de-propuesta-de-clg-2025\\\/#breadcrumb\"},\"inLanguage\":\"es\",\"potentialAction\":[{\"@type\":\"ReadAction\",\"target\":[\"https:\\\/\\\/tzedeksocialjusticefund.org\\\/es\\\/a-quien-financiamos\\\/concesion-de-subvenciones-dirigida-por-la-comunidad\\\/solicitud-de-propuesta-de-clg-2025\\\/\"]}]},{\"@type\":\"ImageObject\",\"inLanguage\":\"es\",\"@id\":\"https:\\\/\\\/tzedeksocialjusticefund.org\\\/es\\\/a-quien-financiamos\\\/concesion-de-subvenciones-dirigida-por-la-comunidad\\\/solicitud-de-propuesta-de-clg-2025\\\/#primaryimage\",\"url\":\"https:\\\/\\\/tzedeksocialjusticefund.org\\\/wp-content\\\/uploads\\\/2025\\\/08\\\/Feature-Image-SP-1.png\",\"contentUrl\":\"https:\\\/\\\/tzedeksocialjusticefund.org\\\/wp-content\\\/uploads\\\/2025\\\/08\\\/Feature-Image-SP-1.png\",\"width\":1200,\"height\":630},{\"@type\":\"BreadcrumbList\",\"@id\":\"https:\\\/\\\/tzedeksocialjusticefund.org\\\/es\\\/a-quien-financiamos\\\/concesion-de-subvenciones-dirigida-por-la-comunidad\\\/solicitud-de-propuesta-de-clg-2025\\\/#breadcrumb\",\"itemListElement\":[{\"@type\":\"ListItem\",\"position\":1,\"name\":\"Home\",\"item\":\"https:\\\/\\\/tzedeksocialjusticefund.org\\\/es\\\/\"},{\"@type\":\"ListItem\",\"position\":2,\"name\":\"A Qui\u00e9n Financiamos\",\"item\":\"https:\\\/\\\/tzedeksocialjusticefund.org\\\/es\\\/a-quien-financiamos\\\/\"},{\"@type\":\"ListItem\",\"position\":3,\"name\":\"Concesi\u00f3n de subvenciones dirigida por la comunidad\",\"item\":\"https:\\\/\\\/tzedeksocialjusticefund.org\\\/es\\\/a-quien-financiamos\\\/concesion-de-subvenciones-dirigida-por-la-comunidad\\\/\"},{\"@type\":\"ListItem\",\"position\":4,\"name\":\"Solicitud de propuesta de CLG 2025\"}]},{\"@type\":\"WebSite\",\"@id\":\"https:\\\/\\\/tzedeksocialjusticefund.org\\\/es\\\/#website\",\"url\":\"https:\\\/\\\/tzedeksocialjusticefund.org\\\/es\\\/\",\"name\":\"Tzedek Social Justice Fund\",\"description\":\"Growing Leaders to Build Change\",\"publisher\":{\"@id\":\"https:\\\/\\\/tzedeksocialjusticefund.org\\\/es\\\/#organization\"},\"potentialAction\":[{\"@type\":\"SearchAction\",\"target\":{\"@type\":\"EntryPoint\",\"urlTemplate\":\"https:\\\/\\\/tzedeksocialjusticefund.org\\\/es\\\/?s={search_term_string}\"},\"query-input\":{\"@type\":\"PropertyValueSpecification\",\"valueRequired\":true,\"valueName\":\"search_term_string\"}}],\"inLanguage\":\"es\"},{\"@type\":\"Organization\",\"@id\":\"https:\\\/\\\/tzedeksocialjusticefund.org\\\/es\\\/#organization\",\"name\":\"Tzedek Social Justice Fund\",\"url\":\"https:\\\/\\\/tzedeksocialjusticefund.org\\\/es\\\/\",\"logo\":{\"@type\":\"ImageObject\",\"inLanguage\":\"es\",\"@id\":\"https:\\\/\\\/tzedeksocialjusticefund.org\\\/es\\\/#\\\/schema\\\/logo\\\/image\\\/\",\"url\":\"https:\\\/\\\/tzedeksocialjusticefund.org\\\/wp-content\\\/uploads\\\/2022\\\/06\\\/Tzedek-Logo-Color.png\",\"contentUrl\":\"https:\\\/\\\/tzedeksocialjusticefund.org\\\/wp-content\\\/uploads\\\/2022\\\/06\\\/Tzedek-Logo-Color.png\",\"width\":817,\"height\":406,\"caption\":\"Tzedek Social Justice Fund\"},\"image\":{\"@id\":\"https:\\\/\\\/tzedeksocialjusticefund.org\\\/es\\\/#\\\/schema\\\/logo\\\/image\\\/\"},\"sameAs\":[\"https:\\\/\\\/www.facebook.com\\\/tzedeksocialjusticefund\",\"https:\\\/\\\/www.instagram.com\\\/tzedeksocialjusticefund\\\/\",\"https:\\\/\\\/www.linkedin.com\\\/company\\\/tzedek-social-justice-fund\\\/\",\"https:\\\/\\\/www.youtube.com\\\/channel\\\/UCNpiSO2h1wtDOwbJoCJUzJQ\"]}]}<\/script>\n<!-- \/ Yoast SEO plugin. -->","yoast_head_json":{"title":"Solicitud de propuesta de CLG 2025 - Tzedek Social Justice Fund","robots":{"index":"index","follow":"follow","max-snippet":"max-snippet:-1","max-image-preview":"max-image-preview:large","max-video-preview":"max-video-preview:-1"},"canonical":"https:\/\/tzedeksocialjusticefund.org\/es\/a-quien-financiamos\/concesion-de-subvenciones-dirigida-por-la-comunidad\/solicitud-de-propuesta-de-clg-2025\/","og_locale":"es_ES","og_type":"article","og_title":"Solicitud de propuesta de CLG 2025 - Tzedek Social Justice Fund","og_description":"\u00bfQUI\u00c9N es Tzedek? El Fondo de Justicia Social de Tzedek (Tzedek) ha estado apoyando el trabajo de justicia social de organizaciones de base, colectivos y cooperativas, organizaciones sin fines de lucro y\u2026Lee M\u00e1s","og_url":"https:\/\/tzedeksocialjusticefund.org\/es\/a-quien-financiamos\/concesion-de-subvenciones-dirigida-por-la-comunidad\/solicitud-de-propuesta-de-clg-2025\/","og_site_name":"Tzedek Social Justice Fund","article_publisher":"https:\/\/www.facebook.com\/tzedeksocialjusticefund","article_modified_time":"2025-09-01T15:18:28+00:00","og_image":[{"width":1200,"height":630,"url":"https:\/\/tzedeksocialjusticefund.org\/wp-content\/uploads\/2025\/08\/Feature-Image-SP-1.png","type":"image\/png"}],"twitter_card":"summary_large_image","twitter_misc":{"Tiempo de lectura":"1 minuto"},"schema":{"@context":"https:\/\/schema.org","@graph":[{"@type":"WebPage","@id":"https:\/\/tzedeksocialjusticefund.org\/es\/a-quien-financiamos\/concesion-de-subvenciones-dirigida-por-la-comunidad\/solicitud-de-propuesta-de-clg-2025\/","url":"https:\/\/tzedeksocialjusticefund.org\/es\/a-quien-financiamos\/concesion-de-subvenciones-dirigida-por-la-comunidad\/solicitud-de-propuesta-de-clg-2025\/","name":"Solicitud de propuesta de CLG 2025 - Tzedek Social Justice Fund","isPartOf":{"@id":"https:\/\/tzedeksocialjusticefund.org\/es\/#website"},"primaryImageOfPage":{"@id":"https:\/\/tzedeksocialjusticefund.org\/es\/a-quien-financiamos\/concesion-de-subvenciones-dirigida-por-la-comunidad\/solicitud-de-propuesta-de-clg-2025\/#primaryimage"},"image":{"@id":"https:\/\/tzedeksocialjusticefund.org\/es\/a-quien-financiamos\/concesion-de-subvenciones-dirigida-por-la-comunidad\/solicitud-de-propuesta-de-clg-2025\/#primaryimage"},"thumbnailUrl":"https:\/\/tzedeksocialjusticefund.org\/wp-content\/uploads\/2025\/08\/Feature-Image-SP-1.png","datePublished":"2025-09-01T09:00:47+00:00","dateModified":"2025-09-01T15:18:28+00:00","breadcrumb":{"@id":"https:\/\/tzedeksocialjusticefund.org\/es\/a-quien-financiamos\/concesion-de-subvenciones-dirigida-por-la-comunidad\/solicitud-de-propuesta-de-clg-2025\/#breadcrumb"},"inLanguage":"es","potentialAction":[{"@type":"ReadAction","target":["https:\/\/tzedeksocialjusticefund.org\/es\/a-quien-financiamos\/concesion-de-subvenciones-dirigida-por-la-comunidad\/solicitud-de-propuesta-de-clg-2025\/"]}]},{"@type":"ImageObject","inLanguage":"es","@id":"https:\/\/tzedeksocialjusticefund.org\/es\/a-quien-financiamos\/concesion-de-subvenciones-dirigida-por-la-comunidad\/solicitud-de-propuesta-de-clg-2025\/#primaryimage","url":"https:\/\/tzedeksocialjusticefund.org\/wp-content\/uploads\/2025\/08\/Feature-Image-SP-1.png","contentUrl":"https:\/\/tzedeksocialjusticefund.org\/wp-content\/uploads\/2025\/08\/Feature-Image-SP-1.png","width":1200,"height":630},{"@type":"BreadcrumbList","@id":"https:\/\/tzedeksocialjusticefund.org\/es\/a-quien-financiamos\/concesion-de-subvenciones-dirigida-por-la-comunidad\/solicitud-de-propuesta-de-clg-2025\/#breadcrumb","itemListElement":[{"@type":"ListItem","position":1,"name":"Home","item":"https:\/\/tzedeksocialjusticefund.org\/es\/"},{"@type":"ListItem","position":2,"name":"A Qui\u00e9n Financiamos","item":"https:\/\/tzedeksocialjusticefund.org\/es\/a-quien-financiamos\/"},{"@type":"ListItem","position":3,"name":"Concesi\u00f3n de subvenciones dirigida por la comunidad","item":"https:\/\/tzedeksocialjusticefund.org\/es\/a-quien-financiamos\/concesion-de-subvenciones-dirigida-por-la-comunidad\/"},{"@type":"ListItem","position":4,"name":"Solicitud de propuesta de CLG 2025"}]},{"@type":"WebSite","@id":"https:\/\/tzedeksocialjusticefund.org\/es\/#website","url":"https:\/\/tzedeksocialjusticefund.org\/es\/","name":"Tzedek Social Justice Fund","description":"Growing Leaders to Build Change","publisher":{"@id":"https:\/\/tzedeksocialjusticefund.org\/es\/#organization"},"potentialAction":[{"@type":"SearchAction","target":{"@type":"EntryPoint","urlTemplate":"https:\/\/tzedeksocialjusticefund.org\/es\/?s={search_term_string}"},"query-input":{"@type":"PropertyValueSpecification","valueRequired":true,"valueName":"search_term_string"}}],"inLanguage":"es"},{"@type":"Organization","@id":"https:\/\/tzedeksocialjusticefund.org\/es\/#organization","name":"Tzedek Social Justice Fund","url":"https:\/\/tzedeksocialjusticefund.org\/es\/","logo":{"@type":"ImageObject","inLanguage":"es","@id":"https:\/\/tzedeksocialjusticefund.org\/es\/#\/schema\/logo\/image\/","url":"https:\/\/tzedeksocialjusticefund.org\/wp-content\/uploads\/2022\/06\/Tzedek-Logo-Color.png","contentUrl":"https:\/\/tzedeksocialjusticefund.org\/wp-content\/uploads\/2022\/06\/Tzedek-Logo-Color.png","width":817,"height":406,"caption":"Tzedek Social Justice Fund"},"image":{"@id":"https:\/\/tzedeksocialjusticefund.org\/es\/#\/schema\/logo\/image\/"},"sameAs":["https:\/\/www.facebook.com\/tzedeksocialjusticefund","https:\/\/www.instagram.com\/tzedeksocialjusticefund\/","https:\/\/www.linkedin.com\/company\/tzedek-social-justice-fund\/","https:\/\/www.youtube.com\/channel\/UCNpiSO2h1wtDOwbJoCJUzJQ"]}]}},"_links":{"self":[{"href":"https:\/\/tzedeksocialjusticefund.org\/es\/wp-json\/wp\/v2\/pages\/8345","targetHints":{"allow":["GET"]}}],"collection":[{"href":"https:\/\/tzedeksocialjusticefund.org\/es\/wp-json\/wp\/v2\/pages"}],"about":[{"href":"https:\/\/tzedeksocialjusticefund.org\/es\/wp-json\/wp\/v2\/types\/page"}],"author":[{"embeddable":true,"href":"https:\/\/tzedeksocialjusticefund.org\/es\/wp-json\/wp\/v2\/users\/10"}],"replies":[{"embeddable":true,"href":"https:\/\/tzedeksocialjusticefund.org\/es\/wp-json\/wp\/v2\/comments?post=8345"}],"version-history":[{"count":0,"href":"https:\/\/tzedeksocialjusticefund.org\/es\/wp-json\/wp\/v2\/pages\/8345\/revisions"}],"up":[{"embeddable":true,"href":"https:\/\/tzedeksocialjusticefund.org\/es\/wp-json\/wp\/v2\/pages\/8304"}],"wp:featuredmedia":[{"embeddable":true,"href":"https:\/\/tzedeksocialjusticefund.org\/es\/wp-json\/wp\/v2\/media\/8320"}],"wp:attachment":[{"href":"https:\/\/tzedeksocialjusticefund.org\/es\/wp-json\/wp\/v2\/media?parent=8345"}],"curies":[{"name":"wp","href":"https:\/\/api.w.org\/{rel}","templated":true}]}}