{"id":6861,"date":"2021-10-27T17:35:32","date_gmt":"2021-10-27T21:35:32","guid":{"rendered":"http:\/\/tzedeksocialjusticefund.org\/?page_id=6861"},"modified":"2023-01-15T18:55:21","modified_gmt":"2023-01-15T23:55:21","slug":"que-es-unx-defensorx-de-solicitud","status":"publish","type":"page","link":"https:\/\/tzedeksocialjusticefund.org\/es\/que-es-unx-defensorx-de-solicitud\/","title":{"rendered":"\u00bfQu\u00e9 es une Defensore de Solicitud?"},"content":{"rendered":"\n<p>A trav\u00e9s del proceso de solicitud, ciertes Becarios de Concesi\u00f3n de Becas Tzedek servir\u00e1n como <strong>defensores de solicitud<\/strong>. Les defensores de solicitud est\u00e1n disponibles para apoyarte a trav\u00e9s de todos los aspectos del proceso de solicitud. Si prefieres tener una conversaci\u00f3n con un une defensore de solicitud en lugar de completar la solicitud en l\u00ednea, por favor comun\u00edcate con nosotres al <a href=\"mailto:brilliance@tzedeksocialjusticefund.org\" target=\"_blank\" rel=\"noreferrer noopener\">brilliance@tzedeksocialjusticefund.org<\/a>.<\/p>\n\n\n\n<h4 class=\"wp-block-heading\">El papel del defensore de solicitud:\u00a0<\/h4>\n\n\n\n<ul class=\"wp-block-list\"><li>Sirve como une traductore de la comunidad para el proceso de solicitud, proporcionando accesibilidad de idioma, apoyo tecnol\u00f3gico, y un mayor acceso a la solicitud y todos sus componentes variables para la comunidad que est\u00e1 pidiendo la concesi\u00f3n\u00a0<\/li><li>Se re\u00fane regularmente con miembres de la comunidad durante el proceso abierto de la solicitud para revisar y ajustar lo que la solicitud pide a seg\u00fan sea necesario\u00a0\u00a0<\/li><li>Actualiza a y se comunica con les otres Becaries y con Tzedek a seg\u00fan sea necesario con informaci\u00f3n de las reuniones con la comunidad\u00a0<\/li><li>Crea conexi\u00f3n entre varias comunidades durante el proceso (si es relevante)\u00a0<\/li><li>Documenta y comunica cualquier preocupaci\u00f3n y\/o retroalimentaci\u00f3n de les miembres de la comunidad a les Becaries y a Tzedek<\/li><li>Mantiene y actualiza toda la informaci\u00f3n sobre y de parte de les solicitantes hasta que cierre la fecha l\u00edmite de la solicitud<\/li><li>Une Defensore se debe retirar de decisiones que involucren concesiones dadas a las comunidades que representan<\/li><\/ul>\n","protected":false},"excerpt":{"rendered":"<p>A trav\u00e9s del proceso de solicitud, ciertes Becarios de Concesi\u00f3n de Becas Tzedek servir\u00e1n como defensores de solicitud. Les defensores de solicitud est\u00e1n disponibles para apoyarte a trav\u00e9s de todos los aspectos\u2026<\/p>\n<p class=\"readmore\"><a class=\"cta\" href=\"https:\/\/tzedeksocialjusticefund.org\/es\/que-es-unx-defensorx-de-solicitud\/\">Lee M\u00e1s<\/a><\/p>\n","protected":false},"author":7,"featured_media":0,"parent":0,"menu_order":0,"comment_status":"closed","ping_status":"closed","template":"","meta":{"_acf_changed":false,"_exactmetrics_skip_tracking":false,"_exactmetrics_sitenote_active":false,"_exactmetrics_sitenote_note":"","_exactmetrics_sitenote_category":0,"_genesis_hide_title":false,"_genesis_hide_breadcrumbs":false,"_genesis_hide_singular_image":false,"_genesis_hide_footer_widgets":false,"_genesis_custom_body_class":"","_genesis_custom_post_class":"","_genesis_layout":"","footnotes":""},"class_list":{"0":"post-6861","1":"page","2":"type-page","3":"status-publish","5":"entry"},"acf":[],"yoast_head":"<!-- This site is optimized with the Yoast SEO plugin v27.5 - https:\/\/yoast.com\/product\/yoast-seo-wordpress\/ -->\n<title>\u00bfQu\u00e9 es une Defensore de Solicitud? - Tzedek Social Justice Fund<\/title>\n<meta name=\"robots\" content=\"index, follow, max-snippet:-1, max-image-preview:large, max-video-preview:-1\" \/>\n<link rel=\"canonical\" href=\"https:\/\/tzedeksocialjusticefund.org\/es\/que-es-unx-defensorx-de-solicitud\/\" \/>\n<meta property=\"og:locale\" content=\"es_ES\" \/>\n<meta property=\"og:type\" content=\"article\" \/>\n<meta property=\"og:title\" content=\"\u00bfQu\u00e9 es une Defensore de Solicitud? - Tzedek Social Justice Fund\" \/>\n<meta property=\"og:description\" content=\"A trav\u00e9s del proceso de solicitud, ciertes Becarios de Concesi\u00f3n de Becas Tzedek servir\u00e1n como defensores de solicitud. Les defensores de solicitud est\u00e1n disponibles para apoyarte a trav\u00e9s de todos los aspectos\u2026Lee M\u00e1s\" \/>\n<meta property=\"og:url\" content=\"https:\/\/tzedeksocialjusticefund.org\/es\/que-es-unx-defensorx-de-solicitud\/\" \/>\n<meta property=\"og:site_name\" content=\"Tzedek Social Justice Fund\" \/>\n<meta property=\"article:publisher\" content=\"https:\/\/www.facebook.com\/tzedeksocialjusticefund\" \/>\n<meta property=\"article:modified_time\" content=\"2023-01-15T23:55:21+00:00\" \/>\n<meta name=\"twitter:card\" content=\"summary_large_image\" \/>\n<meta name=\"twitter:label1\" content=\"Tiempo de lectura\" \/>\n\t<meta name=\"twitter:data1\" content=\"1 minuto\" \/>\n<script type=\"application\/ld+json\" class=\"yoast-schema-graph\">{\"@context\":\"https:\\\/\\\/schema.org\",\"@graph\":[{\"@type\":\"WebPage\",\"@id\":\"https:\\\/\\\/tzedeksocialjusticefund.org\\\/es\\\/que-es-unx-defensorx-de-solicitud\\\/\",\"url\":\"https:\\\/\\\/tzedeksocialjusticefund.org\\\/es\\\/que-es-unx-defensorx-de-solicitud\\\/\",\"name\":\"\u00bfQu\u00e9 es une Defensore de Solicitud? - Tzedek Social Justice Fund\",\"isPartOf\":{\"@id\":\"https:\\\/\\\/tzedeksocialjusticefund.org\\\/es\\\/#website\"},\"datePublished\":\"2021-10-27T21:35:32+00:00\",\"dateModified\":\"2023-01-15T23:55:21+00:00\",\"breadcrumb\":{\"@id\":\"https:\\\/\\\/tzedeksocialjusticefund.org\\\/es\\\/que-es-unx-defensorx-de-solicitud\\\/#breadcrumb\"},\"inLanguage\":\"es\",\"potentialAction\":[{\"@type\":\"ReadAction\",\"target\":[\"https:\\\/\\\/tzedeksocialjusticefund.org\\\/es\\\/que-es-unx-defensorx-de-solicitud\\\/\"]}]},{\"@type\":\"BreadcrumbList\",\"@id\":\"https:\\\/\\\/tzedeksocialjusticefund.org\\\/es\\\/que-es-unx-defensorx-de-solicitud\\\/#breadcrumb\",\"itemListElement\":[{\"@type\":\"ListItem\",\"position\":1,\"name\":\"Home\",\"item\":\"https:\\\/\\\/tzedeksocialjusticefund.org\\\/es\\\/\"},{\"@type\":\"ListItem\",\"position\":2,\"name\":\"\u00bfQu\u00e9 es une Defensore de Solicitud?\"}]},{\"@type\":\"WebSite\",\"@id\":\"https:\\\/\\\/tzedeksocialjusticefund.org\\\/es\\\/#website\",\"url\":\"https:\\\/\\\/tzedeksocialjusticefund.org\\\/es\\\/\",\"name\":\"Tzedek Social Justice Fund\",\"description\":\"Growing Leaders to Build Change\",\"publisher\":{\"@id\":\"https:\\\/\\\/tzedeksocialjusticefund.org\\\/es\\\/#organization\"},\"potentialAction\":[{\"@type\":\"SearchAction\",\"target\":{\"@type\":\"EntryPoint\",\"urlTemplate\":\"https:\\\/\\\/tzedeksocialjusticefund.org\\\/es\\\/?s={search_term_string}\"},\"query-input\":{\"@type\":\"PropertyValueSpecification\",\"valueRequired\":true,\"valueName\":\"search_term_string\"}}],\"inLanguage\":\"es\"},{\"@type\":\"Organization\",\"@id\":\"https:\\\/\\\/tzedeksocialjusticefund.org\\\/es\\\/#organization\",\"name\":\"Tzedek Social Justice Fund\",\"url\":\"https:\\\/\\\/tzedeksocialjusticefund.org\\\/es\\\/\",\"logo\":{\"@type\":\"ImageObject\",\"inLanguage\":\"es\",\"@id\":\"https:\\\/\\\/tzedeksocialjusticefund.org\\\/es\\\/#\\\/schema\\\/logo\\\/image\\\/\",\"url\":\"https:\\\/\\\/tzedeksocialjusticefund.org\\\/wp-content\\\/uploads\\\/2022\\\/06\\\/Tzedek-Logo-Color.png\",\"contentUrl\":\"https:\\\/\\\/tzedeksocialjusticefund.org\\\/wp-content\\\/uploads\\\/2022\\\/06\\\/Tzedek-Logo-Color.png\",\"width\":817,\"height\":406,\"caption\":\"Tzedek Social Justice Fund\"},\"image\":{\"@id\":\"https:\\\/\\\/tzedeksocialjusticefund.org\\\/es\\\/#\\\/schema\\\/logo\\\/image\\\/\"},\"sameAs\":[\"https:\\\/\\\/www.facebook.com\\\/tzedeksocialjusticefund\",\"https:\\\/\\\/www.instagram.com\\\/tzedeksocialjusticefund\\\/\",\"https:\\\/\\\/www.linkedin.com\\\/company\\\/tzedek-social-justice-fund\\\/\",\"https:\\\/\\\/www.youtube.com\\\/channel\\\/UCNpiSO2h1wtDOwbJoCJUzJQ\"]}]}<\/script>\n<!-- \/ Yoast SEO plugin. -->","yoast_head_json":{"title":"\u00bfQu\u00e9 es une Defensore de Solicitud? - Tzedek Social Justice Fund","robots":{"index":"index","follow":"follow","max-snippet":"max-snippet:-1","max-image-preview":"max-image-preview:large","max-video-preview":"max-video-preview:-1"},"canonical":"https:\/\/tzedeksocialjusticefund.org\/es\/que-es-unx-defensorx-de-solicitud\/","og_locale":"es_ES","og_type":"article","og_title":"\u00bfQu\u00e9 es une Defensore de Solicitud? - Tzedek Social Justice Fund","og_description":"A trav\u00e9s del proceso de solicitud, ciertes Becarios de Concesi\u00f3n de Becas Tzedek servir\u00e1n como defensores de solicitud. Les defensores de solicitud est\u00e1n disponibles para apoyarte a trav\u00e9s de todos los aspectos\u2026Lee M\u00e1s","og_url":"https:\/\/tzedeksocialjusticefund.org\/es\/que-es-unx-defensorx-de-solicitud\/","og_site_name":"Tzedek Social Justice Fund","article_publisher":"https:\/\/www.facebook.com\/tzedeksocialjusticefund","article_modified_time":"2023-01-15T23:55:21+00:00","twitter_card":"summary_large_image","twitter_misc":{"Tiempo de lectura":"1 minuto"},"schema":{"@context":"https:\/\/schema.org","@graph":[{"@type":"WebPage","@id":"https:\/\/tzedeksocialjusticefund.org\/es\/que-es-unx-defensorx-de-solicitud\/","url":"https:\/\/tzedeksocialjusticefund.org\/es\/que-es-unx-defensorx-de-solicitud\/","name":"\u00bfQu\u00e9 es une Defensore de Solicitud? - Tzedek Social Justice Fund","isPartOf":{"@id":"https:\/\/tzedeksocialjusticefund.org\/es\/#website"},"datePublished":"2021-10-27T21:35:32+00:00","dateModified":"2023-01-15T23:55:21+00:00","breadcrumb":{"@id":"https:\/\/tzedeksocialjusticefund.org\/es\/que-es-unx-defensorx-de-solicitud\/#breadcrumb"},"inLanguage":"es","potentialAction":[{"@type":"ReadAction","target":["https:\/\/tzedeksocialjusticefund.org\/es\/que-es-unx-defensorx-de-solicitud\/"]}]},{"@type":"BreadcrumbList","@id":"https:\/\/tzedeksocialjusticefund.org\/es\/que-es-unx-defensorx-de-solicitud\/#breadcrumb","itemListElement":[{"@type":"ListItem","position":1,"name":"Home","item":"https:\/\/tzedeksocialjusticefund.org\/es\/"},{"@type":"ListItem","position":2,"name":"\u00bfQu\u00e9 es une Defensore de Solicitud?"}]},{"@type":"WebSite","@id":"https:\/\/tzedeksocialjusticefund.org\/es\/#website","url":"https:\/\/tzedeksocialjusticefund.org\/es\/","name":"Tzedek Social Justice Fund","description":"Growing Leaders to Build Change","publisher":{"@id":"https:\/\/tzedeksocialjusticefund.org\/es\/#organization"},"potentialAction":[{"@type":"SearchAction","target":{"@type":"EntryPoint","urlTemplate":"https:\/\/tzedeksocialjusticefund.org\/es\/?s={search_term_string}"},"query-input":{"@type":"PropertyValueSpecification","valueRequired":true,"valueName":"search_term_string"}}],"inLanguage":"es"},{"@type":"Organization","@id":"https:\/\/tzedeksocialjusticefund.org\/es\/#organization","name":"Tzedek Social Justice Fund","url":"https:\/\/tzedeksocialjusticefund.org\/es\/","logo":{"@type":"ImageObject","inLanguage":"es","@id":"https:\/\/tzedeksocialjusticefund.org\/es\/#\/schema\/logo\/image\/","url":"https:\/\/tzedeksocialjusticefund.org\/wp-content\/uploads\/2022\/06\/Tzedek-Logo-Color.png","contentUrl":"https:\/\/tzedeksocialjusticefund.org\/wp-content\/uploads\/2022\/06\/Tzedek-Logo-Color.png","width":817,"height":406,"caption":"Tzedek Social Justice Fund"},"image":{"@id":"https:\/\/tzedeksocialjusticefund.org\/es\/#\/schema\/logo\/image\/"},"sameAs":["https:\/\/www.facebook.com\/tzedeksocialjusticefund","https:\/\/www.instagram.com\/tzedeksocialjusticefund\/","https:\/\/www.linkedin.com\/company\/tzedek-social-justice-fund\/","https:\/\/www.youtube.com\/channel\/UCNpiSO2h1wtDOwbJoCJUzJQ"]}]}},"_links":{"self":[{"href":"https:\/\/tzedeksocialjusticefund.org\/es\/wp-json\/wp\/v2\/pages\/6861","targetHints":{"allow":["GET"]}}],"collection":[{"href":"https:\/\/tzedeksocialjusticefund.org\/es\/wp-json\/wp\/v2\/pages"}],"about":[{"href":"https:\/\/tzedeksocialjusticefund.org\/es\/wp-json\/wp\/v2\/types\/page"}],"author":[{"embeddable":true,"href":"https:\/\/tzedeksocialjusticefund.org\/es\/wp-json\/wp\/v2\/users\/7"}],"replies":[{"embeddable":true,"href":"https:\/\/tzedeksocialjusticefund.org\/es\/wp-json\/wp\/v2\/comments?post=6861"}],"version-history":[{"count":0,"href":"https:\/\/tzedeksocialjusticefund.org\/es\/wp-json\/wp\/v2\/pages\/6861\/revisions"}],"wp:attachment":[{"href":"https:\/\/tzedeksocialjusticefund.org\/es\/wp-json\/wp\/v2\/media?parent=6861"}],"curies":[{"name":"wp","href":"https:\/\/api.w.org\/{rel}","templated":true}]}}