{"id":6806,"date":"2021-09-14T14:28:04","date_gmt":"2021-09-14T18:28:04","guid":{"rendered":"http:\/\/tzedeksocialjusticefund.org\/?page_id=6806"},"modified":"2021-09-14T15:11:56","modified_gmt":"2021-09-14T19:11:56","slug":"listas-para-verificar-el-alineamiento-de-las-becas","status":"publish","type":"page","link":"https:\/\/tzedeksocialjusticefund.org\/es\/listas-para-verificar-el-alineamiento-de-las-becas\/","title":{"rendered":"Listas para Verificar el Alineamiento de las Becas"},"content":{"rendered":"\n<p>Usamos la declaraci\u00f3n de misi\u00f3n, las \u00e1reas de enfoque y el plan estrat\u00e9gico del Fondo Tzedek para crear la Lista para Verificar las Becas y para operacionalizar las mismas.<\/p>\n\n\n\n<p>Tzedek utiliza esta herramienta en todo lo que tiene que ver con becas para evaluar el alineamiento y categorizar la evaluaci\u00f3n de nuestro trabajo de financiaci\u00f3n.<\/p>\n\n\n\n<p>Para tener acceso a las becas, las organizaciones e individuos deben cumplir con al menos uno de los criterios de alineamiento de misi\u00f3n, alineamiento de \u00e1reas de enfoque, alineamiento de liderazgo impactado, alineamiento con el impacto dentro de Asheville, junto con todos los criterios de alineamiento de valores.<\/p>\n\n\n\n<h3 class=\"wp-block-heading\">ALINEAMIENTO DE MISI\u00d3N<\/h3>\n\n\n\n<p><em>Para tener acceso a las becas, las organizaciones e individuos deben cumplir con al menos uno de los criterios de cambio de sistemas o sanaci\u00f3n comunitaria.<\/em> Proporcionamos recursos y nos asociamos con organizaciones, iniciativas, colaboraciones y l\u00edderes que afrontan y han afrontado las causas de fondo de la injusticia racial, LGBTQ y antijud\u00eda, y que participan en el trabajo de <strong>cambio de sistemas<\/strong> al:<\/p>\n\n\n\n<ul class=\"wp-block-list\"><li><strong>Pol\u00edticas de Cambio<\/strong>. Cambiar las pol\u00edticas, las pr\u00e1cticas institucionales y las leyes que tienen un impacto importante en la vida y las experiencias de las personas LGBTQ, BIPOC y Jud\u00edas<\/li><li><strong>Cambio Cultural.<\/strong> Influir en el cambio cultural que promueve narrativas, pr\u00e1cticas, comportamientos y actitudes positivas y que afirman la vida de las personas LGBTQ, BIPOC y Jud\u00edas\u00a0<\/li><li><strong>Modelos Alternativos. <\/strong>Innovar modelos y sistemas alternativos (de educaci\u00f3n, finanzas, vivienda, etc.) para satisfacer las necesidades b\u00e1sicas de las personas LGBTQ, BIPOC y Jud\u00edas<\/li><li><strong>Redistribuir, Innovar. <\/strong>Redistribuir y asignar dinero, as\u00ed como otros recursos, a las comunidades LGBTQ, BIPOC y Jud\u00edas e innovar pr\u00e1cticas filantr\u00f3picas para trasladar recursos<\/li><li><strong>Activar, Movilizar.<\/strong> Activar y movilizar a las comunidades Jud\u00edas, BIPOC, LGBTQ y aliadxs para organizar y abogar por la liberaci\u00f3n colectiva, al mismo tiempo que luchan contra el impacto y el legado de los sistemas de injusticia.<\/li><\/ul>\n\n\n\n<p>Proporcionamos recursos y nos asociamos con organizaciones, iniciativas, colaboraciones y l\u00edderes que tratan y han tratado con la <strong>sanaci\u00f3n comunitaria<\/strong> al:<\/p>\n\n\n\n<ul class=\"wp-block-list\"><li><strong>Necesidades Urgentes.<\/strong> Satisfacer las necesidades inmediatas que surgen debido a la desigualdad LGBTQ, la desigualdad racial y el antisemitismo a trav\u00e9s de la prestaci\u00f3n directa de servicios y la redistribuci\u00f3n de recursos<\/li><li><strong>Pr\u00e1cticas, Espacios.<\/strong> Crear pr\u00e1cticas, espacios y estrategias de sanaci\u00f3n que se definen a s\u00ed mismas para respaldar la seguridad colectiva, la sostenibilidad y el bienestar de las personas LGBTQ, BIPOC y Jud\u00edas<\/li><li><strong>Afirmar, Sanar los Da\u00f1os Causados.<\/strong> Crear espacios que se definen a s\u00ed mismos y oportunidades afirmativas dise\u00f1adas para sanar los da\u00f1os del trauma hist\u00f3rico y la injusticia de los sistemas de opresi\u00f3n a causa de los cuales sufren las personas LGBTQ, BIPOC y las Jud\u00edas<\/li><li><strong>Sanaci\u00f3n Directa, Redes.<\/strong> Proporcionar servicios de sanaci\u00f3n directa o crear redes de sanadorxs de comunidades espec\u00edficas<\/li><li><strong>Lidiar con los Conflictos. <\/strong>Lidiar con los conflictos y la lucha de forma transformadora para ayudar a las personas a acercarse, en lugar de alejarse<\/li><\/ul>\n\n\n\n<h3 class=\"wp-block-heading\">ALINEAMIENTO DE \u00c1REAS DE ENFOQUE<\/h3>\n\n\n\n<p><em>Para tener acceso a las becas, las organizaciones e individuos deben cumplir con al menos uno de los criterios de las \u00e1reas de enfoque.<\/em> Proporcionamos recursos y nos asociamos con organizaciones, iniciativas y colaboraciones que se centran en individuos y personas que se han enfocado en desmantelar al menos un sistema de injusticia, incluyendo:<\/p>\n\n\n\n<ul class=\"wp-block-list\"><li>El Nacionalismo blanco<\/li><li>El Antisemitismo<\/li><li>La Homofobia o el heterosexismo<\/li><li>La Transfobia<\/li><li>La Supremac\u00eda blanca o el racismo<\/li><li>La Xenofobia<\/li><\/ul>\n\n\n\n<h3 class=\"wp-block-heading\">ALINEAMIENTO DE LIDERAZGO IMPACTADO<\/h3>\n\n\n\n<p><em>Para tener acceso a las becas, las organizaciones e individuos deben cumplir con al menos uno de los criterios del liderazgo impactado.<\/em> Proporcionamos recursos y nos asociamos con organizaciones que:<\/p>\n\n\n\n<ul class=\"wp-block-list\"><li><strong>Apoyan:<\/strong> Reclutan, retienen y apoyan a l\u00edderes BIPOC, LGBTQ o Jud\u00edxs<\/li><li><strong>Lideran y Sirven:<\/strong> Las personas BIPOC, LGBTQ o Jud\u00edas son lxs l\u00edderes del trabajo que sirve y tienen un impacto en las comunidades BIPOC, LGBTQ y Jud\u00edas<\/li><\/ul>\n\n\n\n<p>Proporcionamos recursos y nos asociamos con individuos que han:<\/p>\n\n\n\n<ul class=\"wp-block-list\"><li>Utilizado la experiencia y la sabidur\u00eda adquiridas como personas BIPOC, LGBTQ o Jud\u00edas que se han visto directamente afectadas por los sistemas de injusticia para informar y moldear su trabajo<\/li><\/ul>\n\n\n\n<h3 class=\"wp-block-heading\">LINEAMIENTO CON EL IMPACTO DENTRO DE ASHEVILLE<\/h3>\n\n\n\n<p><em>Para tener acceso a las becas, las organizaciones e individuos deben cumplir con al menos uno de los criterios del impacto dentro de Asheville.<\/em> Somos un fondo basado en Asheville, NC que se enfoca en transformar el lugar donde vivimos y trabajamos. Proporcionamos recursos y nos asociamos con:<\/p>\n\n\n\n<ul class=\"wp-block-list\"><li>Organizaciones y l\u00edderes locales cuyo trabajo se enfoca y se ha enfocado en Asheville y sus alrededores (un radio de 30 millas al rededor del centro de Asheville)<\/li><li>Organizaciones regionales que apoyan los esfuerzos para lograr el cambio social basadas en Asheville por medio de cap\u00edtulos, organizadores o asociaciones activas con sede en Asheville<\/li><li>Organizaciones regionales y nacionales que tienen un impacto importante en la vida de las personas del \u00e1rea de Asheville por medio del trabajo de cambio de sistemas, como el cambio de pol\u00edtica y legal.<\/li><\/ul>\n\n\n\n<h3 class=\"wp-block-heading\">ALINEAMIENTO DE VALORES<\/h3>\n\n\n\n<p><em>Para tener acceso a las becas, las organizaciones e individuos deben cumplir con al menos uno de los criterios de valores que presentamos a continuaci\u00f3n.<\/em> Proporcionamos recursos y nos asociamos con organizaciones y l\u00edderes cuyo trabajo refleja y ha reflejado todos los valores y las pr\u00e1cticas organizativas que presentamos a continuaci\u00f3n:<\/p>\n\n\n\n<ul class=\"wp-block-list\"><li>Participaci\u00f3n comunitaria, basando su trabajo en el valor de persistencia y entablando conversaciones con partes interesadas de varios trasfondos.<\/li><li>Aprendizaje continuo, aprendiendo conforme trabajan y permitiendo que su an\u00e1lisis evolucione y crezca<\/li><li>Humildad al demostrar una gran receptividad a las experiencias de otras personas<\/li><li>Construcci\u00f3n de conexiones, buscando oportunidades para conectar y colaborar.<\/li><li>Cultivaci\u00f3n de relaciones valorando a las personas por qui\u00e9n son en su totalidad<\/li><li>Ideas sist\u00e9micas y estrategias innovadoras, trabajando para lidiar con las causas de fondo o asumiendo riesgos para lograr hacer cambios<\/li><li>Dar prioridad al liderazgo de base y de personas impactadas, trabajando para activar y centrar a la gente que se ven directamente impactadas por los sistemas de injusticia.<\/li><\/ul>\n\n\n\n<h3 class=\"wp-block-heading\">\u00bfQUI\u00c9N MOLDEA NUESTRAS IDEAS?<\/h3>\n\n\n\n<h4 class=\"wp-block-heading\">Sobre el Antisemitismo:<\/h4>\n\n\n\n<div class=\"wp-block-columns is-layout-flex wp-container-core-columns-is-layout-9d6595d7 wp-block-columns-is-layout-flex\">\n<div class=\"wp-block-column is-layout-flow wp-block-column-is-layout-flow\" style=\"flex-basis:33.33%\">\n<p><a href=\"https:\/\/www.howtofightantisemitism.com\/home#home-resources\">C\u00f3mo Luchar contra el Antisemitismo (en ingl\u00e9s)<\/a> de <em>Bend the Arc<\/em><\/p>\n<\/div>\n\n\n\n<div class=\"wp-block-column is-layout-flow wp-block-column-is-layout-flow\" style=\"flex-basis:33.33%\">\n<p><a href=\"https:\/\/www.politicalresearch.org\/2017\/06\/29\/skin-in-the-game-how-antisemitism-animates-white-nationalism\">Arriesgando el Pellejo: C\u00f3mo el Antisemitismo Estimula el Nacionalismo Blanco (en ingl\u00e9s)<\/a> de Eric Ward<\/p>\n<\/div>\n\n\n\n<div class=\"wp-block-column is-layout-flow wp-block-column-is-layout-flow\" style=\"flex-basis:33.33%\">\n<p><a href=\"https:\/\/www.jfrej.org\/assets\/uploads\/JFREJ-Understanding-Antisemitism-November-2017-v1-3-2.pdf\">Entendiendo el Antisemitismo (en ingl\u00e9s)<\/a> de Jud\u00edxs por la Justicia Racial y Econ\u00f3mica (JREJ, por sus siglas en ingl\u00e9s)<\/p>\n<\/div>\n<\/div>\n\n\n\n<h4 class=\"wp-block-heading\">Sobre la Justicia Racial:<\/h4>\n\n\n\n<div class=\"wp-block-columns is-layout-flex wp-container-core-columns-is-layout-9d6595d7 wp-block-columns-is-layout-flex\">\n<div class=\"wp-block-column is-layout-flow wp-block-column-is-layout-flow\" style=\"flex-basis:33.33%\">\n<p><a href=\"https:\/\/static1.squarespace.com\/static\/578fa7e3d482e9af82f8f507\/t\/5c1b08a50ebbe8eec9f38d21\/1545275564106\/REI+Groundwater+Approach.pdf\">El M\u00e9todo de Aguas Subterr\u00e1neas: Creando un Entendimiento Pr\u00e1ctico sobre el Racismo Estructural (en ingl\u00e9s)<\/a> de El Instituto por la Equidad Racial<\/p>\n<\/div>\n\n\n\n<div class=\"wp-block-column is-layout-flow wp-block-column-is-layout-flow\" style=\"flex-basis:33.33%\">\n<p><a href=\"http:\/\/www.blacksocialchange.org\/wp-content\/uploads\/2020\/05\/BSCFN_BLSCO_Report.pdf\">El Argumento para Financiar el Cambio Social Liderado por Personas Negras (en ingl\u00e9s)<\/a> de Una Sociedad Filantr\u00f3pica para las Comunidades Negras<\/p>\n<\/div>\n\n\n\n<div class=\"wp-block-column is-layout-flow wp-block-column-is-layout-flow\" style=\"flex-basis:33.33%\">\n<p><a href=\"https:\/\/racialequity.org\/wp-content\/uploads\/2020\/01\/GWARJL_15.pdf\">Concediendo Becas Usando un Lente de Justicia Racial (en ingl\u00e9s)<\/a> de la Iniciativa para la Equidad Racial en la Filantrop\u00eda<\/p>\n<\/div>\n<\/div>\n\n\n\n<h4 class=\"wp-block-heading\">Sobre la Justica LGBTQ:<\/h4>\n\n\n\n<div class=\"wp-block-columns is-layout-flex wp-container-core-columns-is-layout-9d6595d7 wp-block-columns-is-layout-flex\">\n<div class=\"wp-block-column is-layout-flow wp-block-column-is-layout-flow\" style=\"flex-basis:33.33%\">\n<p><a href=\"https:\/\/www.lgbtmap.org\/mapping-trans-equality\">Mapeando la Igualdad Transg\u00e9nero en EE.UU (en ingl\u00e9s)<\/a> del Proyecto para el Avance del Movimiento<\/p>\n<\/div>\n\n\n\n<div class=\"wp-block-column is-layout-flow wp-block-column-is-layout-flow\" style=\"flex-basis:33.33%\">\n<p><a href=\"https:\/\/www.lgbtmap.org\/2020-tally-report\">Mapeando la Igualdad de 2010 a 2020 (en ingl\u00e9s)<\/a> del Proyecto para el Avance del Movimiento<\/p>\n<\/div>\n\n\n\n<div class=\"wp-block-column is-layout-flow wp-block-column-is-layout-flow\" style=\"flex-basis:33.33%\">\n<p><a href=\"https:\/\/lgbtfunders.org\/research-item\/out-south-part-three\/\">Oportunidades para Financiar las Comunidades LGBT en el Sur (en ingl\u00e9s)<\/a> de <em>Out in the South<\/em><\/p>\n<\/div>\n<\/div>\n\n\n\n<h4 class=\"wp-block-heading\">Sobre el Cambio de Sistemas:<\/h4>\n\n\n\n<div class=\"wp-block-columns is-layout-flex wp-container-core-columns-is-layout-9d6595d7 wp-block-columns-is-layout-flex\">\n<div class=\"wp-block-column is-layout-flow wp-block-column-is-layout-flow\" style=\"flex-basis:50%\">\n<p><a href=\"https:\/\/www.fsg.org\/publications\/water_of_systems_change\">El Agua del Cambio de Sistemas (en ingl\u00e9s)<\/a> de FSG<\/p>\n<\/div>\n\n\n\n<div class=\"wp-block-column is-layout-flow wp-block-column-is-layout-flow\" style=\"flex-basis:50%\">\n<p><a href=\"https:\/\/www.fsg.org\/blog\/systems-change-noun-and-verb\">El Cambio de Sistemas es Sustantivo y Verbo (en ingl\u00e9s)<\/a> de FSG<\/p>\n<\/div>\n<\/div>\n\n\n\n<h4 class=\"wp-block-heading\">Sobre la Sanaci\u00f3n Comunitaria:<\/h4>\n\n\n\n<div class=\"wp-block-columns is-layout-flex wp-container-core-columns-is-layout-9d6595d7 wp-block-columns-is-layout-flex\">\n<div class=\"wp-block-column is-layout-flow wp-block-column-is-layout-flow\" style=\"flex-basis:50%\">\n<p><a href=\"https:\/\/www.astraeafoundation.org\/microsites\/healingjustice\/\">La Justicia de Sanaci\u00f3n: Creando Poder y Transformando Movimientos (en ingl\u00e9s)<\/a>, un reporte de la Fundaci\u00f3n Lesbiana Astraea por la Justicia<\/p>\n<\/div>\n\n\n\n<div class=\"wp-block-column is-layout-flow wp-block-column-is-layout-flow\" style=\"flex-basis:50%\">\n<p><a href=\"https:\/\/www.nfg.org\/resources\/healing-justice-guidance-philanthropy-during-covid-19-uprisings-and-beyond\">Gu\u00eda para Practicar la Justicia de Sanaci\u00f3n en los Tiempos de COVID-19, los Levantamientos y M\u00e1s All\u00e1 (en ingl\u00e9s)<\/a> del Grupo de Financiadorxs para la Comunidad y Financiadorxs por la Justicia<\/p>\n<\/div>\n<\/div>\n","protected":false},"excerpt":{"rendered":"<p>Usamos la declaraci\u00f3n de misi\u00f3n, las \u00e1reas de enfoque y el plan estrat\u00e9gico del Fondo Tzedek para crear la Lista para Verificar las Becas y para operacionalizar las mismas. Tzedek utiliza esta\u2026<\/p>\n<p class=\"readmore\"><a class=\"cta\" href=\"https:\/\/tzedeksocialjusticefund.org\/es\/listas-para-verificar-el-alineamiento-de-las-becas\/\">Lee M\u00e1s<\/a><\/p>\n","protected":false},"author":7,"featured_media":0,"parent":0,"menu_order":0,"comment_status":"closed","ping_status":"closed","template":"","meta":{"_acf_changed":false,"_exactmetrics_skip_tracking":false,"_exactmetrics_sitenote_active":false,"_exactmetrics_sitenote_note":"","_exactmetrics_sitenote_category":0,"_genesis_hide_title":false,"_genesis_hide_breadcrumbs":false,"_genesis_hide_singular_image":false,"_genesis_hide_footer_widgets":false,"_genesis_custom_body_class":"","_genesis_custom_post_class":"","_genesis_layout":"","footnotes":""},"class_list":{"0":"post-6806","1":"page","2":"type-page","3":"status-publish","5":"entry"},"acf":[],"yoast_head":"<!-- This site is optimized with the Yoast SEO plugin v27.3 - https:\/\/yoast.com\/product\/yoast-seo-wordpress\/ -->\n<title>Listas para Verificar el Alineamiento de las Becas - Tzedek Social Justice Fund<\/title>\n<meta name=\"robots\" content=\"index, follow, max-snippet:-1, max-image-preview:large, max-video-preview:-1\" \/>\n<link rel=\"canonical\" href=\"https:\/\/tzedeksocialjusticefund.org\/es\/listas-para-verificar-el-alineamiento-de-las-becas\/\" \/>\n<meta property=\"og:locale\" content=\"es_ES\" \/>\n<meta property=\"og:type\" content=\"article\" \/>\n<meta property=\"og:title\" content=\"Listas para Verificar el Alineamiento de las Becas - Tzedek Social Justice Fund\" \/>\n<meta property=\"og:description\" content=\"Usamos la declaraci\u00f3n de misi\u00f3n, las \u00e1reas de enfoque y el plan estrat\u00e9gico del Fondo Tzedek para crear la Lista para Verificar las Becas y para operacionalizar las mismas. Tzedek utiliza esta\u2026Lee M\u00e1s\" \/>\n<meta property=\"og:url\" content=\"https:\/\/tzedeksocialjusticefund.org\/es\/listas-para-verificar-el-alineamiento-de-las-becas\/\" \/>\n<meta property=\"og:site_name\" content=\"Tzedek Social Justice Fund\" \/>\n<meta property=\"article:publisher\" content=\"https:\/\/www.facebook.com\/tzedeksocialjusticefund\" \/>\n<meta property=\"article:modified_time\" content=\"2021-09-14T19:11:56+00:00\" \/>\n<meta name=\"twitter:card\" content=\"summary_large_image\" \/>\n<meta name=\"twitter:label1\" content=\"Tiempo de lectura\" \/>\n\t<meta name=\"twitter:data1\" content=\"6 minutos\" \/>\n<script type=\"application\/ld+json\" class=\"yoast-schema-graph\">{\"@context\":\"https:\\\/\\\/schema.org\",\"@graph\":[{\"@type\":\"WebPage\",\"@id\":\"https:\\\/\\\/tzedeksocialjusticefund.org\\\/es\\\/listas-para-verificar-el-alineamiento-de-las-becas\\\/\",\"url\":\"https:\\\/\\\/tzedeksocialjusticefund.org\\\/es\\\/listas-para-verificar-el-alineamiento-de-las-becas\\\/\",\"name\":\"Listas para Verificar el Alineamiento de las Becas - Tzedek Social Justice Fund\",\"isPartOf\":{\"@id\":\"https:\\\/\\\/tzedeksocialjusticefund.org\\\/es\\\/#website\"},\"datePublished\":\"2021-09-14T18:28:04+00:00\",\"dateModified\":\"2021-09-14T19:11:56+00:00\",\"breadcrumb\":{\"@id\":\"https:\\\/\\\/tzedeksocialjusticefund.org\\\/es\\\/listas-para-verificar-el-alineamiento-de-las-becas\\\/#breadcrumb\"},\"inLanguage\":\"es\",\"potentialAction\":[{\"@type\":\"ReadAction\",\"target\":[\"https:\\\/\\\/tzedeksocialjusticefund.org\\\/es\\\/listas-para-verificar-el-alineamiento-de-las-becas\\\/\"]}]},{\"@type\":\"BreadcrumbList\",\"@id\":\"https:\\\/\\\/tzedeksocialjusticefund.org\\\/es\\\/listas-para-verificar-el-alineamiento-de-las-becas\\\/#breadcrumb\",\"itemListElement\":[{\"@type\":\"ListItem\",\"position\":1,\"name\":\"Home\",\"item\":\"https:\\\/\\\/tzedeksocialjusticefund.org\\\/es\\\/\"},{\"@type\":\"ListItem\",\"position\":2,\"name\":\"Listas para Verificar el Alineamiento de las Becas\"}]},{\"@type\":\"WebSite\",\"@id\":\"https:\\\/\\\/tzedeksocialjusticefund.org\\\/es\\\/#website\",\"url\":\"https:\\\/\\\/tzedeksocialjusticefund.org\\\/es\\\/\",\"name\":\"Tzedek Social Justice Fund\",\"description\":\"Growing Leaders to Build Change\",\"publisher\":{\"@id\":\"https:\\\/\\\/tzedeksocialjusticefund.org\\\/es\\\/#organization\"},\"potentialAction\":[{\"@type\":\"SearchAction\",\"target\":{\"@type\":\"EntryPoint\",\"urlTemplate\":\"https:\\\/\\\/tzedeksocialjusticefund.org\\\/es\\\/?s={search_term_string}\"},\"query-input\":{\"@type\":\"PropertyValueSpecification\",\"valueRequired\":true,\"valueName\":\"search_term_string\"}}],\"inLanguage\":\"es\"},{\"@type\":\"Organization\",\"@id\":\"https:\\\/\\\/tzedeksocialjusticefund.org\\\/es\\\/#organization\",\"name\":\"Tzedek Social Justice Fund\",\"url\":\"https:\\\/\\\/tzedeksocialjusticefund.org\\\/es\\\/\",\"logo\":{\"@type\":\"ImageObject\",\"inLanguage\":\"es\",\"@id\":\"https:\\\/\\\/tzedeksocialjusticefund.org\\\/es\\\/#\\\/schema\\\/logo\\\/image\\\/\",\"url\":\"https:\\\/\\\/tzedeksocialjusticefund.org\\\/wp-content\\\/uploads\\\/2022\\\/06\\\/Tzedek-Logo-Color.png\",\"contentUrl\":\"https:\\\/\\\/tzedeksocialjusticefund.org\\\/wp-content\\\/uploads\\\/2022\\\/06\\\/Tzedek-Logo-Color.png\",\"width\":817,\"height\":406,\"caption\":\"Tzedek Social Justice Fund\"},\"image\":{\"@id\":\"https:\\\/\\\/tzedeksocialjusticefund.org\\\/es\\\/#\\\/schema\\\/logo\\\/image\\\/\"},\"sameAs\":[\"https:\\\/\\\/www.facebook.com\\\/tzedeksocialjusticefund\",\"https:\\\/\\\/www.instagram.com\\\/tzedeksocialjusticefund\\\/\",\"https:\\\/\\\/www.linkedin.com\\\/company\\\/tzedek-social-justice-fund\\\/\",\"https:\\\/\\\/www.youtube.com\\\/channel\\\/UCNpiSO2h1wtDOwbJoCJUzJQ\"]}]}<\/script>\n<!-- \/ Yoast SEO plugin. -->","yoast_head_json":{"title":"Listas para Verificar el Alineamiento de las Becas - Tzedek Social Justice Fund","robots":{"index":"index","follow":"follow","max-snippet":"max-snippet:-1","max-image-preview":"max-image-preview:large","max-video-preview":"max-video-preview:-1"},"canonical":"https:\/\/tzedeksocialjusticefund.org\/es\/listas-para-verificar-el-alineamiento-de-las-becas\/","og_locale":"es_ES","og_type":"article","og_title":"Listas para Verificar el Alineamiento de las Becas - Tzedek Social Justice Fund","og_description":"Usamos la declaraci\u00f3n de misi\u00f3n, las \u00e1reas de enfoque y el plan estrat\u00e9gico del Fondo Tzedek para crear la Lista para Verificar las Becas y para operacionalizar las mismas. Tzedek utiliza esta\u2026Lee M\u00e1s","og_url":"https:\/\/tzedeksocialjusticefund.org\/es\/listas-para-verificar-el-alineamiento-de-las-becas\/","og_site_name":"Tzedek Social Justice Fund","article_publisher":"https:\/\/www.facebook.com\/tzedeksocialjusticefund","article_modified_time":"2021-09-14T19:11:56+00:00","twitter_card":"summary_large_image","twitter_misc":{"Tiempo de lectura":"6 minutos"},"schema":{"@context":"https:\/\/schema.org","@graph":[{"@type":"WebPage","@id":"https:\/\/tzedeksocialjusticefund.org\/es\/listas-para-verificar-el-alineamiento-de-las-becas\/","url":"https:\/\/tzedeksocialjusticefund.org\/es\/listas-para-verificar-el-alineamiento-de-las-becas\/","name":"Listas para Verificar el Alineamiento de las Becas - Tzedek Social Justice Fund","isPartOf":{"@id":"https:\/\/tzedeksocialjusticefund.org\/es\/#website"},"datePublished":"2021-09-14T18:28:04+00:00","dateModified":"2021-09-14T19:11:56+00:00","breadcrumb":{"@id":"https:\/\/tzedeksocialjusticefund.org\/es\/listas-para-verificar-el-alineamiento-de-las-becas\/#breadcrumb"},"inLanguage":"es","potentialAction":[{"@type":"ReadAction","target":["https:\/\/tzedeksocialjusticefund.org\/es\/listas-para-verificar-el-alineamiento-de-las-becas\/"]}]},{"@type":"BreadcrumbList","@id":"https:\/\/tzedeksocialjusticefund.org\/es\/listas-para-verificar-el-alineamiento-de-las-becas\/#breadcrumb","itemListElement":[{"@type":"ListItem","position":1,"name":"Home","item":"https:\/\/tzedeksocialjusticefund.org\/es\/"},{"@type":"ListItem","position":2,"name":"Listas para Verificar el Alineamiento de las Becas"}]},{"@type":"WebSite","@id":"https:\/\/tzedeksocialjusticefund.org\/es\/#website","url":"https:\/\/tzedeksocialjusticefund.org\/es\/","name":"Tzedek Social Justice Fund","description":"Growing Leaders to Build Change","publisher":{"@id":"https:\/\/tzedeksocialjusticefund.org\/es\/#organization"},"potentialAction":[{"@type":"SearchAction","target":{"@type":"EntryPoint","urlTemplate":"https:\/\/tzedeksocialjusticefund.org\/es\/?s={search_term_string}"},"query-input":{"@type":"PropertyValueSpecification","valueRequired":true,"valueName":"search_term_string"}}],"inLanguage":"es"},{"@type":"Organization","@id":"https:\/\/tzedeksocialjusticefund.org\/es\/#organization","name":"Tzedek Social Justice Fund","url":"https:\/\/tzedeksocialjusticefund.org\/es\/","logo":{"@type":"ImageObject","inLanguage":"es","@id":"https:\/\/tzedeksocialjusticefund.org\/es\/#\/schema\/logo\/image\/","url":"https:\/\/tzedeksocialjusticefund.org\/wp-content\/uploads\/2022\/06\/Tzedek-Logo-Color.png","contentUrl":"https:\/\/tzedeksocialjusticefund.org\/wp-content\/uploads\/2022\/06\/Tzedek-Logo-Color.png","width":817,"height":406,"caption":"Tzedek Social Justice Fund"},"image":{"@id":"https:\/\/tzedeksocialjusticefund.org\/es\/#\/schema\/logo\/image\/"},"sameAs":["https:\/\/www.facebook.com\/tzedeksocialjusticefund","https:\/\/www.instagram.com\/tzedeksocialjusticefund\/","https:\/\/www.linkedin.com\/company\/tzedek-social-justice-fund\/","https:\/\/www.youtube.com\/channel\/UCNpiSO2h1wtDOwbJoCJUzJQ"]}]}},"_links":{"self":[{"href":"https:\/\/tzedeksocialjusticefund.org\/es\/wp-json\/wp\/v2\/pages\/6806","targetHints":{"allow":["GET"]}}],"collection":[{"href":"https:\/\/tzedeksocialjusticefund.org\/es\/wp-json\/wp\/v2\/pages"}],"about":[{"href":"https:\/\/tzedeksocialjusticefund.org\/es\/wp-json\/wp\/v2\/types\/page"}],"author":[{"embeddable":true,"href":"https:\/\/tzedeksocialjusticefund.org\/es\/wp-json\/wp\/v2\/users\/7"}],"replies":[{"embeddable":true,"href":"https:\/\/tzedeksocialjusticefund.org\/es\/wp-json\/wp\/v2\/comments?post=6806"}],"version-history":[{"count":0,"href":"https:\/\/tzedeksocialjusticefund.org\/es\/wp-json\/wp\/v2\/pages\/6806\/revisions"}],"wp:attachment":[{"href":"https:\/\/tzedeksocialjusticefund.org\/es\/wp-json\/wp\/v2\/media?parent=6806"}],"curies":[{"name":"wp","href":"https:\/\/api.w.org\/{rel}","templated":true}]}}