{"id":6268,"date":"2019-11-21T16:54:45","date_gmt":"2019-11-21T21:54:45","guid":{"rendered":"http:\/\/tzedekfellowship.org\/a-quien-financiamos\/individuals\/"},"modified":"2026-05-11T09:44:31","modified_gmt":"2026-05-11T13:44:31","slug":"individuals","status":"publish","type":"page","link":"https:\/\/tzedeksocialjusticefund.org\/es\/a-quien-financiamos\/individuals\/","title":{"rendered":"Individues"},"content":{"rendered":"\n<figure class=\"wp-block-image alignwide size-large\"><img loading=\"lazy\" decoding=\"async\" width=\"1280\" height=\"480\" src=\"https:\/\/tzedeksocialjusticefund.org\/wp-content\/uploads\/2023\/06\/Image-Prep-Play-3-1280x480.png\" alt=\"\" class=\"wp-image-7675\" srcset=\"https:\/\/tzedeksocialjusticefund.org\/wp-content\/uploads\/2023\/06\/Image-Prep-Play-3-1280x480.png 1280w, https:\/\/tzedeksocialjusticefund.org\/wp-content\/uploads\/2023\/06\/Image-Prep-Play-3-680x255.png 680w, https:\/\/tzedeksocialjusticefund.org\/wp-content\/uploads\/2023\/06\/Image-Prep-Play-3-768x288.png 768w, https:\/\/tzedeksocialjusticefund.org\/wp-content\/uploads\/2023\/06\/Image-Prep-Play-3-1536x575.png 1536w, https:\/\/tzedeksocialjusticefund.org\/wp-content\/uploads\/2023\/06\/Image-Prep-Play-3-2048x767.png 2048w\" sizes=\"auto, (max-width: 1280px) 100vw, 1280px\" \/><\/figure>\n\n\n<p><div class=\"sf-intro\"><p> Nuestra concesi\u00f3n de becas individual est\u00e1 dise\u00f1ada para honrar y mantener el impacto de les l\u00edderes comunitaries de Asheville. <span style=\"font-weight: 400;\"><\/p><\/div><\/span><\/p>\n\n\n<p><span style=\"font-weight: 400;\">Hemos aprendido que las personas, que a menudo trabajan fuera de las organizaciones y las estructuras de financiaci\u00f3n tradicionales son partes esenciales del ecosistema de cambio social. Financiamos a personas que trabajan en esfuerzos comunitarios de gran alcance, desde intervenciones art\u00edsticas hasta organizaci\u00f3n de base, desde la creaci\u00f3n de espacios de sanaci\u00f3n hasta colaboraciones de entidades privadas, gubernamentales y sin fines de lucro.<\/span><\/p>\n\n\n\n<h2 class=\"wp-block-heading\">Premios Tzedek Impact<\/h2>\n\n\n\n<p><a href=\"https:\/\/tzedeksocialjusticefund.org\/es\/tzedek-impact-awards\/\">Los Premios Tzedek Impact<\/a> est\u00e1n dise\u00f1ados para honrar a las personas que se han involucrado en el cambio de sistemas o en el trabajo de sanaci\u00f3n comunitaria en la regi\u00f3n de Asheville, utilizando la sabidur\u00eda adquirida al navegar por s\u00ed mismes los sistemas de opresi\u00f3n. Se anima a las personas BIPOC, LGBTQ y jud\u00edas a postular.<\/p>\n\n\n\n<h4 class=\"wp-block-heading has-text-color has-link-color wp-elements-07a95b8b45e7fc5339c03b6f6ad8c228\" style=\"color:#2b3990\">Una ronda de Premios Impact se distribuir\u00e1 en julio de 2026.<\/h4>\n\n\n\n<p>Cada une de les beneficiaries del Premio Tzedek Impact recibir\u00e1 $5,000 en reconocimiento y celebraci\u00f3n de sus logros y realizaciones pasadas que promueven la misi\u00f3n y la visi\u00f3n de Tzedek abordando uno o m\u00e1s sistemas de injusticia, incluyendo:<\/p>\n\n\n\n<ul class=\"wp-block-list\">\n<li>El nacionalismo blanco<\/li>\n\n\n\n<li>El antisemitismo<\/li>\n\n\n\n<li>La homofobia o el heterosexismo<\/li>\n\n\n\n<li>La transfobia<\/li>\n\n\n\n<li>La supremac\u00eda blanca o el racismo<\/li>\n\n\n\n<li>La xenofobia<\/li>\n<\/ul>\n\n\n\n<h4 class=\"wp-block-heading has-text-color has-link-color wp-elements-b6da8ade11d71fa6f62c224bb4332f03\" style=\"color:#2b3990\">Los Premios Impact 2026 se abrir\u00e1n el lunes 13 de abril y cerrar\u00e1n a las 11:59 p. m. el viernes 15 de mayo. Les nominades ser\u00e1n notificades de las decisiones del premio a m\u00e1s tardar el 10 de julio.<\/h4>\n\n\n\n<h6 class=\"wp-block-heading\">Suscr\u00edbete a nuestro bolet\u00edn a continuaci\u00f3n para recibir una notificaci\u00f3n cuando haya oportunidades de financiaci\u00f3n disponibles.<\/h6>\n\n\n\n<p><\/p>\n\n\n\n<h2 class=\"wp-block-heading\">Premios Tzedek Brilliance<\/h2>\n\n\n\n<p>Los <a href=\"https:\/\/tzedeksocialjusticefund.org\/es\/los-premios-tzedek-brilliance\/\">Premios Tzedek Brilliance<\/a> honran a les l\u00edderes de la ciudad de Asheville que est\u00e1n comprometides con esfuerzos impactantes y entrelazados para promover la justicia racial, la igualdad LGBTQ y\/o para desmantelar el antisemitismo. Los Premios Brilliance est\u00e1n dise\u00f1ados para cultivar el bienestar de les l\u00edderes comunitarios brillantes invirtiendo en su amplitud, autonom\u00eda y sabidur\u00eda.<\/p>\n\n\n\n<p>Los Premios Tzedek Brilliance son una beca \u00fanica y sin compromiso de 50,000 d\u00f3lares que se concede a les l\u00edderes que han estado dispuestes a trabajar para desmantelar la opresi\u00f3n sist\u00e9mica en la regi\u00f3n de Asheville, Carolina del Norte. Tzedek otorga dos Premios Brilliance cada a\u00f1o, incluyendo:<\/p>\n\n\n\n<p>1.&nbsp;<strong>El Premio Brilliance Ella Baker \u2013<\/strong>&nbsp;Se entrega este premio en honor a la leyenda del movimiento por los derechos civiles, organizadora comunitaria y estratega,<a href=\"https:\/\/snccdigital.org\/people\/ella-baker\/\">&nbsp;Ella Baker<\/a>, quien ayud\u00f3 a fundar El Comit\u00e9 Coordinador Estudiantil en 1060.&nbsp; El Premio Ella Baker reconoce a personas que encarnan el esp\u00edritu y el legado de Ella Baker a trav\u00e9s de su compromiso con la justicia social, los derechos humanos y la defensa de causas, centrando la justicia racial e incluyendo las voces de las mujeres+ en su trabajo.<\/p>\n\n\n\n<p>2.&nbsp;<strong>El Premio Brilliance Pauli Murray \u2013<\/strong>&nbsp;Se entrega este premio en honor a<a href=\"https:\/\/www.paulimurraycenter.com\/who-is-pauli\">&nbsp;Pauli Murray<\/a>, una excelente jurista acad\u00e9mica, sacerdote y activista negra que personific\u00f3 plenamente el concepto del&nbsp;<a href=\"https:\/\/time.com\/5560575\/intersectionality-theory\/\">activismo&nbsp;interseccional<\/a>.&nbsp; Su labor jur\u00eddica sirvi\u00f3 como inspiraci\u00f3n en la victoria de Thurgood Marshall en el caso Brown contra la Junta de Educaci\u00f3n y la de Ruth Bader Ginsberg para garantizar los derechos laborales de las mujeres. El Premio Pauli Murray reconoce a individues que encarnan el esp\u00edritu y el legado de Pauli Murray a trav\u00e9s de su compromiso con la justicia social, los derechos humanos y la incidencia, con un enfoque interseccional que considera el g\u00e9nero, la raza y la sexualidad en su trabajo.<\/p>\n\n\n\n<h4 class=\"wp-block-heading has-text-color has-link-color wp-elements-9a75067d32075b1040796c7a7c0c4aef\" style=\"color:#2b3990\">Los Premios Brilliance 2026 se abrir\u00e1n el lunes 11 de mayo y cerrar\u00e1n a las 11:59 p. m. el lunes 22 de junio. Les nominades ser\u00e1n notificades de las decisiones del premio a m\u00e1s tardar el 14 de septiembre.<\/h4>\n\n\n\n<p>Se invita a les miembres de la comunidad que deseen ser considerades o que les gustar\u00eda nominar a alguien m\u00e1s a <a href=\"https:\/\/tzedeksocialjusticefund.submittable.com\/submit\">presentar una nominaci\u00f3n<\/a>. Obtener m\u00e1s informaci\u00f3n <a href=\"https:\/\/tzedeksocialjusticefund.org\/es\/los-premios-tzedek-brilliance\/\">aqu\u00ed<\/a>.<\/p>\n\n\n\n<h6 class=\"wp-block-heading\">Suscr\u00edbete a nuestro bolet\u00edn a continuaci\u00f3n para recibir una notificaci\u00f3n cuando haya oportunidades de financiaci\u00f3n disponibles.<\/h6>\n","protected":false},"excerpt":{"rendered":"<p>Hemos aprendido que las personas, que a menudo trabajan fuera de las organizaciones y las estructuras de financiaci\u00f3n tradicionales son partes esenciales del ecosistema de cambio social. Financiamos a personas que trabajan\u2026<\/p>\n<p class=\"readmore\"><a class=\"cta\" href=\"https:\/\/tzedeksocialjusticefund.org\/es\/a-quien-financiamos\/individuals\/\">Lee M\u00e1s<\/a><\/p>\n","protected":false},"author":7,"featured_media":0,"parent":6033,"menu_order":0,"comment_status":"closed","ping_status":"closed","template":"","meta":{"_acf_changed":false,"_exactmetrics_skip_tracking":false,"_exactmetrics_sitenote_active":false,"_exactmetrics_sitenote_note":"","_exactmetrics_sitenote_category":0,"_genesis_hide_title":false,"_genesis_hide_breadcrumbs":false,"_genesis_hide_singular_image":false,"_genesis_hide_footer_widgets":false,"_genesis_custom_body_class":"","_genesis_custom_post_class":"","_genesis_layout":"","footnotes":""},"class_list":{"0":"post-6268","1":"page","2":"type-page","3":"status-publish","5":"entry","6":"has-post-thumbnail"},"acf":[],"yoast_head":"<!-- This site is optimized with the Yoast SEO plugin v27.5 - https:\/\/yoast.com\/product\/yoast-seo-wordpress\/ -->\n<title>Individuals - Tzedek Social Justice Fund<\/title>\n<meta name=\"description\" content=\"Financiamos a les l\u00edderes innovadores de Asheville que han hecho posible el cambio a nivel colectivo.\" \/>\n<meta name=\"robots\" content=\"index, follow, max-snippet:-1, max-image-preview:large, max-video-preview:-1\" \/>\n<link rel=\"canonical\" href=\"https:\/\/tzedeksocialjusticefund.org\/es\/a-quien-financiamos\/individuals\/\" \/>\n<meta property=\"og:locale\" content=\"es_ES\" \/>\n<meta property=\"og:type\" content=\"article\" \/>\n<meta property=\"og:title\" content=\"Individuals - Tzedek Social Justice Fund\" \/>\n<meta property=\"og:description\" content=\"Financiamos a les l\u00edderes innovadores de Asheville que han hecho posible el cambio a nivel colectivo.\" \/>\n<meta property=\"og:url\" content=\"https:\/\/tzedeksocialjusticefund.org\/es\/a-quien-financiamos\/individuals\/\" \/>\n<meta property=\"og:site_name\" content=\"Tzedek Social Justice Fund\" \/>\n<meta property=\"article:publisher\" content=\"https:\/\/www.facebook.com\/tzedeksocialjusticefund\" \/>\n<meta property=\"article:modified_time\" content=\"2026-05-11T13:44:31+00:00\" \/>\n<meta property=\"og:image\" content=\"https:\/\/tzedeksocialjusticefund.org\/wp-content\/uploads\/2023\/06\/Image-Prep-Play-3-1280x480.png\" \/>\n\t<meta property=\"og:image:width\" content=\"1280\" \/>\n\t<meta property=\"og:image:height\" content=\"480\" \/>\n\t<meta property=\"og:image:type\" content=\"image\/png\" \/>\n<meta name=\"twitter:card\" content=\"summary_large_image\" \/>\n<meta name=\"twitter:label1\" content=\"Tiempo de lectura\" \/>\n\t<meta name=\"twitter:data1\" content=\"4 minutos\" \/>\n<script type=\"application\/ld+json\" class=\"yoast-schema-graph\">{\"@context\":\"https:\\\/\\\/schema.org\",\"@graph\":[{\"@type\":\"WebPage\",\"@id\":\"https:\\\/\\\/tzedeksocialjusticefund.org\\\/es\\\/a-quien-financiamos\\\/individuals\\\/\",\"url\":\"https:\\\/\\\/tzedeksocialjusticefund.org\\\/es\\\/a-quien-financiamos\\\/individuals\\\/\",\"name\":\"Individuals - Tzedek Social Justice Fund\",\"isPartOf\":{\"@id\":\"https:\\\/\\\/tzedeksocialjusticefund.org\\\/es\\\/#website\"},\"primaryImageOfPage\":{\"@id\":\"https:\\\/\\\/tzedeksocialjusticefund.org\\\/es\\\/a-quien-financiamos\\\/individuals\\\/#primaryimage\"},\"image\":{\"@id\":\"https:\\\/\\\/tzedeksocialjusticefund.org\\\/es\\\/a-quien-financiamos\\\/individuals\\\/#primaryimage\"},\"thumbnailUrl\":\"https:\\\/\\\/tzedeksocialjusticefund.org\\\/wp-content\\\/uploads\\\/2023\\\/06\\\/Image-Prep-Play-3-1280x480.png\",\"datePublished\":\"2019-11-21T21:54:45+00:00\",\"dateModified\":\"2026-05-11T13:44:31+00:00\",\"description\":\"Financiamos a les l\u00edderes innovadores de Asheville que han hecho posible el cambio a nivel colectivo.\",\"breadcrumb\":{\"@id\":\"https:\\\/\\\/tzedeksocialjusticefund.org\\\/es\\\/a-quien-financiamos\\\/individuals\\\/#breadcrumb\"},\"inLanguage\":\"es\",\"potentialAction\":[{\"@type\":\"ReadAction\",\"target\":[\"https:\\\/\\\/tzedeksocialjusticefund.org\\\/es\\\/a-quien-financiamos\\\/individuals\\\/\"]}]},{\"@type\":\"ImageObject\",\"inLanguage\":\"es\",\"@id\":\"https:\\\/\\\/tzedeksocialjusticefund.org\\\/es\\\/a-quien-financiamos\\\/individuals\\\/#primaryimage\",\"url\":\"https:\\\/\\\/tzedeksocialjusticefund.org\\\/wp-content\\\/uploads\\\/2023\\\/06\\\/Image-Prep-Play-3-1280x480.png\",\"contentUrl\":\"https:\\\/\\\/tzedeksocialjusticefund.org\\\/wp-content\\\/uploads\\\/2023\\\/06\\\/Image-Prep-Play-3-1280x480.png\"},{\"@type\":\"BreadcrumbList\",\"@id\":\"https:\\\/\\\/tzedeksocialjusticefund.org\\\/es\\\/a-quien-financiamos\\\/individuals\\\/#breadcrumb\",\"itemListElement\":[{\"@type\":\"ListItem\",\"position\":1,\"name\":\"Home\",\"item\":\"https:\\\/\\\/tzedeksocialjusticefund.org\\\/es\\\/\"},{\"@type\":\"ListItem\",\"position\":2,\"name\":\"A Qui\u00e9n Financiamos\",\"item\":\"https:\\\/\\\/tzedeksocialjusticefund.org\\\/es\\\/a-quien-financiamos\\\/\"},{\"@type\":\"ListItem\",\"position\":3,\"name\":\"Individues\"}]},{\"@type\":\"WebSite\",\"@id\":\"https:\\\/\\\/tzedeksocialjusticefund.org\\\/es\\\/#website\",\"url\":\"https:\\\/\\\/tzedeksocialjusticefund.org\\\/es\\\/\",\"name\":\"Tzedek Social Justice Fund\",\"description\":\"Growing Leaders to Build Change\",\"publisher\":{\"@id\":\"https:\\\/\\\/tzedeksocialjusticefund.org\\\/es\\\/#organization\"},\"potentialAction\":[{\"@type\":\"SearchAction\",\"target\":{\"@type\":\"EntryPoint\",\"urlTemplate\":\"https:\\\/\\\/tzedeksocialjusticefund.org\\\/es\\\/?s={search_term_string}\"},\"query-input\":{\"@type\":\"PropertyValueSpecification\",\"valueRequired\":true,\"valueName\":\"search_term_string\"}}],\"inLanguage\":\"es\"},{\"@type\":\"Organization\",\"@id\":\"https:\\\/\\\/tzedeksocialjusticefund.org\\\/es\\\/#organization\",\"name\":\"Tzedek Social Justice Fund\",\"url\":\"https:\\\/\\\/tzedeksocialjusticefund.org\\\/es\\\/\",\"logo\":{\"@type\":\"ImageObject\",\"inLanguage\":\"es\",\"@id\":\"https:\\\/\\\/tzedeksocialjusticefund.org\\\/es\\\/#\\\/schema\\\/logo\\\/image\\\/\",\"url\":\"https:\\\/\\\/tzedeksocialjusticefund.org\\\/wp-content\\\/uploads\\\/2022\\\/06\\\/Tzedek-Logo-Color.png\",\"contentUrl\":\"https:\\\/\\\/tzedeksocialjusticefund.org\\\/wp-content\\\/uploads\\\/2022\\\/06\\\/Tzedek-Logo-Color.png\",\"width\":817,\"height\":406,\"caption\":\"Tzedek Social Justice Fund\"},\"image\":{\"@id\":\"https:\\\/\\\/tzedeksocialjusticefund.org\\\/es\\\/#\\\/schema\\\/logo\\\/image\\\/\"},\"sameAs\":[\"https:\\\/\\\/www.facebook.com\\\/tzedeksocialjusticefund\",\"https:\\\/\\\/www.instagram.com\\\/tzedeksocialjusticefund\\\/\",\"https:\\\/\\\/www.linkedin.com\\\/company\\\/tzedek-social-justice-fund\\\/\",\"https:\\\/\\\/www.youtube.com\\\/channel\\\/UCNpiSO2h1wtDOwbJoCJUzJQ\"]}]}<\/script>\n<!-- \/ Yoast SEO plugin. -->","yoast_head_json":{"title":"Individuals - Tzedek Social Justice Fund","description":"Financiamos a les l\u00edderes innovadores de Asheville que han hecho posible el cambio a nivel colectivo.","robots":{"index":"index","follow":"follow","max-snippet":"max-snippet:-1","max-image-preview":"max-image-preview:large","max-video-preview":"max-video-preview:-1"},"canonical":"https:\/\/tzedeksocialjusticefund.org\/es\/a-quien-financiamos\/individuals\/","og_locale":"es_ES","og_type":"article","og_title":"Individuals - Tzedek Social Justice Fund","og_description":"Financiamos a les l\u00edderes innovadores de Asheville que han hecho posible el cambio a nivel colectivo.","og_url":"https:\/\/tzedeksocialjusticefund.org\/es\/a-quien-financiamos\/individuals\/","og_site_name":"Tzedek Social Justice Fund","article_publisher":"https:\/\/www.facebook.com\/tzedeksocialjusticefund","article_modified_time":"2026-05-11T13:44:31+00:00","og_image":[{"width":1280,"height":480,"url":"https:\/\/tzedeksocialjusticefund.org\/wp-content\/uploads\/2023\/06\/Image-Prep-Play-3-1280x480.png","type":"image\/png"}],"twitter_card":"summary_large_image","twitter_misc":{"Tiempo de lectura":"4 minutos"},"schema":{"@context":"https:\/\/schema.org","@graph":[{"@type":"WebPage","@id":"https:\/\/tzedeksocialjusticefund.org\/es\/a-quien-financiamos\/individuals\/","url":"https:\/\/tzedeksocialjusticefund.org\/es\/a-quien-financiamos\/individuals\/","name":"Individuals - Tzedek Social Justice Fund","isPartOf":{"@id":"https:\/\/tzedeksocialjusticefund.org\/es\/#website"},"primaryImageOfPage":{"@id":"https:\/\/tzedeksocialjusticefund.org\/es\/a-quien-financiamos\/individuals\/#primaryimage"},"image":{"@id":"https:\/\/tzedeksocialjusticefund.org\/es\/a-quien-financiamos\/individuals\/#primaryimage"},"thumbnailUrl":"https:\/\/tzedeksocialjusticefund.org\/wp-content\/uploads\/2023\/06\/Image-Prep-Play-3-1280x480.png","datePublished":"2019-11-21T21:54:45+00:00","dateModified":"2026-05-11T13:44:31+00:00","description":"Financiamos a les l\u00edderes innovadores de Asheville que han hecho posible el cambio a nivel colectivo.","breadcrumb":{"@id":"https:\/\/tzedeksocialjusticefund.org\/es\/a-quien-financiamos\/individuals\/#breadcrumb"},"inLanguage":"es","potentialAction":[{"@type":"ReadAction","target":["https:\/\/tzedeksocialjusticefund.org\/es\/a-quien-financiamos\/individuals\/"]}]},{"@type":"ImageObject","inLanguage":"es","@id":"https:\/\/tzedeksocialjusticefund.org\/es\/a-quien-financiamos\/individuals\/#primaryimage","url":"https:\/\/tzedeksocialjusticefund.org\/wp-content\/uploads\/2023\/06\/Image-Prep-Play-3-1280x480.png","contentUrl":"https:\/\/tzedeksocialjusticefund.org\/wp-content\/uploads\/2023\/06\/Image-Prep-Play-3-1280x480.png"},{"@type":"BreadcrumbList","@id":"https:\/\/tzedeksocialjusticefund.org\/es\/a-quien-financiamos\/individuals\/#breadcrumb","itemListElement":[{"@type":"ListItem","position":1,"name":"Home","item":"https:\/\/tzedeksocialjusticefund.org\/es\/"},{"@type":"ListItem","position":2,"name":"A Qui\u00e9n Financiamos","item":"https:\/\/tzedeksocialjusticefund.org\/es\/a-quien-financiamos\/"},{"@type":"ListItem","position":3,"name":"Individues"}]},{"@type":"WebSite","@id":"https:\/\/tzedeksocialjusticefund.org\/es\/#website","url":"https:\/\/tzedeksocialjusticefund.org\/es\/","name":"Tzedek Social Justice Fund","description":"Growing Leaders to Build Change","publisher":{"@id":"https:\/\/tzedeksocialjusticefund.org\/es\/#organization"},"potentialAction":[{"@type":"SearchAction","target":{"@type":"EntryPoint","urlTemplate":"https:\/\/tzedeksocialjusticefund.org\/es\/?s={search_term_string}"},"query-input":{"@type":"PropertyValueSpecification","valueRequired":true,"valueName":"search_term_string"}}],"inLanguage":"es"},{"@type":"Organization","@id":"https:\/\/tzedeksocialjusticefund.org\/es\/#organization","name":"Tzedek Social Justice Fund","url":"https:\/\/tzedeksocialjusticefund.org\/es\/","logo":{"@type":"ImageObject","inLanguage":"es","@id":"https:\/\/tzedeksocialjusticefund.org\/es\/#\/schema\/logo\/image\/","url":"https:\/\/tzedeksocialjusticefund.org\/wp-content\/uploads\/2022\/06\/Tzedek-Logo-Color.png","contentUrl":"https:\/\/tzedeksocialjusticefund.org\/wp-content\/uploads\/2022\/06\/Tzedek-Logo-Color.png","width":817,"height":406,"caption":"Tzedek Social Justice Fund"},"image":{"@id":"https:\/\/tzedeksocialjusticefund.org\/es\/#\/schema\/logo\/image\/"},"sameAs":["https:\/\/www.facebook.com\/tzedeksocialjusticefund","https:\/\/www.instagram.com\/tzedeksocialjusticefund\/","https:\/\/www.linkedin.com\/company\/tzedek-social-justice-fund\/","https:\/\/www.youtube.com\/channel\/UCNpiSO2h1wtDOwbJoCJUzJQ"]}]}},"_links":{"self":[{"href":"https:\/\/tzedeksocialjusticefund.org\/es\/wp-json\/wp\/v2\/pages\/6268","targetHints":{"allow":["GET"]}}],"collection":[{"href":"https:\/\/tzedeksocialjusticefund.org\/es\/wp-json\/wp\/v2\/pages"}],"about":[{"href":"https:\/\/tzedeksocialjusticefund.org\/es\/wp-json\/wp\/v2\/types\/page"}],"author":[{"embeddable":true,"href":"https:\/\/tzedeksocialjusticefund.org\/es\/wp-json\/wp\/v2\/users\/7"}],"replies":[{"embeddable":true,"href":"https:\/\/tzedeksocialjusticefund.org\/es\/wp-json\/wp\/v2\/comments?post=6268"}],"version-history":[{"count":7,"href":"https:\/\/tzedeksocialjusticefund.org\/es\/wp-json\/wp\/v2\/pages\/6268\/revisions"}],"predecessor-version":[{"id":8708,"href":"https:\/\/tzedeksocialjusticefund.org\/es\/wp-json\/wp\/v2\/pages\/6268\/revisions\/8708"}],"up":[{"embeddable":true,"href":"https:\/\/tzedeksocialjusticefund.org\/es\/wp-json\/wp\/v2\/pages\/6033"}],"wp:attachment":[{"href":"https:\/\/tzedeksocialjusticefund.org\/es\/wp-json\/wp\/v2\/media?parent=6268"}],"curies":[{"name":"wp","href":"https:\/\/api.w.org\/{rel}","templated":true}]}}