{"id":6260,"date":"2017-03-25T09:03:26","date_gmt":"2017-03-25T13:03:26","guid":{"rendered":"http:\/\/tzedekfellowship.org\/social-justice-philanthropy\/philanthropic-memberships\/"},"modified":"2021-05-20T15:47:13","modified_gmt":"2021-05-20T19:47:13","slug":"philanthropic-memberships","status":"publish","type":"page","link":"https:\/\/tzedeksocialjusticefund.org\/es\/social-justice-philanthropy\/philanthropic-memberships\/","title":{"rendered":"Membres\u00edas Filantr\u00f3picas"},"content":{"rendered":"\n<p style=\"font-size:28px\">El fondo de justicia social de Tzedek participa en varias organizaciones de membres\u00eda que sirven a la filantrop\u00eda y comparten investigaciones, publicaciones, herramientas y otros recursos. Las organizaciones contribuyen compartiendo las mejores pr\u00e1cticas en filantrop\u00eda a trav\u00e9s de capacitaciones y paneles de expertos. La informaci\u00f3n compartida en estas redes dedicadas a la justicia nos ayuda a determinar la direcci\u00f3n de nuestra financiaci\u00f3n. Somos miembros de las siguientes organizaciones filantr\u00f3picas:<\/p>\n\n\n\n<div class=\"wp-block-columns is-layout-flex wp-container-core-columns-is-layout-9d6595d7 wp-block-columns-is-layout-flex\">\n<div class=\"wp-block-column is-layout-flow wp-block-column-is-layout-flow\" style=\"flex-basis:33.33%\">\n<figure class=\"wp-block-image\"><a href=\"http:\/\/www.abfe.org\/\" target=\"_blank\" rel=\"noreferrer noopener\"><img loading=\"lazy\" decoding=\"async\" width=\"330\" height=\"153\" src=\"https:\/\/tzedeksocialjusticefund.org\/wp-content\/uploads\/2017\/03\/logo-abfe.png\" alt=\"The Association of Black Foundation Executives\" class=\"wp-image-6374\"\/><\/a><\/figure>\n<\/div>\n\n\n\n<div class=\"wp-block-column is-layout-flow wp-block-column-is-layout-flow\" style=\"flex-basis:66.66%\">\n<h4 class=\"wp-block-heading\">The Association of Black Foundation Executives (ABFE)<\/h4>\n\n\n\n<p><a href=\"http:\/\/www.abfe.org\/\" target=\"_blank\" rel=\"noreferrer noopener\">ABFE<\/a> es una organizaci\u00f3n filantr\u00f3pica basada en la membres\u00eda que aboga por inversiones receptivas y transformadoras en las comunidades negras. Al asociarse con fundaciones, organizaciones sin fines de lucro y personas, ABFE proporciona a sus miembros recursos de desarrollo profesional y asistencia t\u00e9cnica que fomentan la conexi\u00f3n y la capacidad de respuesta del sector filantr\u00f3pico a cuesti\u00f3n de igualdad, diversidad, e inclusi\u00f3n. ABFE ha desarrollado Filantrop\u00eda receptiva en comunidades negras, un marco para el trabajo de becas que apoyan la dignidad de las comunidades y optimiza las fortalezas inherentes para garantizar mejores resultados para las comunidades negras.<\/p>\n<\/div>\n<\/div>\n\n\n\n<hr class=\"wp-block-separator is-style-wide\"\/>\n\n\n\n<div class=\"wp-block-columns is-layout-flex wp-container-core-columns-is-layout-9d6595d7 wp-block-columns-is-layout-flex\">\n<div class=\"wp-block-column is-layout-flow wp-block-column-is-layout-flow\" style=\"flex-basis:33.33%\">\n<figure class=\"wp-block-image\"><a href=\"http:\/\/www.exponentphilanthropy.org\/\" target=\"_blank\" rel=\"noreferrer noopener\"><img loading=\"lazy\" decoding=\"async\" width=\"480\" height=\"105\" src=\"https:\/\/tzedeksocialjusticefund.org\/wp-content\/uploads\/2017\/03\/logo-exponent-philanthropy.png\" alt=\"Exponent Philanthropy\" class=\"wp-image-6372\"\/><\/a><\/figure>\n<\/div>\n\n\n\n<div class=\"wp-block-column is-layout-flow wp-block-column-is-layout-flow\" style=\"flex-basis:66.66%\">\n<h4 class=\"wp-block-heading\">Filantrop\u00eda exponente<\/h4>\n\n\n\n<p>La&nbsp; <a href=\"http:\/\/www.exponentphilanthropy.org\/\" target=\"_blank\" rel=\"noreferrer noopener\">Filantrop\u00eda Exponente&nbsp;<\/a>empodera a lxs filantropxs para aprovechar sus recursos y ampliar su impacto. Es la asociaci\u00f3n de financiadorxs m\u00e1s grandes del pa\u00eds, con casi 2,000 miembros fuertes, y la \u00fanica dedicada a servir a fundaciones con poco o ning\u00fan personal, familias filantr\u00f3picas y donantes individuales.<\/p>\n<\/div>\n<\/div>\n\n\n\n<hr class=\"wp-block-separator is-style-wide\"\/>\n\n\n\n<div class=\"wp-block-columns is-layout-flex wp-container-core-columns-is-layout-9d6595d7 wp-block-columns-is-layout-flex\">\n<div class=\"wp-block-column is-layout-flow wp-block-column-is-layout-flow\" style=\"flex-basis:33.33%\">\n<figure class=\"wp-block-image is-resized\"><a href=\"https:\/\/www.lgbtfunders.org\/\" target=\"_blank\" rel=\"noreferrer noopener\"><img loading=\"lazy\" decoding=\"async\" src=\"https:\/\/tzedeksocialjusticefund.org\/wp-content\/uploads\/2017\/03\/logo-funders-lgbtq.png\" alt=\"Funders for LGBTQ Issues\" class=\"wp-image-6258\" width=\"198\" height=\"323\"\/><\/a><\/figure>\n<\/div>\n\n\n\n<div class=\"wp-block-column is-layout-flow wp-block-column-is-layout-flow\" style=\"flex-basis:66.66%\">\n<h4 class=\"wp-block-heading\">Funders for LGBTQ Issues<\/h4>\n\n\n\n<p><a href=\"https:\/\/www.lgbtfunders.org\/\" target=\"_blank\" rel=\"noreferrer noopener\">Funders for LGBTQ Issues<\/a> trabaja para aumentar la escala y el impacto de los recursos filantr\u00f3picos destinados a mejorar el bienestar de las comunidades de lesbianas, gays, bisexuales, transg\u00e9nero y homosexuales, promover la equidad y promover la justicia racial, econ\u00f3mica y de g\u00e9nero. Es una red de m\u00e1s de 75 fundaciones, corporaciones, e instituciones financieras que colectivamente otorgan m\u00e1s de $1 mil millones al a\u00f1o, incluidos aproximadamente $100 millones dedicados espec\u00edficamente a cuestiones LGBTQ. Tres de sus iniciativas actuales incluyen <em>the Ambassador\u2019s Circle, Out in the South<\/em>, y <em>the trans funding working group.&nbsp;&nbsp;&nbsp; <\/em><\/p>\n<\/div>\n<\/div>\n\n\n\n<hr class=\"wp-block-separator is-style-wide\"\/>\n\n\n\n<div class=\"wp-block-columns is-layout-flex wp-container-core-columns-is-layout-9d6595d7 wp-block-columns-is-layout-flex\">\n<div class=\"wp-block-column is-layout-flow wp-block-column-is-layout-flow\" style=\"flex-basis:33.33%\">\n<figure class=\"wp-block-image\"><a href=\"https:\/\/www.jfunders.org\/\" target=\"_blank\" rel=\"noreferrer noopener\"><img loading=\"lazy\" decoding=\"async\" width=\"500\" height=\"154\" src=\"https:\/\/tzedeksocialjusticefund.org\/wp-content\/uploads\/2019\/11\/GSP-logo.jpg\" alt=\"Grantmakers fro Southern Progress\" class=\"wp-image-5896\"\/><\/a><\/figure>\n<\/div>\n\n\n\n<div class=\"wp-block-column is-layout-flow wp-block-column-is-layout-flow\" style=\"flex-basis:66.66%\">\n<h4 class=\"wp-block-heading\">Grantmakers for Southern Progress<\/h4>\n\n\n\n<p><a href=\"https:\/\/www.fundthesouth.org\/\" target=\"_blank\" rel=\"noreferrer noopener\">Grantmakers for Southern Progress<\/a> es una red de financiadorxs nacionales y del sur que se comprometen a fomentar comunidades pr\u00f3speras en el sur de los Estados Unidos, promoviendo cambios estructurales que den resultados equitativos. <em>Grantmakers for Southern Progress<\/em> busca lograr un progreso significativo y sostenido en los resultados econ\u00f3micos, sociales y pol\u00edticos de aquellos que est\u00e1n en peor situaci\u00f3n econ\u00f3mica, pol\u00edtica y social en el Sur. Visualizamos una regi\u00f3n que es justa y solidaria, donde todas las personas realmente tienen el poder de vivir vidas sanas, pr\u00f3speras y completas sin temor ni marginaci\u00f3n. <em>Grantmakers for Southern Progress<\/em> cree que a medida que se logren los cambios transformadores en el Sur, sentara una base indeleble para el logro de una equidad y justicia duraderas, en el pa\u00eds en general, ya que \u201cA medida que avanza el Sur, tambi\u00e9n lo hace la naci\u00f3n\u201d.<\/p>\n<\/div>\n<\/div>\n\n\n\n<hr class=\"wp-block-separator is-style-wide\"\/>\n\n\n\n<div class=\"wp-block-columns is-layout-flex wp-container-core-columns-is-layout-9d6595d7 wp-block-columns-is-layout-flex\">\n<div class=\"wp-block-column is-layout-flow wp-block-column-is-layout-flow\" style=\"flex-basis:33.33%\">\n<figure class=\"wp-block-image size-large\"><img loading=\"lazy\" decoding=\"async\" width=\"1000\" height=\"337\" src=\"https:\/\/tzedeksocialjusticefund.org\/wp-content\/uploads\/2021\/05\/Cothinkk-Logo_Trasnp_gray.png\" alt=\"\" class=\"wp-image-6722\" srcset=\"https:\/\/tzedeksocialjusticefund.org\/wp-content\/uploads\/2021\/05\/Cothinkk-Logo_Trasnp_gray.png 1000w, https:\/\/tzedeksocialjusticefund.org\/wp-content\/uploads\/2021\/05\/Cothinkk-Logo_Trasnp_gray-680x229.png 680w, https:\/\/tzedeksocialjusticefund.org\/wp-content\/uploads\/2021\/05\/Cothinkk-Logo_Trasnp_gray-768x259.png 768w\" sizes=\"auto, (max-width: 1000px) 100vw, 1000px\" \/><\/figure>\n<\/div>\n\n\n\n<div class=\"wp-block-column is-layout-flow wp-block-column-is-layout-flow\" style=\"flex-basis:66.66%\">\n<h4 class=\"wp-block-heading\">CoThinkk Giving Circle, Asheville, Carolina del Norte<\/h4>\n\n\n\n<p><a href=\"http:\/\/cothinkk.org\/\" target=\"_blank\" rel=\"noreferrer noopener\">CoThinkk\u00a0<\/a>es un c\u00edrculo de donaciones que utiliza el tiempo colectivo, el talento y el tesoro para las estrategias de inversi\u00f3n que abordan la educaci\u00f3n, la movilidad\/oportunidad econ\u00f3mica y el desarrollo de liderazgo para impactar algunos de los problemas sociales m\u00e1s cr\u00edticos que enfrentan las comunidades afroamericanas y latinas en Asheville y el oeste de Carolina del Norte. CoThinkk re\u00fane a l\u00edderes comunitarixs que se preocupan por el bienestar econ\u00f3mico y social de las comunidades de color en Asheville y el oeste de Carolina del Norte y que colectivamente quieren cambiar esa narrativa utilizando un modelo de impacto colectivo basado en los principios de equidad, desarrollo econ\u00f3mico comunitario, justicia econ\u00f3mica y social. A trav\u00e9s de los esfuerzos colectivos de sus miembros, la organizaci\u00f3n busca tener un impacto a largo plazo en cuatro \u00e1reas: cambio del panorama regional, desarrollo de liderazgo, colaboraci\u00f3n e impacto generacional.<\/p>\n<\/div>\n<\/div>\n\n\n\n<hr class=\"wp-block-separator is-style-wide\"\/>\n\n\n\n<div class=\"wp-block-columns is-layout-flex wp-container-core-columns-is-layout-9d6595d7 wp-block-columns-is-layout-flex\">\n<div class=\"wp-block-column is-layout-flow wp-block-column-is-layout-flow\" style=\"flex-basis:33.33%\">\n<figure class=\"wp-block-image\"><a href=\"http:\/\/www.secf.org\/\" target=\"_blank\" rel=\"noreferrer noopener\"><img loading=\"lazy\" decoding=\"async\" width=\"600\" height=\"166\" src=\"https:\/\/tzedeksocialjusticefund.org\/wp-content\/uploads\/2017\/03\/logo-secf.png\" alt=\"Southeastern Council of Foundations\" class=\"wp-image-6261\"\/><\/a><\/figure>\n<\/div>\n\n\n\n<div class=\"wp-block-column is-layout-flow wp-block-column-is-layout-flow\" style=\"flex-basis:66.66%\">\n<h4 class=\"wp-block-heading\">Southeastern Council of Foundations<\/h4>\n\n\n\n<p>El <a href=\"http:\/\/www.secf.org\/\" target=\"_blank\" rel=\"noreferrer noopener\">Southeastern Council of Foundations (SECF, por sus siglas en ingl\u00e9s)<\/a> es una de las asociaciones regionales m\u00e1s grandes de concesi\u00f3n de becas de la naci\u00f3n, que atiende m\u00e1s de 330 de las fundaciones m\u00e1s din\u00e1micas y programas de donaciones corporativas en el sur. SECF trabaja en asociaci\u00f3n con miembros en 11 estados del sureste para servir, fortalecer, promover y defender la voz y la infraestructura filantr\u00f3pica del sur a trav\u00e9s de una programaci\u00f3n atractiva, capacitaci\u00f3n para el desarrollo de liderazgo, acceso a recursos \u00fanicos y conexiones invaluables. Al alentar una colaboraci\u00f3n filantr\u00f3pica perspicaz, SECF crea oportunidades para aumentar el impacto de la concesi\u00f3n de becas en la regi\u00f3n y potenciar el cambio transformacional de la comunidad.<\/p>\n<\/div>\n<\/div>\n","protected":false},"excerpt":{"rendered":"<p>El fondo de justicia social de Tzedek participa en varias organizaciones de membres\u00eda que sirven a la filantrop\u00eda y comparten investigaciones, publicaciones, herramientas y otros recursos. Las organizaciones contribuyen compartiendo las mejores\u2026<\/p>\n<p class=\"readmore\"><a class=\"cta\" href=\"https:\/\/tzedeksocialjusticefund.org\/es\/social-justice-philanthropy\/philanthropic-memberships\/\">Lee M\u00e1s<\/a><\/p>\n","protected":false},"author":1,"featured_media":6262,"parent":6229,"menu_order":0,"comment_status":"closed","ping_status":"closed","template":"","meta":{"_acf_changed":false,"_exactmetrics_skip_tracking":false,"_exactmetrics_sitenote_active":false,"_exactmetrics_sitenote_note":"","_exactmetrics_sitenote_category":0,"_genesis_hide_title":false,"_genesis_hide_breadcrumbs":false,"_genesis_hide_singular_image":false,"_genesis_hide_footer_widgets":false,"_genesis_custom_body_class":"","_genesis_custom_post_class":"","_genesis_layout":"","footnotes":""},"class_list":{"0":"post-6260","1":"page","2":"type-page","3":"status-publish","4":"has-post-thumbnail","6":"entry"},"acf":[],"yoast_head":"<!-- This site is optimized with the Yoast SEO plugin v27.5 - https:\/\/yoast.com\/product\/yoast-seo-wordpress\/ -->\n<title>Philanthropic Memberships - Tzedek Social Justice Fund<\/title>\n<meta name=\"description\" content=\"Philanthropic membership organizations share research, publications, tools, and best practices.\" \/>\n<meta name=\"robots\" content=\"index, follow, max-snippet:-1, max-image-preview:large, max-video-preview:-1\" \/>\n<link rel=\"canonical\" href=\"https:\/\/tzedeksocialjusticefund.org\/es\/social-justice-philanthropy\/philanthropic-memberships\/\" \/>\n<meta property=\"og:locale\" content=\"es_ES\" \/>\n<meta property=\"og:type\" content=\"article\" \/>\n<meta property=\"og:title\" content=\"Philanthropic Memberships - Tzedek Social Justice Fund\" \/>\n<meta property=\"og:description\" content=\"Philanthropic membership organizations share research, publications, tools, and best practices.\" \/>\n<meta property=\"og:url\" content=\"https:\/\/tzedeksocialjusticefund.org\/es\/social-justice-philanthropy\/philanthropic-memberships\/\" \/>\n<meta property=\"og:site_name\" content=\"Tzedek Social Justice Fund\" \/>\n<meta property=\"article:publisher\" content=\"https:\/\/www.facebook.com\/tzedeksocialjusticefund\" \/>\n<meta property=\"article:modified_time\" content=\"2021-05-20T19:47:13+00:00\" \/>\n<meta property=\"og:image\" content=\"https:\/\/tzedeksocialjusticefund.org\/wp-content\/uploads\/2017\/02\/SOJOURN-2-copy-reduced.jpg\" \/>\n\t<meta property=\"og:image:width\" content=\"2360\" \/>\n\t<meta property=\"og:image:height\" content=\"932\" \/>\n\t<meta property=\"og:image:type\" content=\"image\/jpeg\" \/>\n<meta name=\"twitter:card\" content=\"summary_large_image\" \/>\n<meta name=\"twitter:label1\" content=\"Tiempo de lectura\" \/>\n\t<meta name=\"twitter:data1\" content=\"5 minutos\" \/>\n<script type=\"application\/ld+json\" class=\"yoast-schema-graph\">{\"@context\":\"https:\\\/\\\/schema.org\",\"@graph\":[{\"@type\":\"WebPage\",\"@id\":\"https:\\\/\\\/tzedeksocialjusticefund.org\\\/es\\\/social-justice-philanthropy\\\/philanthropic-memberships\\\/\",\"url\":\"https:\\\/\\\/tzedeksocialjusticefund.org\\\/es\\\/social-justice-philanthropy\\\/philanthropic-memberships\\\/\",\"name\":\"Philanthropic Memberships - Tzedek Social Justice Fund\",\"isPartOf\":{\"@id\":\"https:\\\/\\\/tzedeksocialjusticefund.org\\\/es\\\/#website\"},\"primaryImageOfPage\":{\"@id\":\"https:\\\/\\\/tzedeksocialjusticefund.org\\\/es\\\/social-justice-philanthropy\\\/philanthropic-memberships\\\/#primaryimage\"},\"image\":{\"@id\":\"https:\\\/\\\/tzedeksocialjusticefund.org\\\/es\\\/social-justice-philanthropy\\\/philanthropic-memberships\\\/#primaryimage\"},\"thumbnailUrl\":\"https:\\\/\\\/tzedeksocialjusticefund.org\\\/wp-content\\\/uploads\\\/2017\\\/02\\\/SOJOURN-2-copy-reduced.jpg\",\"datePublished\":\"2017-03-25T13:03:26+00:00\",\"dateModified\":\"2021-05-20T19:47:13+00:00\",\"description\":\"Philanthropic membership organizations share research, publications, tools, and best practices.\",\"breadcrumb\":{\"@id\":\"https:\\\/\\\/tzedeksocialjusticefund.org\\\/es\\\/social-justice-philanthropy\\\/philanthropic-memberships\\\/#breadcrumb\"},\"inLanguage\":\"es\",\"potentialAction\":[{\"@type\":\"ReadAction\",\"target\":[\"https:\\\/\\\/tzedeksocialjusticefund.org\\\/es\\\/social-justice-philanthropy\\\/philanthropic-memberships\\\/\"]}]},{\"@type\":\"ImageObject\",\"inLanguage\":\"es\",\"@id\":\"https:\\\/\\\/tzedeksocialjusticefund.org\\\/es\\\/social-justice-philanthropy\\\/philanthropic-memberships\\\/#primaryimage\",\"url\":\"https:\\\/\\\/tzedeksocialjusticefund.org\\\/wp-content\\\/uploads\\\/2017\\\/02\\\/SOJOURN-2-copy-reduced.jpg\",\"contentUrl\":\"https:\\\/\\\/tzedeksocialjusticefund.org\\\/wp-content\\\/uploads\\\/2017\\\/02\\\/SOJOURN-2-copy-reduced.jpg\",\"width\":2000,\"height\":790},{\"@type\":\"BreadcrumbList\",\"@id\":\"https:\\\/\\\/tzedeksocialjusticefund.org\\\/es\\\/social-justice-philanthropy\\\/philanthropic-memberships\\\/#breadcrumb\",\"itemListElement\":[{\"@type\":\"ListItem\",\"position\":1,\"name\":\"Home\",\"item\":\"https:\\\/\\\/tzedeksocialjusticefund.org\\\/es\\\/\"},{\"@type\":\"ListItem\",\"position\":2,\"name\":\"Filantrop\u00eda de Justicia Social\",\"item\":\"https:\\\/\\\/tzedeksocialjusticefund.org\\\/es\\\/social-justice-philanthropy\\\/\"},{\"@type\":\"ListItem\",\"position\":3,\"name\":\"Membres\u00edas Filantr\u00f3picas\"}]},{\"@type\":\"WebSite\",\"@id\":\"https:\\\/\\\/tzedeksocialjusticefund.org\\\/es\\\/#website\",\"url\":\"https:\\\/\\\/tzedeksocialjusticefund.org\\\/es\\\/\",\"name\":\"Tzedek Social Justice Fund\",\"description\":\"Growing Leaders to Build Change\",\"publisher\":{\"@id\":\"https:\\\/\\\/tzedeksocialjusticefund.org\\\/es\\\/#organization\"},\"potentialAction\":[{\"@type\":\"SearchAction\",\"target\":{\"@type\":\"EntryPoint\",\"urlTemplate\":\"https:\\\/\\\/tzedeksocialjusticefund.org\\\/es\\\/?s={search_term_string}\"},\"query-input\":{\"@type\":\"PropertyValueSpecification\",\"valueRequired\":true,\"valueName\":\"search_term_string\"}}],\"inLanguage\":\"es\"},{\"@type\":\"Organization\",\"@id\":\"https:\\\/\\\/tzedeksocialjusticefund.org\\\/es\\\/#organization\",\"name\":\"Tzedek Social Justice Fund\",\"url\":\"https:\\\/\\\/tzedeksocialjusticefund.org\\\/es\\\/\",\"logo\":{\"@type\":\"ImageObject\",\"inLanguage\":\"es\",\"@id\":\"https:\\\/\\\/tzedeksocialjusticefund.org\\\/es\\\/#\\\/schema\\\/logo\\\/image\\\/\",\"url\":\"https:\\\/\\\/tzedeksocialjusticefund.org\\\/wp-content\\\/uploads\\\/2022\\\/06\\\/Tzedek-Logo-Color.png\",\"contentUrl\":\"https:\\\/\\\/tzedeksocialjusticefund.org\\\/wp-content\\\/uploads\\\/2022\\\/06\\\/Tzedek-Logo-Color.png\",\"width\":817,\"height\":406,\"caption\":\"Tzedek Social Justice Fund\"},\"image\":{\"@id\":\"https:\\\/\\\/tzedeksocialjusticefund.org\\\/es\\\/#\\\/schema\\\/logo\\\/image\\\/\"},\"sameAs\":[\"https:\\\/\\\/www.facebook.com\\\/tzedeksocialjusticefund\",\"https:\\\/\\\/www.instagram.com\\\/tzedeksocialjusticefund\\\/\",\"https:\\\/\\\/www.linkedin.com\\\/company\\\/tzedek-social-justice-fund\\\/\",\"https:\\\/\\\/www.youtube.com\\\/channel\\\/UCNpiSO2h1wtDOwbJoCJUzJQ\"]}]}<\/script>\n<!-- \/ Yoast SEO plugin. -->","yoast_head_json":{"title":"Philanthropic Memberships - Tzedek Social Justice Fund","description":"Philanthropic membership organizations share research, publications, tools, and best practices.","robots":{"index":"index","follow":"follow","max-snippet":"max-snippet:-1","max-image-preview":"max-image-preview:large","max-video-preview":"max-video-preview:-1"},"canonical":"https:\/\/tzedeksocialjusticefund.org\/es\/social-justice-philanthropy\/philanthropic-memberships\/","og_locale":"es_ES","og_type":"article","og_title":"Philanthropic Memberships - Tzedek Social Justice Fund","og_description":"Philanthropic membership organizations share research, publications, tools, and best practices.","og_url":"https:\/\/tzedeksocialjusticefund.org\/es\/social-justice-philanthropy\/philanthropic-memberships\/","og_site_name":"Tzedek Social Justice Fund","article_publisher":"https:\/\/www.facebook.com\/tzedeksocialjusticefund","article_modified_time":"2021-05-20T19:47:13+00:00","og_image":[{"width":2360,"height":932,"url":"https:\/\/tzedeksocialjusticefund.org\/wp-content\/uploads\/2017\/02\/SOJOURN-2-copy-reduced.jpg","type":"image\/jpeg"}],"twitter_card":"summary_large_image","twitter_misc":{"Tiempo de lectura":"5 minutos"},"schema":{"@context":"https:\/\/schema.org","@graph":[{"@type":"WebPage","@id":"https:\/\/tzedeksocialjusticefund.org\/es\/social-justice-philanthropy\/philanthropic-memberships\/","url":"https:\/\/tzedeksocialjusticefund.org\/es\/social-justice-philanthropy\/philanthropic-memberships\/","name":"Philanthropic Memberships - Tzedek Social Justice Fund","isPartOf":{"@id":"https:\/\/tzedeksocialjusticefund.org\/es\/#website"},"primaryImageOfPage":{"@id":"https:\/\/tzedeksocialjusticefund.org\/es\/social-justice-philanthropy\/philanthropic-memberships\/#primaryimage"},"image":{"@id":"https:\/\/tzedeksocialjusticefund.org\/es\/social-justice-philanthropy\/philanthropic-memberships\/#primaryimage"},"thumbnailUrl":"https:\/\/tzedeksocialjusticefund.org\/wp-content\/uploads\/2017\/02\/SOJOURN-2-copy-reduced.jpg","datePublished":"2017-03-25T13:03:26+00:00","dateModified":"2021-05-20T19:47:13+00:00","description":"Philanthropic membership organizations share research, publications, tools, and best practices.","breadcrumb":{"@id":"https:\/\/tzedeksocialjusticefund.org\/es\/social-justice-philanthropy\/philanthropic-memberships\/#breadcrumb"},"inLanguage":"es","potentialAction":[{"@type":"ReadAction","target":["https:\/\/tzedeksocialjusticefund.org\/es\/social-justice-philanthropy\/philanthropic-memberships\/"]}]},{"@type":"ImageObject","inLanguage":"es","@id":"https:\/\/tzedeksocialjusticefund.org\/es\/social-justice-philanthropy\/philanthropic-memberships\/#primaryimage","url":"https:\/\/tzedeksocialjusticefund.org\/wp-content\/uploads\/2017\/02\/SOJOURN-2-copy-reduced.jpg","contentUrl":"https:\/\/tzedeksocialjusticefund.org\/wp-content\/uploads\/2017\/02\/SOJOURN-2-copy-reduced.jpg","width":2000,"height":790},{"@type":"BreadcrumbList","@id":"https:\/\/tzedeksocialjusticefund.org\/es\/social-justice-philanthropy\/philanthropic-memberships\/#breadcrumb","itemListElement":[{"@type":"ListItem","position":1,"name":"Home","item":"https:\/\/tzedeksocialjusticefund.org\/es\/"},{"@type":"ListItem","position":2,"name":"Filantrop\u00eda de Justicia Social","item":"https:\/\/tzedeksocialjusticefund.org\/es\/social-justice-philanthropy\/"},{"@type":"ListItem","position":3,"name":"Membres\u00edas Filantr\u00f3picas"}]},{"@type":"WebSite","@id":"https:\/\/tzedeksocialjusticefund.org\/es\/#website","url":"https:\/\/tzedeksocialjusticefund.org\/es\/","name":"Tzedek Social Justice Fund","description":"Growing Leaders to Build Change","publisher":{"@id":"https:\/\/tzedeksocialjusticefund.org\/es\/#organization"},"potentialAction":[{"@type":"SearchAction","target":{"@type":"EntryPoint","urlTemplate":"https:\/\/tzedeksocialjusticefund.org\/es\/?s={search_term_string}"},"query-input":{"@type":"PropertyValueSpecification","valueRequired":true,"valueName":"search_term_string"}}],"inLanguage":"es"},{"@type":"Organization","@id":"https:\/\/tzedeksocialjusticefund.org\/es\/#organization","name":"Tzedek Social Justice Fund","url":"https:\/\/tzedeksocialjusticefund.org\/es\/","logo":{"@type":"ImageObject","inLanguage":"es","@id":"https:\/\/tzedeksocialjusticefund.org\/es\/#\/schema\/logo\/image\/","url":"https:\/\/tzedeksocialjusticefund.org\/wp-content\/uploads\/2022\/06\/Tzedek-Logo-Color.png","contentUrl":"https:\/\/tzedeksocialjusticefund.org\/wp-content\/uploads\/2022\/06\/Tzedek-Logo-Color.png","width":817,"height":406,"caption":"Tzedek Social Justice Fund"},"image":{"@id":"https:\/\/tzedeksocialjusticefund.org\/es\/#\/schema\/logo\/image\/"},"sameAs":["https:\/\/www.facebook.com\/tzedeksocialjusticefund","https:\/\/www.instagram.com\/tzedeksocialjusticefund\/","https:\/\/www.linkedin.com\/company\/tzedek-social-justice-fund\/","https:\/\/www.youtube.com\/channel\/UCNpiSO2h1wtDOwbJoCJUzJQ"]}]}},"_links":{"self":[{"href":"https:\/\/tzedeksocialjusticefund.org\/es\/wp-json\/wp\/v2\/pages\/6260","targetHints":{"allow":["GET"]}}],"collection":[{"href":"https:\/\/tzedeksocialjusticefund.org\/es\/wp-json\/wp\/v2\/pages"}],"about":[{"href":"https:\/\/tzedeksocialjusticefund.org\/es\/wp-json\/wp\/v2\/types\/page"}],"author":[{"embeddable":true,"href":"https:\/\/tzedeksocialjusticefund.org\/es\/wp-json\/wp\/v2\/users\/1"}],"replies":[{"embeddable":true,"href":"https:\/\/tzedeksocialjusticefund.org\/es\/wp-json\/wp\/v2\/comments?post=6260"}],"version-history":[{"count":0,"href":"https:\/\/tzedeksocialjusticefund.org\/es\/wp-json\/wp\/v2\/pages\/6260\/revisions"}],"up":[{"embeddable":true,"href":"https:\/\/tzedeksocialjusticefund.org\/es\/wp-json\/wp\/v2\/pages\/6229"}],"wp:featuredmedia":[{"embeddable":true,"href":"https:\/\/tzedeksocialjusticefund.org\/es\/wp-json\/wp\/v2\/media\/6262"}],"wp:attachment":[{"href":"https:\/\/tzedeksocialjusticefund.org\/es\/wp-json\/wp\/v2\/media?parent=6260"}],"curies":[{"name":"wp","href":"https:\/\/api.w.org\/{rel}","templated":true}]}}