{"id":6229,"date":"2019-11-21T17:04:45","date_gmt":"2019-11-21T22:04:45","guid":{"rendered":"http:\/\/tzedekfellowship.org\/social-justice-philanthropy\/"},"modified":"2020-09-15T16:57:28","modified_gmt":"2020-09-15T20:57:28","slug":"social-justice-philanthropy","status":"publish","type":"page","link":"https:\/\/tzedeksocialjusticefund.org\/es\/social-justice-philanthropy\/","title":{"rendered":"Filantrop\u00eda de Justicia Social"},"content":{"rendered":"\n<p style=\"font-size:28px\">En Tzedek nuestro objetivo es hacer m\u00e1s que escribir cheques. \u00bfC\u00f3mo podemos ser c\u00f3mplices de la justicia y de la liberaci\u00f3n? Al centrar una visi\u00f3n de la filantrop\u00eda de justicia social en nuestro trabajo, nos esforzamos por ser aliadxs y colaboradorxs de confianza.<\/p>\n\n\n\n<p><span style=\"font-weight: 400;\">Esto es lo que sabemos que es verdad:<\/span><\/p>\n\n\n\n<ul class=\"wp-block-list\"><li>Las personas directamente afectadas por los sistemas de opresi\u00f3n est\u00e1n mejor posicionadas para liderar el trabajo para transformar nuestro mundo. Nuestras identidades no simplemente dan forma a nuestra experiencia del mundo. Nuestras identidades son una fuente de experiencia.<\/li><li>La filantrop\u00eda es un sistema basado en la explotaci\u00f3n laboral y el acaparamiento de riqueza. Nos acercamos a nuestra concesi\u00f3n de becas como un primer paso en un proceso m\u00e1s amplio de redistribuci\u00f3n de dinero, recursos y poder.&nbsp;<\/li><li>De manera relacionad, la concesi\u00f3n de becas debe ser accesible. La carga de aplicaciones y los requisitos de informes inhiben el acceso a los fondos de lxs m\u00e1s marginadxs. Esta es una forma en que la filantrop\u00eda juega un papel directo en la perpetuaci\u00f3n de los sistemas de opresi\u00f3n. La <a href=\"https:\/\/trustbasedphilanthropy.org\/\" target=\"_blank\" rel=\"noreferrer noopener\">filantrop\u00eda basada en la confianza<\/a> nos ayuda a volver a imaginar c\u00f3mo puede ser la concesi\u00f3n de becas.<\/li><li>La transparencia es una pr\u00e1ctica esencial para sanar heridas creadas por la filantrop\u00eda. Nuestro objetivo es aprender en p\u00fablico, decir la verdad sobre cu\u00e1ndo no cumplimos con nuestros valores y solicitar la sabidur\u00eda invaluable de nuestros brillantes beneficiarixs.<\/li><li>La filantrop\u00eda de la justicia social requiere relaciones profundas y aut\u00e9nticas. Requiere mostrarse en la comunidad: compartir una comida, apilar las sillas a un lado de la otra, contar historias, escuchar con atenci\u00f3n, hacer llamadas bancarias juntxs. Cuando sentimos que nuestras vidas est\u00e1n unidas, nuestro trabajo se basa en nuestra liberaci\u00f3n compartida. Esto es esencial para desmantelar el poder de arriba hacia abajo sobre el legado de la filantrop\u00eda.&nbsp;<\/li><\/ul>\n\n\n\n<p><span style=\"font-weight: 400;\">Estas verdades dan forma a nuestro enfoque de filantrop\u00eda.<\/span><\/p>\n\n\n\n<p><strong>COMPROMISOS DE LA CONCESI\u00d3N DE BECAS ORGANIZACIONALES&nbsp;<\/strong><\/p>\n\n\n\n<p>En el proceso de realinear y dise\u00f1ar nuestra concesi\u00f3n de becas, confiamos en nuestra investigaci\u00f3n comunitaria. All\u00ed, lxs beneficiarixs, lxs l\u00edderes de la comunidad, y lxs colegas en quienes confiamos revelaron lo que se necesita de lxs financiadorxs en este momento. Los siguientes compromisos se basan en nuestros valores y pr\u00e1cticas organizacionales. Estos compromisos configuran el aspecto de nuestras ofertas de concesi\u00f3n de becas y nuestro trabajo diario de concesi\u00f3n de becas.&nbsp;<\/p>\n\n\n\n<p><strong>Priorizamos la experiencia, la autodeterminaci\u00f3n y la agencia de lxs beneficiarixs mediante\u2026&nbsp;<\/strong><\/p>\n\n\n\n<ul class=\"wp-block-list\"><li>Construir relaciones con lxs beneficiarixs a trav\u00e9s de una conversaci\u00f3n intencional.<\/li><li>Proporcionar financiaci\u00f3n sin restricciones de varios a\u00f1os como la norma en nuestra concesi\u00f3n de becas organizacional general.&nbsp;<\/li><li>Simplificar y racionalizar el papeleo y los procesos.&nbsp;<\/li><li>Confiando en que las organizaciones y los lideres saben lo que necesitan y est\u00e1n mejor posicionadxs para tomar decisiones sobre la estrategia y c\u00f3mo se utilizan los fondos.&nbsp;<\/li><\/ul>\n\n\n\n<p><strong>Ofrecemos soporte m\u00e1s all\u00e1 de los cheques al\u2026<\/strong><\/p>\n\n\n\n<ul class=\"wp-block-list\"><li>Abogando con otrxs financiadorxs, organizaciones comunitarias, y gobiernos locales para crear sistemas y procesos que sirvan a nuestrxs beneficiarixs.&nbsp;<\/li><li>Redistribuir otros recursos, incluidos el espacio, las habilidades, las redes y las relaciones.<\/li><li>Redistribuir el poder mediante la solicitud e incorporaci\u00f3n peri\u00f3dica de comentarios y avanzar hacia la concesi\u00f3n participativa de becas a nivel comunitario.&nbsp;<\/li><\/ul>\n\n\n\n<p><strong>Nos comunicamos directamente con transparencia y coraz\u00f3n por\u2026<\/strong><\/p>\n\n\n\n<ul class=\"wp-block-list\"><li>Ser honestx sobre las estructuras organizativas y legales en las que estamos trabajando.<\/li><li>Compartir como se toman las decisiones.<\/li><li>Desmitificar el trabajo de unx financiadorx comunic\u00e1ndose de manera simple y clara.<\/li><\/ul>\n\n\n\n<p>Para obtener m\u00e1s informaci\u00f3n sobre la filantrop\u00eda de la justicia social, recomendamos los siguientes recursos:&nbsp;<\/p>\n\n\n\n<p><a href=\"https:\/\/trustbasedphilanthropy.org\/\" target=\"_blank\" rel=\"noreferrer noopener\">Filantrop\u00eda basada en la confianza<\/a>&nbsp;<\/p>\n\n\n\n<p><a href=\"http:\/\/justicefunders.org\/resonance\/\" target=\"_blank\" rel=\"noreferrer noopener\">Marco de resonancia de lxs financiadorxs de justicia&nbsp;<\/a><\/p>\n\n\n\n<p><a href=\"https:\/\/nonprofitaf.com\/\" target=\"_blank\" rel=\"noreferrer noopener\">Nonprofit AF<\/a>&nbsp;<\/p>\n\n\n\n<p><a href=\"http:\/\/changephilanthropy.org\/\" target=\"_blank\" rel=\"noreferrer noopener\">Cambiar la filantrop\u00eda<\/a>&nbsp;<\/p>\n\n\n\n<p><a href=\"https:\/\/grantcraft.org\/content-series\/participatory-grantmaking\/\" target=\"_blank\" rel=\"noreferrer noopener\">Concesi\u00f3n participativa de becas.&nbsp;<\/a><\/p>\n","protected":false},"excerpt":{"rendered":"<p>En Tzedek nuestro objetivo es hacer m\u00e1s que escribir cheques. \u00bfC\u00f3mo podemos ser c\u00f3mplices de la justicia y de la liberaci\u00f3n? Al centrar una visi\u00f3n de la filantrop\u00eda de justicia social en\u2026<\/p>\n<p class=\"readmore\"><a class=\"cta\" href=\"https:\/\/tzedeksocialjusticefund.org\/es\/social-justice-philanthropy\/\">Lee M\u00e1s<\/a><\/p>\n","protected":false},"author":7,"featured_media":6230,"parent":0,"menu_order":0,"comment_status":"closed","ping_status":"closed","template":"","meta":{"_acf_changed":false,"_exactmetrics_skip_tracking":false,"_exactmetrics_sitenote_active":false,"_exactmetrics_sitenote_note":"","_exactmetrics_sitenote_category":0,"_genesis_hide_title":false,"_genesis_hide_breadcrumbs":false,"_genesis_hide_singular_image":false,"_genesis_hide_footer_widgets":false,"_genesis_custom_body_class":"","_genesis_custom_post_class":"","_genesis_layout":"","footnotes":""},"class_list":{"0":"post-6229","1":"page","2":"type-page","3":"status-publish","4":"has-post-thumbnail","6":"entry"},"acf":[],"yoast_head":"<!-- This site is optimized with the Yoast SEO plugin v27.5 - https:\/\/yoast.com\/product\/yoast-seo-wordpress\/ -->\n<title>Social Justice Philanthropy - Tzedek Social Justice Fund<\/title>\n<meta name=\"description\" content=\"We focus on building transparent, collaborative, and transformative processes to trust-based philanthropy.\" \/>\n<meta name=\"robots\" content=\"index, follow, max-snippet:-1, max-image-preview:large, max-video-preview:-1\" \/>\n<link rel=\"canonical\" href=\"https:\/\/tzedeksocialjusticefund.org\/es\/social-justice-philanthropy\/\" \/>\n<meta property=\"og:locale\" content=\"es_ES\" \/>\n<meta property=\"og:type\" content=\"article\" \/>\n<meta property=\"og:title\" content=\"Social Justice Philanthropy - Tzedek Social Justice Fund\" \/>\n<meta property=\"og:description\" content=\"We focus on building transparent, collaborative, and transformative processes to trust-based philanthropy.\" \/>\n<meta property=\"og:url\" content=\"https:\/\/tzedeksocialjusticefund.org\/es\/social-justice-philanthropy\/\" \/>\n<meta property=\"og:site_name\" content=\"Tzedek Social Justice Fund\" \/>\n<meta property=\"article:publisher\" content=\"https:\/\/www.facebook.com\/tzedeksocialjusticefund\" \/>\n<meta property=\"article:modified_time\" content=\"2020-09-15T20:57:28+00:00\" \/>\n<meta property=\"og:image\" content=\"https:\/\/tzedeksocialjusticefund.org\/wp-content\/uploads\/2017\/03\/header-books-aloe.jpg\" \/>\n\t<meta property=\"og:image:width\" content=\"2180\" \/>\n\t<meta property=\"og:image:height\" content=\"858\" \/>\n\t<meta property=\"og:image:type\" content=\"image\/jpeg\" \/>\n<meta name=\"twitter:card\" content=\"summary_large_image\" \/>\n<meta name=\"twitter:label1\" content=\"Tiempo de lectura\" \/>\n\t<meta name=\"twitter:data1\" content=\"3 minutos\" \/>\n<script type=\"application\/ld+json\" class=\"yoast-schema-graph\">{\"@context\":\"https:\\\/\\\/schema.org\",\"@graph\":[{\"@type\":\"WebPage\",\"@id\":\"https:\\\/\\\/tzedeksocialjusticefund.org\\\/es\\\/social-justice-philanthropy\\\/\",\"url\":\"https:\\\/\\\/tzedeksocialjusticefund.org\\\/es\\\/social-justice-philanthropy\\\/\",\"name\":\"Social Justice Philanthropy - Tzedek Social Justice Fund\",\"isPartOf\":{\"@id\":\"https:\\\/\\\/tzedeksocialjusticefund.org\\\/es\\\/#website\"},\"primaryImageOfPage\":{\"@id\":\"https:\\\/\\\/tzedeksocialjusticefund.org\\\/es\\\/social-justice-philanthropy\\\/#primaryimage\"},\"image\":{\"@id\":\"https:\\\/\\\/tzedeksocialjusticefund.org\\\/es\\\/social-justice-philanthropy\\\/#primaryimage\"},\"thumbnailUrl\":\"https:\\\/\\\/tzedeksocialjusticefund.org\\\/wp-content\\\/uploads\\\/2017\\\/03\\\/header-books-aloe.jpg\",\"datePublished\":\"2019-11-21T22:04:45+00:00\",\"dateModified\":\"2020-09-15T20:57:28+00:00\",\"description\":\"We focus on building transparent, collaborative, and transformative processes to trust-based philanthropy.\",\"breadcrumb\":{\"@id\":\"https:\\\/\\\/tzedeksocialjusticefund.org\\\/es\\\/social-justice-philanthropy\\\/#breadcrumb\"},\"inLanguage\":\"es\",\"potentialAction\":[{\"@type\":\"ReadAction\",\"target\":[\"https:\\\/\\\/tzedeksocialjusticefund.org\\\/es\\\/social-justice-philanthropy\\\/\"]}]},{\"@type\":\"ImageObject\",\"inLanguage\":\"es\",\"@id\":\"https:\\\/\\\/tzedeksocialjusticefund.org\\\/es\\\/social-justice-philanthropy\\\/#primaryimage\",\"url\":\"https:\\\/\\\/tzedeksocialjusticefund.org\\\/wp-content\\\/uploads\\\/2017\\\/03\\\/header-books-aloe.jpg\",\"contentUrl\":\"https:\\\/\\\/tzedeksocialjusticefund.org\\\/wp-content\\\/uploads\\\/2017\\\/03\\\/header-books-aloe.jpg\",\"width\":2180,\"height\":858},{\"@type\":\"BreadcrumbList\",\"@id\":\"https:\\\/\\\/tzedeksocialjusticefund.org\\\/es\\\/social-justice-philanthropy\\\/#breadcrumb\",\"itemListElement\":[{\"@type\":\"ListItem\",\"position\":1,\"name\":\"Home\",\"item\":\"https:\\\/\\\/tzedeksocialjusticefund.org\\\/es\\\/\"},{\"@type\":\"ListItem\",\"position\":2,\"name\":\"Filantrop\u00eda de Justicia Social\"}]},{\"@type\":\"WebSite\",\"@id\":\"https:\\\/\\\/tzedeksocialjusticefund.org\\\/es\\\/#website\",\"url\":\"https:\\\/\\\/tzedeksocialjusticefund.org\\\/es\\\/\",\"name\":\"Tzedek Social Justice Fund\",\"description\":\"Growing Leaders to Build Change\",\"publisher\":{\"@id\":\"https:\\\/\\\/tzedeksocialjusticefund.org\\\/es\\\/#organization\"},\"potentialAction\":[{\"@type\":\"SearchAction\",\"target\":{\"@type\":\"EntryPoint\",\"urlTemplate\":\"https:\\\/\\\/tzedeksocialjusticefund.org\\\/es\\\/?s={search_term_string}\"},\"query-input\":{\"@type\":\"PropertyValueSpecification\",\"valueRequired\":true,\"valueName\":\"search_term_string\"}}],\"inLanguage\":\"es\"},{\"@type\":\"Organization\",\"@id\":\"https:\\\/\\\/tzedeksocialjusticefund.org\\\/es\\\/#organization\",\"name\":\"Tzedek Social Justice Fund\",\"url\":\"https:\\\/\\\/tzedeksocialjusticefund.org\\\/es\\\/\",\"logo\":{\"@type\":\"ImageObject\",\"inLanguage\":\"es\",\"@id\":\"https:\\\/\\\/tzedeksocialjusticefund.org\\\/es\\\/#\\\/schema\\\/logo\\\/image\\\/\",\"url\":\"https:\\\/\\\/tzedeksocialjusticefund.org\\\/wp-content\\\/uploads\\\/2022\\\/06\\\/Tzedek-Logo-Color.png\",\"contentUrl\":\"https:\\\/\\\/tzedeksocialjusticefund.org\\\/wp-content\\\/uploads\\\/2022\\\/06\\\/Tzedek-Logo-Color.png\",\"width\":817,\"height\":406,\"caption\":\"Tzedek Social Justice Fund\"},\"image\":{\"@id\":\"https:\\\/\\\/tzedeksocialjusticefund.org\\\/es\\\/#\\\/schema\\\/logo\\\/image\\\/\"},\"sameAs\":[\"https:\\\/\\\/www.facebook.com\\\/tzedeksocialjusticefund\",\"https:\\\/\\\/www.instagram.com\\\/tzedeksocialjusticefund\\\/\",\"https:\\\/\\\/www.linkedin.com\\\/company\\\/tzedek-social-justice-fund\\\/\",\"https:\\\/\\\/www.youtube.com\\\/channel\\\/UCNpiSO2h1wtDOwbJoCJUzJQ\"]}]}<\/script>\n<!-- \/ Yoast SEO plugin. -->","yoast_head_json":{"title":"Social Justice Philanthropy - Tzedek Social Justice Fund","description":"We focus on building transparent, collaborative, and transformative processes to trust-based philanthropy.","robots":{"index":"index","follow":"follow","max-snippet":"max-snippet:-1","max-image-preview":"max-image-preview:large","max-video-preview":"max-video-preview:-1"},"canonical":"https:\/\/tzedeksocialjusticefund.org\/es\/social-justice-philanthropy\/","og_locale":"es_ES","og_type":"article","og_title":"Social Justice Philanthropy - Tzedek Social Justice Fund","og_description":"We focus on building transparent, collaborative, and transformative processes to trust-based philanthropy.","og_url":"https:\/\/tzedeksocialjusticefund.org\/es\/social-justice-philanthropy\/","og_site_name":"Tzedek Social Justice Fund","article_publisher":"https:\/\/www.facebook.com\/tzedeksocialjusticefund","article_modified_time":"2020-09-15T20:57:28+00:00","og_image":[{"width":2180,"height":858,"url":"https:\/\/tzedeksocialjusticefund.org\/wp-content\/uploads\/2017\/03\/header-books-aloe.jpg","type":"image\/jpeg"}],"twitter_card":"summary_large_image","twitter_misc":{"Tiempo de lectura":"3 minutos"},"schema":{"@context":"https:\/\/schema.org","@graph":[{"@type":"WebPage","@id":"https:\/\/tzedeksocialjusticefund.org\/es\/social-justice-philanthropy\/","url":"https:\/\/tzedeksocialjusticefund.org\/es\/social-justice-philanthropy\/","name":"Social Justice Philanthropy - Tzedek Social Justice Fund","isPartOf":{"@id":"https:\/\/tzedeksocialjusticefund.org\/es\/#website"},"primaryImageOfPage":{"@id":"https:\/\/tzedeksocialjusticefund.org\/es\/social-justice-philanthropy\/#primaryimage"},"image":{"@id":"https:\/\/tzedeksocialjusticefund.org\/es\/social-justice-philanthropy\/#primaryimage"},"thumbnailUrl":"https:\/\/tzedeksocialjusticefund.org\/wp-content\/uploads\/2017\/03\/header-books-aloe.jpg","datePublished":"2019-11-21T22:04:45+00:00","dateModified":"2020-09-15T20:57:28+00:00","description":"We focus on building transparent, collaborative, and transformative processes to trust-based philanthropy.","breadcrumb":{"@id":"https:\/\/tzedeksocialjusticefund.org\/es\/social-justice-philanthropy\/#breadcrumb"},"inLanguage":"es","potentialAction":[{"@type":"ReadAction","target":["https:\/\/tzedeksocialjusticefund.org\/es\/social-justice-philanthropy\/"]}]},{"@type":"ImageObject","inLanguage":"es","@id":"https:\/\/tzedeksocialjusticefund.org\/es\/social-justice-philanthropy\/#primaryimage","url":"https:\/\/tzedeksocialjusticefund.org\/wp-content\/uploads\/2017\/03\/header-books-aloe.jpg","contentUrl":"https:\/\/tzedeksocialjusticefund.org\/wp-content\/uploads\/2017\/03\/header-books-aloe.jpg","width":2180,"height":858},{"@type":"BreadcrumbList","@id":"https:\/\/tzedeksocialjusticefund.org\/es\/social-justice-philanthropy\/#breadcrumb","itemListElement":[{"@type":"ListItem","position":1,"name":"Home","item":"https:\/\/tzedeksocialjusticefund.org\/es\/"},{"@type":"ListItem","position":2,"name":"Filantrop\u00eda de Justicia Social"}]},{"@type":"WebSite","@id":"https:\/\/tzedeksocialjusticefund.org\/es\/#website","url":"https:\/\/tzedeksocialjusticefund.org\/es\/","name":"Tzedek Social Justice Fund","description":"Growing Leaders to Build Change","publisher":{"@id":"https:\/\/tzedeksocialjusticefund.org\/es\/#organization"},"potentialAction":[{"@type":"SearchAction","target":{"@type":"EntryPoint","urlTemplate":"https:\/\/tzedeksocialjusticefund.org\/es\/?s={search_term_string}"},"query-input":{"@type":"PropertyValueSpecification","valueRequired":true,"valueName":"search_term_string"}}],"inLanguage":"es"},{"@type":"Organization","@id":"https:\/\/tzedeksocialjusticefund.org\/es\/#organization","name":"Tzedek Social Justice Fund","url":"https:\/\/tzedeksocialjusticefund.org\/es\/","logo":{"@type":"ImageObject","inLanguage":"es","@id":"https:\/\/tzedeksocialjusticefund.org\/es\/#\/schema\/logo\/image\/","url":"https:\/\/tzedeksocialjusticefund.org\/wp-content\/uploads\/2022\/06\/Tzedek-Logo-Color.png","contentUrl":"https:\/\/tzedeksocialjusticefund.org\/wp-content\/uploads\/2022\/06\/Tzedek-Logo-Color.png","width":817,"height":406,"caption":"Tzedek Social Justice Fund"},"image":{"@id":"https:\/\/tzedeksocialjusticefund.org\/es\/#\/schema\/logo\/image\/"},"sameAs":["https:\/\/www.facebook.com\/tzedeksocialjusticefund","https:\/\/www.instagram.com\/tzedeksocialjusticefund\/","https:\/\/www.linkedin.com\/company\/tzedek-social-justice-fund\/","https:\/\/www.youtube.com\/channel\/UCNpiSO2h1wtDOwbJoCJUzJQ"]}]}},"_links":{"self":[{"href":"https:\/\/tzedeksocialjusticefund.org\/es\/wp-json\/wp\/v2\/pages\/6229","targetHints":{"allow":["GET"]}}],"collection":[{"href":"https:\/\/tzedeksocialjusticefund.org\/es\/wp-json\/wp\/v2\/pages"}],"about":[{"href":"https:\/\/tzedeksocialjusticefund.org\/es\/wp-json\/wp\/v2\/types\/page"}],"author":[{"embeddable":true,"href":"https:\/\/tzedeksocialjusticefund.org\/es\/wp-json\/wp\/v2\/users\/7"}],"replies":[{"embeddable":true,"href":"https:\/\/tzedeksocialjusticefund.org\/es\/wp-json\/wp\/v2\/comments?post=6229"}],"version-history":[{"count":0,"href":"https:\/\/tzedeksocialjusticefund.org\/es\/wp-json\/wp\/v2\/pages\/6229\/revisions"}],"wp:featuredmedia":[{"embeddable":true,"href":"https:\/\/tzedeksocialjusticefund.org\/es\/wp-json\/wp\/v2\/media\/6230"}],"wp:attachment":[{"href":"https:\/\/tzedeksocialjusticefund.org\/es\/wp-json\/wp\/v2\/media?parent=6229"}],"curies":[{"name":"wp","href":"https:\/\/api.w.org\/{rel}","templated":true}]}}