{"id":6033,"date":"2019-11-21T16:48:56","date_gmt":"2019-11-21T21:48:56","guid":{"rendered":"http:\/\/tzedekfellowship.org\/?page_id=6033"},"modified":"2023-06-26T11:15:51","modified_gmt":"2023-06-26T15:15:51","slug":"a-quien-financiamos","status":"publish","type":"page","link":"https:\/\/tzedeksocialjusticefund.org\/es\/a-quien-financiamos\/","title":{"rendered":"A Qui\u00e9n Financiamos"},"content":{"rendered":"\n<p style=\"font-size:28px\">El Fondo de justicia social de Tzedek invierte en&nbsp; <a href=\"https:\/\/tzedeksocialjusticefund.org\/es\/a-quien-financiamos\/organizations\/\">organizaciones<\/a>, <a href=\"https:\/\/tzedeksocialjusticefund.org\/es\/a-quien-financiamos\/organizations\/\">organizaciones<\/a> sin fines de lucro, y <a href=\"https:\/\/tzedeksocialjusticefund.org\/es\/a-quien-financiamos\/individuals\/\">l\u00edderes<\/a> trabajando en las siguientes \u00e1reas.&nbsp;<\/p>\n\n\n\n<h3 class=\"wp-block-heading\">Justicia LGBTQ<\/h3>\n\n\n\n<p>El fondo de justicia social de Tzedek est\u00e1 invertido en un trabajo que celebra y afirma la vida de las personas lesbianas, gays, bisexuales, transg\u00e9nero y homosexuales. Sabemos que muchas personas LGBTQ todav\u00eda no son bienvenidas en las cenas de sus familias o no pueden acceder a una atenci\u00f3n medica culturalmente competente o presumen de seguridad. Aunque el activismo LGBTQ ha estado dominado por la igualdad matrimonial (y personas blancas y con recursos), creemos que la justicia LGBTQ depende de trabajar en coaliciones y pensar de manera interseccional.&nbsp;<\/p>\n\n\n\n<p>Hay tanto trabajo por hacer: desde la protecci\u00f3n del empleo hasta el acceso a la atenci\u00f3n m\u00e9dica, desde cambiar la cultura de la homofobia en las escuelas hasta resistir la sobrecriminalizaci\u00f3n, desde abogar por les j\u00f3venes homosexuales sin hogar hasta combatir el estigma persistente del VIH\/SIDA. Estamos en un momento cr\u00edtico.<\/p>\n\n\n\n<h3 class=\"wp-block-heading\">Justicia racial<\/h3>\n\n\n\n<p>Las historias profundas y los sistemas duraderos han creado disparidades raciales en los Estados Unidos. Estas disparidades no se reparan solamente mediante la capacitaci\u00f3n en diversidad, la lucha contra los estereotipos o el desaf\u00edo de la discriminaci\u00f3n interpersonal. Por lo tanto, el Fondo de justicia social Tzedek se invierte en trabajos que abordan los fundamentos econ\u00f3micos, culturales y legales a la supremac\u00eda blanca.<\/p>\n\n\n\n<p>Reconocemos que la blancura es un estado privilegiado, incluso cuando se complica por otras formas de opresi\u00f3n como la homofobia y el clasismo. Y entendemos que el racismo es una crisis. La evidencia se encuentra cuando miramos el complejo industrial de la prisi\u00f3n, la desigualdad de ingresos y las disparidades de salud. El trabajo de Tzedek es resistir los patrones que profundizan la injusticia racial.&nbsp;<\/p>\n\n\n\n<p>El trabajo de justicia social tiene una larga historia de ignorar c\u00f3mo se desarrolla el racismo en los movimientos. Los bancos han dominado el micr\u00f3fono y la agenda. Al centrar la equidad racial, estamos nombrando que no hay justicia social sin erradicar el racismo.<\/p>\n\n\n\n<h3 class=\"wp-block-heading\">Desmantelamiento del antisemitismo<\/h3>\n\n\n\n<p>Nuestro trabajo est\u00e1 formado por una compresi\u00f3n de la historia jud\u00eda y una profunda conciencia de que la violencia es posible cuando un grupo marginado est\u00e1 sujeto a un poder y dominaci\u00f3n ilimitados. Las oleadas de antisemitismo brotan diariamente en los Estados Unidos y Europa. En un paisaje de opresi\u00f3n, el antisemitismo a veces es silencioso, pero se despierta f\u00e1cilmente cuando se necesita un chivo expiatorio. Las realidades del antisemitismo a menudo se borran de los espacios de justicia social que dicen ser interseccionales. &nbsp;<\/p>\n\n\n\n<p>Creemos que esta profunda exclusi\u00f3n compromete la capacidad de nuestros movimientos para responder a la injusticia, en t\u00e9rminos generales. Sabemos que desmantelamiento del antisemitismo junto con el racismo anti negro, la islamofobia y xenofobia es esencial para construir coaliciones s\u00f3lidas.&nbsp;<\/p>\n\n\n\n<h3 class=\"wp-block-heading\">\u00c1mbito geogr\u00e1fico<\/h3>\n\n\n\n<figure class=\"wp-block-image size-large is-resized\"><a href=\"https:\/\/goo.gl\/maps\/kB7erGqfK61yTd9r6\"><img loading=\"lazy\" decoding=\"async\" src=\"https:\/\/tzedeksocialjusticefund.org\/wp-content\/uploads\/2023\/02\/Screenshot-2023-02-18-at-6.00.59-AM-1280x800.png\" alt=\"\" class=\"wp-image-7481\" width=\"960\" height=\"600\" srcset=\"https:\/\/tzedeksocialjusticefund.org\/wp-content\/uploads\/2023\/02\/Screenshot-2023-02-18-at-6.00.59-AM-1280x800.png 1280w, https:\/\/tzedeksocialjusticefund.org\/wp-content\/uploads\/2023\/02\/Screenshot-2023-02-18-at-6.00.59-AM-680x425.png 680w, https:\/\/tzedeksocialjusticefund.org\/wp-content\/uploads\/2023\/02\/Screenshot-2023-02-18-at-6.00.59-AM-768x480.png 768w, https:\/\/tzedeksocialjusticefund.org\/wp-content\/uploads\/2023\/02\/Screenshot-2023-02-18-at-6.00.59-AM-1536x960.png 1536w, https:\/\/tzedeksocialjusticefund.org\/wp-content\/uploads\/2023\/02\/Screenshot-2023-02-18-at-6.00.59-AM-2048x1280.png 2048w\" sizes=\"auto, (max-width: 960px) 100vw, 960px\" \/><\/a><\/figure>\n\n\n\n<p>Invertimos nuestros d\u00f3lares de financiaci\u00f3n en el \u00e1rea de Asheville (en un radio de 30 millas del edificio del Ayuntamiento de Asheville). Las <a href=\"https:\/\/tzedeksocialjusticefund.org\/es\/a-quien-financiamos\/individuals\/\">personas<\/a> y <a href=\"https:\/\/tzedeksocialjusticefund.org\/es\/a-quien-financiamos\/organizations\/\">organizaciones<\/a> situadas en una de las ciudades enumeradas a continuaci\u00f3n pueden optar a la financiaci\u00f3n:<\/p>\n\n\n\n<figure class=\"wp-block-table\"><table><tbody><tr><td>Alexander<\/td><td>Etowah<\/td><td>Mill Spring<\/td><\/tr><tr><td>Arden<\/td><td>Fairview<\/td><td>Mills River<\/td><\/tr><tr><td>Asheville<\/td><td>Flat Rock<\/td><td>Montreat<\/td><\/tr><tr><td>Barnardsville<\/td><td>Fletcher<\/td><td>Mountain Home<\/td><\/tr><tr><td>Bat Cave<\/td><td>Gerton<\/td><td>Naples<\/td><\/tr><tr><td>Black Mountain<\/td><td>Hazelwood<\/td><td>Old Fort<\/td><\/tr><tr><td>Brevard<\/td><td>Hendersonville<\/td><td>Penrose<\/td><\/tr><tr><td>Burnsville<\/td><td>Horse Shoe<\/td><td>Pisgah Forest<\/td><\/tr><tr><td>Candler<\/td><td>Hot Springs<\/td><td>Ridgecrest<\/td><\/tr><tr><td>Canton<\/td><td>Lake Junaluska<\/td><td>Saluda<\/td><\/tr><tr><td>Chimney Rock<\/td><td>Lake Lure<\/td><td>Skyland<\/td><\/tr><tr><td>Clyde<\/td><td>Leicester<\/td><td>Swannanoa<\/td><\/tr><tr><td>Dana<\/td><td>Marion<\/td><td>Tuxedo<\/td><\/tr><tr><td>East Flat Rock<\/td><td>Mars Hill<\/td><td>Waynesville<\/td><\/tr><tr><td>Edneyville<\/td><td>Marshall<\/td><td>Weaverville<\/td><\/tr><tr><td>Enka<\/td><td>Micaville<\/td><td>Zirconia<\/td><\/tr><\/tbody><\/table><\/figure>\n","protected":false},"excerpt":{"rendered":"<p>El Fondo de justicia social de Tzedek invierte en&nbsp; organizaciones, organizaciones sin fines de lucro, y l\u00edderes trabajando en las siguientes \u00e1reas.&nbsp; Justicia LGBTQ El fondo de justicia social de Tzedek est\u00e1\u2026<\/p>\n<p class=\"readmore\"><a class=\"cta\" href=\"https:\/\/tzedeksocialjusticefund.org\/es\/a-quien-financiamos\/\">Lee M\u00e1s<\/a><\/p>\n","protected":false},"author":9,"featured_media":6034,"parent":0,"menu_order":0,"comment_status":"closed","ping_status":"closed","template":"","meta":{"_acf_changed":false,"_exactmetrics_skip_tracking":false,"_exactmetrics_sitenote_active":false,"_exactmetrics_sitenote_note":"","_exactmetrics_sitenote_category":0,"_genesis_hide_title":false,"_genesis_hide_breadcrumbs":false,"_genesis_hide_singular_image":false,"_genesis_hide_footer_widgets":false,"_genesis_custom_body_class":"","_genesis_custom_post_class":"","_genesis_layout":"","footnotes":""},"class_list":{"0":"post-6033","1":"page","2":"type-page","3":"status-publish","4":"has-post-thumbnail","6":"entry"},"acf":[],"yoast_head":"<!-- This site is optimized with the Yoast SEO plugin v27.3 - https:\/\/yoast.com\/product\/yoast-seo-wordpress\/ -->\n<title>A Qui\u00e9n Financiamos - Tzedek Social Justice Fund<\/title>\n<meta name=\"description\" content=\"Financiamos a personas y organizaciones que trabajan en la intersecci\u00f3n de la Justicia LGBTQ, la Justicia Racial y el Desmantelamiento del Antisemitismo.\" \/>\n<meta name=\"robots\" content=\"index, follow, max-snippet:-1, max-image-preview:large, max-video-preview:-1\" \/>\n<link rel=\"canonical\" href=\"https:\/\/tzedeksocialjusticefund.org\/es\/a-quien-financiamos\/\" \/>\n<meta property=\"og:locale\" content=\"es_ES\" \/>\n<meta property=\"og:type\" content=\"article\" \/>\n<meta property=\"og:title\" content=\"A Qui\u00e9n Financiamos - Tzedek Social Justice Fund\" \/>\n<meta property=\"og:description\" content=\"Financiamos a personas y organizaciones que trabajan en la intersecci\u00f3n de la Justicia LGBTQ, la Justicia Racial y el Desmantelamiento del Antisemitismo.\" \/>\n<meta property=\"og:url\" content=\"https:\/\/tzedeksocialjusticefund.org\/es\/a-quien-financiamos\/\" \/>\n<meta property=\"og:site_name\" content=\"Tzedek Social Justice Fund\" \/>\n<meta property=\"article:publisher\" content=\"https:\/\/www.facebook.com\/tzedeksocialjusticefund\" \/>\n<meta property=\"article:modified_time\" content=\"2023-06-26T15:15:51+00:00\" \/>\n<meta property=\"og:image\" content=\"https:\/\/tzedeksocialjusticefund.org\/wp-content\/uploads\/2019\/12\/Feature-Image-Protest.png\" \/>\n\t<meta property=\"og:image:width\" content=\"2360\" \/>\n\t<meta property=\"og:image:height\" content=\"932\" \/>\n\t<meta property=\"og:image:type\" content=\"image\/png\" \/>\n<meta name=\"twitter:card\" content=\"summary_large_image\" \/>\n<meta name=\"twitter:label1\" content=\"Tiempo de lectura\" \/>\n\t<meta name=\"twitter:data1\" content=\"3 minutos\" \/>\n<script type=\"application\/ld+json\" class=\"yoast-schema-graph\">{\"@context\":\"https:\\\/\\\/schema.org\",\"@graph\":[{\"@type\":\"WebPage\",\"@id\":\"https:\\\/\\\/tzedeksocialjusticefund.org\\\/es\\\/a-quien-financiamos\\\/\",\"url\":\"https:\\\/\\\/tzedeksocialjusticefund.org\\\/es\\\/a-quien-financiamos\\\/\",\"name\":\"A Qui\u00e9n Financiamos - Tzedek Social Justice Fund\",\"isPartOf\":{\"@id\":\"https:\\\/\\\/tzedeksocialjusticefund.org\\\/es\\\/#website\"},\"primaryImageOfPage\":{\"@id\":\"https:\\\/\\\/tzedeksocialjusticefund.org\\\/es\\\/a-quien-financiamos\\\/#primaryimage\"},\"image\":{\"@id\":\"https:\\\/\\\/tzedeksocialjusticefund.org\\\/es\\\/a-quien-financiamos\\\/#primaryimage\"},\"thumbnailUrl\":\"https:\\\/\\\/tzedeksocialjusticefund.org\\\/wp-content\\\/uploads\\\/2019\\\/12\\\/Feature-Image-Protest.png\",\"datePublished\":\"2019-11-21T21:48:56+00:00\",\"dateModified\":\"2023-06-26T15:15:51+00:00\",\"description\":\"Financiamos a personas y organizaciones que trabajan en la intersecci\u00f3n de la Justicia LGBTQ, la Justicia Racial y el Desmantelamiento del Antisemitismo.\",\"breadcrumb\":{\"@id\":\"https:\\\/\\\/tzedeksocialjusticefund.org\\\/es\\\/a-quien-financiamos\\\/#breadcrumb\"},\"inLanguage\":\"es\",\"potentialAction\":[{\"@type\":\"ReadAction\",\"target\":[\"https:\\\/\\\/tzedeksocialjusticefund.org\\\/es\\\/a-quien-financiamos\\\/\"]}]},{\"@type\":\"ImageObject\",\"inLanguage\":\"es\",\"@id\":\"https:\\\/\\\/tzedeksocialjusticefund.org\\\/es\\\/a-quien-financiamos\\\/#primaryimage\",\"url\":\"https:\\\/\\\/tzedeksocialjusticefund.org\\\/wp-content\\\/uploads\\\/2019\\\/12\\\/Feature-Image-Protest.png\",\"contentUrl\":\"https:\\\/\\\/tzedeksocialjusticefund.org\\\/wp-content\\\/uploads\\\/2019\\\/12\\\/Feature-Image-Protest.png\",\"width\":2360,\"height\":932},{\"@type\":\"BreadcrumbList\",\"@id\":\"https:\\\/\\\/tzedeksocialjusticefund.org\\\/es\\\/a-quien-financiamos\\\/#breadcrumb\",\"itemListElement\":[{\"@type\":\"ListItem\",\"position\":1,\"name\":\"Home\",\"item\":\"https:\\\/\\\/tzedeksocialjusticefund.org\\\/es\\\/\"},{\"@type\":\"ListItem\",\"position\":2,\"name\":\"A Qui\u00e9n Financiamos\"}]},{\"@type\":\"WebSite\",\"@id\":\"https:\\\/\\\/tzedeksocialjusticefund.org\\\/es\\\/#website\",\"url\":\"https:\\\/\\\/tzedeksocialjusticefund.org\\\/es\\\/\",\"name\":\"Tzedek Social Justice Fund\",\"description\":\"Growing Leaders to Build Change\",\"publisher\":{\"@id\":\"https:\\\/\\\/tzedeksocialjusticefund.org\\\/es\\\/#organization\"},\"potentialAction\":[{\"@type\":\"SearchAction\",\"target\":{\"@type\":\"EntryPoint\",\"urlTemplate\":\"https:\\\/\\\/tzedeksocialjusticefund.org\\\/es\\\/?s={search_term_string}\"},\"query-input\":{\"@type\":\"PropertyValueSpecification\",\"valueRequired\":true,\"valueName\":\"search_term_string\"}}],\"inLanguage\":\"es\"},{\"@type\":\"Organization\",\"@id\":\"https:\\\/\\\/tzedeksocialjusticefund.org\\\/es\\\/#organization\",\"name\":\"Tzedek Social Justice Fund\",\"url\":\"https:\\\/\\\/tzedeksocialjusticefund.org\\\/es\\\/\",\"logo\":{\"@type\":\"ImageObject\",\"inLanguage\":\"es\",\"@id\":\"https:\\\/\\\/tzedeksocialjusticefund.org\\\/es\\\/#\\\/schema\\\/logo\\\/image\\\/\",\"url\":\"https:\\\/\\\/tzedeksocialjusticefund.org\\\/wp-content\\\/uploads\\\/2022\\\/06\\\/Tzedek-Logo-Color.png\",\"contentUrl\":\"https:\\\/\\\/tzedeksocialjusticefund.org\\\/wp-content\\\/uploads\\\/2022\\\/06\\\/Tzedek-Logo-Color.png\",\"width\":817,\"height\":406,\"caption\":\"Tzedek Social Justice Fund\"},\"image\":{\"@id\":\"https:\\\/\\\/tzedeksocialjusticefund.org\\\/es\\\/#\\\/schema\\\/logo\\\/image\\\/\"},\"sameAs\":[\"https:\\\/\\\/www.facebook.com\\\/tzedeksocialjusticefund\",\"https:\\\/\\\/www.instagram.com\\\/tzedeksocialjusticefund\\\/\",\"https:\\\/\\\/www.linkedin.com\\\/company\\\/tzedek-social-justice-fund\\\/\",\"https:\\\/\\\/www.youtube.com\\\/channel\\\/UCNpiSO2h1wtDOwbJoCJUzJQ\"]}]}<\/script>\n<!-- \/ Yoast SEO plugin. -->","yoast_head_json":{"title":"A Qui\u00e9n Financiamos - Tzedek Social Justice Fund","description":"Financiamos a personas y organizaciones que trabajan en la intersecci\u00f3n de la Justicia LGBTQ, la Justicia Racial y el Desmantelamiento del Antisemitismo.","robots":{"index":"index","follow":"follow","max-snippet":"max-snippet:-1","max-image-preview":"max-image-preview:large","max-video-preview":"max-video-preview:-1"},"canonical":"https:\/\/tzedeksocialjusticefund.org\/es\/a-quien-financiamos\/","og_locale":"es_ES","og_type":"article","og_title":"A Qui\u00e9n Financiamos - Tzedek Social Justice Fund","og_description":"Financiamos a personas y organizaciones que trabajan en la intersecci\u00f3n de la Justicia LGBTQ, la Justicia Racial y el Desmantelamiento del Antisemitismo.","og_url":"https:\/\/tzedeksocialjusticefund.org\/es\/a-quien-financiamos\/","og_site_name":"Tzedek Social Justice Fund","article_publisher":"https:\/\/www.facebook.com\/tzedeksocialjusticefund","article_modified_time":"2023-06-26T15:15:51+00:00","og_image":[{"width":2360,"height":932,"url":"https:\/\/tzedeksocialjusticefund.org\/wp-content\/uploads\/2019\/12\/Feature-Image-Protest.png","type":"image\/png"}],"twitter_card":"summary_large_image","twitter_misc":{"Tiempo de lectura":"3 minutos"},"schema":{"@context":"https:\/\/schema.org","@graph":[{"@type":"WebPage","@id":"https:\/\/tzedeksocialjusticefund.org\/es\/a-quien-financiamos\/","url":"https:\/\/tzedeksocialjusticefund.org\/es\/a-quien-financiamos\/","name":"A Qui\u00e9n Financiamos - Tzedek Social Justice Fund","isPartOf":{"@id":"https:\/\/tzedeksocialjusticefund.org\/es\/#website"},"primaryImageOfPage":{"@id":"https:\/\/tzedeksocialjusticefund.org\/es\/a-quien-financiamos\/#primaryimage"},"image":{"@id":"https:\/\/tzedeksocialjusticefund.org\/es\/a-quien-financiamos\/#primaryimage"},"thumbnailUrl":"https:\/\/tzedeksocialjusticefund.org\/wp-content\/uploads\/2019\/12\/Feature-Image-Protest.png","datePublished":"2019-11-21T21:48:56+00:00","dateModified":"2023-06-26T15:15:51+00:00","description":"Financiamos a personas y organizaciones que trabajan en la intersecci\u00f3n de la Justicia LGBTQ, la Justicia Racial y el Desmantelamiento del Antisemitismo.","breadcrumb":{"@id":"https:\/\/tzedeksocialjusticefund.org\/es\/a-quien-financiamos\/#breadcrumb"},"inLanguage":"es","potentialAction":[{"@type":"ReadAction","target":["https:\/\/tzedeksocialjusticefund.org\/es\/a-quien-financiamos\/"]}]},{"@type":"ImageObject","inLanguage":"es","@id":"https:\/\/tzedeksocialjusticefund.org\/es\/a-quien-financiamos\/#primaryimage","url":"https:\/\/tzedeksocialjusticefund.org\/wp-content\/uploads\/2019\/12\/Feature-Image-Protest.png","contentUrl":"https:\/\/tzedeksocialjusticefund.org\/wp-content\/uploads\/2019\/12\/Feature-Image-Protest.png","width":2360,"height":932},{"@type":"BreadcrumbList","@id":"https:\/\/tzedeksocialjusticefund.org\/es\/a-quien-financiamos\/#breadcrumb","itemListElement":[{"@type":"ListItem","position":1,"name":"Home","item":"https:\/\/tzedeksocialjusticefund.org\/es\/"},{"@type":"ListItem","position":2,"name":"A Qui\u00e9n Financiamos"}]},{"@type":"WebSite","@id":"https:\/\/tzedeksocialjusticefund.org\/es\/#website","url":"https:\/\/tzedeksocialjusticefund.org\/es\/","name":"Tzedek Social Justice Fund","description":"Growing Leaders to Build Change","publisher":{"@id":"https:\/\/tzedeksocialjusticefund.org\/es\/#organization"},"potentialAction":[{"@type":"SearchAction","target":{"@type":"EntryPoint","urlTemplate":"https:\/\/tzedeksocialjusticefund.org\/es\/?s={search_term_string}"},"query-input":{"@type":"PropertyValueSpecification","valueRequired":true,"valueName":"search_term_string"}}],"inLanguage":"es"},{"@type":"Organization","@id":"https:\/\/tzedeksocialjusticefund.org\/es\/#organization","name":"Tzedek Social Justice Fund","url":"https:\/\/tzedeksocialjusticefund.org\/es\/","logo":{"@type":"ImageObject","inLanguage":"es","@id":"https:\/\/tzedeksocialjusticefund.org\/es\/#\/schema\/logo\/image\/","url":"https:\/\/tzedeksocialjusticefund.org\/wp-content\/uploads\/2022\/06\/Tzedek-Logo-Color.png","contentUrl":"https:\/\/tzedeksocialjusticefund.org\/wp-content\/uploads\/2022\/06\/Tzedek-Logo-Color.png","width":817,"height":406,"caption":"Tzedek Social Justice Fund"},"image":{"@id":"https:\/\/tzedeksocialjusticefund.org\/es\/#\/schema\/logo\/image\/"},"sameAs":["https:\/\/www.facebook.com\/tzedeksocialjusticefund","https:\/\/www.instagram.com\/tzedeksocialjusticefund\/","https:\/\/www.linkedin.com\/company\/tzedek-social-justice-fund\/","https:\/\/www.youtube.com\/channel\/UCNpiSO2h1wtDOwbJoCJUzJQ"]}]}},"_links":{"self":[{"href":"https:\/\/tzedeksocialjusticefund.org\/es\/wp-json\/wp\/v2\/pages\/6033","targetHints":{"allow":["GET"]}}],"collection":[{"href":"https:\/\/tzedeksocialjusticefund.org\/es\/wp-json\/wp\/v2\/pages"}],"about":[{"href":"https:\/\/tzedeksocialjusticefund.org\/es\/wp-json\/wp\/v2\/types\/page"}],"author":[{"embeddable":true,"href":"https:\/\/tzedeksocialjusticefund.org\/es\/wp-json\/wp\/v2\/users\/9"}],"replies":[{"embeddable":true,"href":"https:\/\/tzedeksocialjusticefund.org\/es\/wp-json\/wp\/v2\/comments?post=6033"}],"version-history":[{"count":0,"href":"https:\/\/tzedeksocialjusticefund.org\/es\/wp-json\/wp\/v2\/pages\/6033\/revisions"}],"wp:featuredmedia":[{"embeddable":true,"href":"https:\/\/tzedeksocialjusticefund.org\/es\/wp-json\/wp\/v2\/media\/6034"}],"wp:attachment":[{"href":"https:\/\/tzedeksocialjusticefund.org\/es\/wp-json\/wp\/v2\/media?parent=6033"}],"curies":[{"name":"wp","href":"https:\/\/api.w.org\/{rel}","templated":true}]}}