{"id":6004,"date":"2017-01-07T17:27:34","date_gmt":"2017-01-07T22:27:34","guid":{"rendered":"http:\/\/tzedekfellowship.org\/?page_id=6004"},"modified":"2025-08-28T16:51:52","modified_gmt":"2025-08-28T20:51:52","slug":"about-us-sp","status":"publish","type":"page","link":"https:\/\/tzedeksocialjusticefund.org\/es\/about-us-sp\/","title":{"rendered":"Acerca de Nosotres"},"content":{"rendered":"\n<p>El Fondo de Justicia Social de Tzedek (Tzedek) ha estado apoyando el trabajo de justicia social de organizaciones de base, colectivos y cooperativas, organizaciones sin fines de lucro y l\u00edderes locales desde finales de los a\u00f1os 80. Financiamos trabajos centrados en <a href=\"https:\/\/tzedeksocialjusticefund.org\/es\/a-quien-financiamos\/\" target=\"_blank\" rel=\"noreferrer noopener\">Justicia LGBTQ, Justicia Racial, y la Desmantelamiento del Antisemitismo<\/a> y que est\u00e9n alineados con nuestra misi\u00f3n.<\/p>\n\n\n\n<h2 class=\"wp-block-heading\">Nuestra Misi\u00f3n<\/h2>\n\n\n\n<p>El fondo de Justicia Social Tzedek distribuye dinero, recursos y poder para apoyar el cambio de sistemas y la sanaci\u00f3n comunitaria en Asheville, Carolina del Norte. Por medio de la filantrop\u00eda adaptativa y basada en la confianza, resistimos los sistemas opresivos y trabajamos para transformar nuestro hogar colectivo en un lugar donde todes florezcan.&nbsp;<\/p>\n\n\n\n<h2 class=\"wp-block-heading\">Nuestra Visi\u00f3n<\/h2>\n\n\n\n<p>So\u00f1amos con un Asheville pr\u00f3spero, donde las necesidades de todes se satisfagan abundantemente y donde todes est\u00e9n segures, sean respetades y celebrades. Creemos que una comunidad arraigada en la alegr\u00eda y el amor es posible.&nbsp;<\/p>\n\n\n\n<h2 class=\"wp-block-heading\">Nuestros valores organizacionales y pr\u00e1cticas<\/h2>\n\n\n\n<p>Lo que hacemos importa, pero la manera c\u00f3mo lo hacemos es igual de importante. Los siguientes valores y pr\u00e1cticas organizacionales describen formas de ser y mostrarse que nos alinean con la visi\u00f3n fundacional de Amy Mandel. Desde esta posici\u00f3n no solo podemos cambiar <a href=\"https:\/\/nonprofitaf.com\/2019\/05\/the-roles-of-foundation-board-trustees-and-foundation-staff-must-radically-change\/#more-5996\" target=\"_blank\" rel=\"noreferrer noopener\">patrones t\u00f3xicos de la filantrop\u00eda<\/a> pero tambi\u00e9n vivimos en el mundo con el que so\u00f1amos.<\/p>\n\n\n\n<p>Como organizaci\u00f3n nos esforzamos por incorporar los siguientes valores en nuestro trabajo diario:<\/p>\n\n\n\n<figure class=\"wp-block-image size-large\"><img loading=\"lazy\" decoding=\"async\" width=\"1280\" height=\"533\" src=\"https:\/\/tzedeksocialjusticefund.org\/wp-content\/uploads\/2025\/02\/Shared-Hum-SP-1-1280x533.png\" alt=\"\" class=\"wp-image-8056\" srcset=\"https:\/\/tzedeksocialjusticefund.org\/wp-content\/uploads\/2025\/02\/Shared-Hum-SP-1-1280x533.png 1280w, https:\/\/tzedeksocialjusticefund.org\/wp-content\/uploads\/2025\/02\/Shared-Hum-SP-1-680x283.png 680w, https:\/\/tzedeksocialjusticefund.org\/wp-content\/uploads\/2025\/02\/Shared-Hum-SP-1-768x320.png 768w, https:\/\/tzedeksocialjusticefund.org\/wp-content\/uploads\/2025\/02\/Shared-Hum-SP-1-1536x640.png 1536w, https:\/\/tzedeksocialjusticefund.org\/wp-content\/uploads\/2025\/02\/Shared-Hum-SP-1-2048x853.png 2000w\" sizes=\"auto, (max-width: 1280px) 100vw, 1280px\" \/><\/figure>\n\n\n\n<div style=\"height:30px\" aria-hidden=\"true\" class=\"wp-block-spacer\"><\/div>\n\n\n\n<div class=\"wp-block-columns is-layout-flex wp-container-core-columns-is-layout-9d6595d7 wp-block-columns-is-layout-flex\">\n<div class=\"wp-block-column is-layout-flow wp-block-column-is-layout-flow\" style=\"flex-basis:25%\">\n<h5 class=\"wp-block-heading\" style=\"font-size:14px\">HONRANDO LA HUMANIDAD COMPARTIDA<\/h5>\n<\/div>\n\n\n\n<div class=\"wp-block-column is-layout-flow wp-block-column-is-layout-flow\" style=\"flex-basis:66.66%\">\n<h5 class=\"wp-block-heading has-text-color has-link-color wp-elements-24bc767aef6df6dd1be0da4bbbbb7896\" style=\"color:#2b3990;font-size:18px\">Creemos que todes tienen el derecho innato a la libertad, la seguridad, la dignidad, la celebraci\u00f3n, la inclusi\u00f3n y el amor.<\/h5>\n<\/div>\n\n\n\n<div class=\"wp-block-column is-layout-flow wp-block-column-is-layout-flow\" style=\"flex-basis:25%\">\n<h5 class=\"wp-block-heading\" style=\"font-size:14px\">CENTRANDO LA HUMANIDAD COMPARTIDA<\/h5>\n<\/div>\n\n\n\n<div class=\"wp-block-column is-layout-flow wp-block-column-is-layout-flow\" style=\"flex-basis:66.66%\">\n<h5 class=\"wp-block-heading has-text-color has-link-color wp-elements-b54d0293c55258b02c6041b85c1081ce\" style=\"color:#2b3990;font-size:18px\">Creemos que centrar las voces y experiencias de les comunidades BIPOC, LGBTQ y jud\u00eda impulsa un poderoso cambio social.<\/h5>\n<\/div>\n<\/div>\n\n\n\n<div class=\"wp-block-columns is-layout-flex wp-container-core-columns-is-layout-9d6595d7 wp-block-columns-is-layout-flex\">\n<div class=\"wp-block-column is-layout-flow wp-block-column-is-layout-flow\" style=\"flex-basis:25%\">\n<h5 class=\"wp-block-heading\" style=\"font-size:14px\">DEFENDIENDO LA LIBERACI\u00d3N COLECTIVA<\/h5>\n<\/div>\n\n\n\n<div class=\"wp-block-column is-layout-flow wp-block-column-is-layout-flow\" style=\"flex-basis:66.66%\">\n<h4 class=\"wp-block-heading has-text-color has-link-color wp-elements-3b170155f1e8ed9848753274e74983f1\" style=\"color:#2b3990;font-size:18px\">Creemos que todas las liberaciones est\u00e1n interconectadas y que todas las opresiones deben ser erradicadas para que exista una verdadera libertad.<\/h4>\n<\/div>\n\n\n\n<div class=\"wp-block-column is-layout-flow wp-block-column-is-layout-flow\" style=\"flex-basis:25%\">\n<h5 class=\"wp-block-heading\" style=\"font-size:14px\">POTENCIANDO LA SANACI\u00d3N COMUNITARIA<\/h5>\n<\/div>\n\n\n\n<div class=\"wp-block-column is-layout-flow wp-block-column-is-layout-flow\" style=\"flex-basis:66.66%\">\n<h4 class=\"wp-block-heading has-text-color has-link-color wp-elements-abb094a2687e807158a0e49c414ac280\" style=\"color:#2b3990;font-size:18px\">Creemos en reconocer las intenciones, abordar los impactos y, cuando sea posible, reparar el da\u00f1o.<\/h4>\n<\/div>\n<\/div>\n\n\n\n<div class=\"wp-block-columns is-layout-flex wp-container-core-columns-is-layout-9d6595d7 wp-block-columns-is-layout-flex\">\n<div class=\"wp-block-column is-layout-flow wp-block-column-is-layout-flow\" style=\"flex-basis:25%\">\n<h5 class=\"wp-block-heading\" style=\"font-size:14px\">CULTIVANDO RELACI\u00d3N CORRECTA<\/h5>\n<\/div>\n\n\n\n<div class=\"wp-block-column is-layout-flow wp-block-column-is-layout-flow\" style=\"flex-basis:66.66%\">\n<h4 class=\"wp-block-heading has-text-color has-link-color wp-elements-dd6f942367e8c725f65333d3a6ccfae1\" style=\"color:#2b3990;font-size:18px\">Creemos en construir relaciones aut\u00e9nticas y de confianza a trav\u00e9s del aprendizaje continuo, la conexi\u00f3n y el di\u00e1logo, mientras trabajamos hacia la sanaci\u00f3n y la valoraci\u00f3n de las diferencias.<\/h4>\n<\/div>\n\n\n\n<div class=\"wp-block-column is-layout-flow wp-block-column-is-layout-flow\" style=\"flex-basis:25%\">\n<h5 class=\"wp-block-heading\" style=\"font-size:14px\">ABRAZANDO UNA \u00c9TICA DEL AMOR<\/h5>\n<\/div>\n\n\n\n<div class=\"wp-block-column is-layout-flow wp-block-column-is-layout-flow\" style=\"flex-basis:66.66%\">\n<h4 class=\"wp-block-heading has-text-color has-link-color wp-elements-174c97833e1e5aa65cb61038c85dc831\" style=\"color:#2b3990;font-size:18px\">Creemos que el amor por la humanidad es el ant\u00eddoto contra la opresi\u00f3n y que la liberaci\u00f3n proviene de elegir activamente el amor y buscar la justicia.<\/h4>\n<\/div>\n<\/div>\n\n\n\n<div class=\"wp-block-columns is-layout-flex wp-container-core-columns-is-layout-9d6595d7 wp-block-columns-is-layout-flex\">\n<div class=\"wp-block-column is-layout-flow wp-block-column-is-layout-flow\" style=\"flex-basis:25%\">\n<h5 class=\"wp-block-heading\" style=\"font-size:14px\">ENCENDIENDO LA INTEGRIDAD Y INNOVACI\u00d3N<\/h5>\n<\/div>\n\n\n\n<div class=\"wp-block-column is-layout-flow wp-block-column-is-layout-flow\" style=\"flex-basis:66.66%\">\n<h4 class=\"wp-block-heading has-text-color has-link-color wp-elements-11e74cb55810a6509aaea6fdc4fbf8d7\" style=\"color:#2b3990;font-size:18px\">Creemos que asociarse con organizaciones e iniciativas alineadas con nuestros valores crea un cambio innovador y transformador en nuestras comunidades, sistemas y en nosotres mismes.<\/h4>\n<\/div>\n\n\n\n<div class=\"wp-block-column is-layout-flow wp-block-column-is-layout-flow\" style=\"flex-basis:100%\">\n<p style=\"font-size:15px\">\u00abAbrazar la \u00e9tica del amor significa que utilizamos todas las dimensiones del amor\u2014\u2018cuidado, compromiso, confianza, responsabilidad, respeto y conocimiento\u2019 en nuestra vida cotidiana.\u00bb &#8211; bell hooks, <em>Todo Sobre el Amor: Nuevas Perspectivas<\/em><\/p>\n<\/div>\n<\/div>\n\n\n\n<p>Como organizaci\u00f3n nos esforzamos por incorporar los siguientes pr\u00e1cticas en nuestro trabajo diario:<\/p>\n\n\n\n<p><strong><strong>PATICIPACI\u00d3N COMUNITARIA DE GRAN ALCANCE<\/strong><\/strong><br>Estar arraigade en la comunidad requiere una participaci\u00f3n profunda con nuestres socies comunitaries. Para hacer nuestro trabajo, necesitamos tener un indicador del pulso de lo que est\u00e1 sucediendo en nuestra \u00e1rea pol\u00edtica, econ\u00f3mica, cultural e hist\u00f3ricamente. Entendemos que todes, desde les miembros m\u00e1s vulnerables de nuestra comunidad hasta aquelles con poder institucional, tienen informaci\u00f3n importante para nosotres. En nuestro trabajo, nos esforzamos por actuar siendo conscientes que no hay solo una comunidad, ni solo una Asheville, por lo que buscamos activamente la sabidur\u00eda de comunidades de gran alcance, y practicamos mostrarnos y estar en conversaci\u00f3n sobre pr\u00e1cticas organizativas esenciales y valiosas.<\/p>\n\n\n\n<p><strong><strong>APRENDIZAJE CONTINUO<\/strong><\/strong><br>Como organizaci\u00f3n de aprendizaje, permitimos expl\u00edcitamente que nuestro an\u00e1lisis evolucione con el tiempo en respuesta a lo que sucede en nuestro mundo. Seguimos buscando el aprendizaje y nos sentamos con lo que aprendemos para sintetizar e integrar la sabidur\u00eda. En nuestro trabajo, practicamos el aprendizaje continuo observando activamente lo que sucede en el mundo que nos rodea, en los movimientos sociales y la filantrop\u00eda. Utilizamos todas nuestras inteligencias: sabidur\u00eda intelectual, emocional, espiritual y encarnada para guiar nuestro trabajo. Nuestra estrategia organizacional, pr\u00e1cticas de otorgamiento de becas y las ofertas de programas cambian en respuesta a nuestro aprendizaje.<\/p>\n\n\n\n<p><strong><strong>HUMILDAD<\/strong><\/strong><br>La humildad es una pr\u00e1ctica que contrarresta la superioridad interiorizada. Requiere una receptividad profunda a las experiencias y perspectivas de los dem\u00e1s. Pero actuar con humildad no es actuar con culpa. Podemos sostener humildemente que hay tantas cosas que no sabemos Y que sabemos algunas cosas esenciales. En nuestro trabajo, practicamos la humildad reconocemos nuestros propios errores, admitimos cuando estamos equivocades, admitimos con valent\u00eda lo que no sabemos y nuestros limites, damos cr\u00e9dito a les dem\u00e1s por sus contribuciones y nos dejamos guiar por experiencias que no son nuestras.&nbsp;<\/p>\n\n\n\n<p><strong><strong>CONSTRUCCION DE PUENTES<\/strong><\/strong><br>La construcci\u00f3n de puentes es el trabajo de buscar continuamente puntos de conexi\u00f3n y colaboraci\u00f3n. Entendemos que nuestra supervivencia y prosperidad dependen de nuestra independencia. Nos resistimos a la cultura de quejas -avergonzar y culpar a les dem\u00e1s. Practicamos la construcci\u00f3n de puentes invitando a personas a la mesa, incluyendo colaboradores improbables. Buscamos posibles sinergias y creemos en los conflictos y las fallas como oportunidades para mejorar y profundizar nuestra conexi\u00f3n.&nbsp;<\/p>\n\n\n\n<p><strong><strong>CULTIVANDO RELACIONES<\/strong><\/strong><br>Las personas son tan importantes como los resultados de nuestro trabajo o el logro de los objetivos del proyecto. El cultivo de relaciones requiere que nos presentemos como seres completos. Entendemos que la informaci\u00f3n invaluable proviene de las organizaciones y l\u00edderes cuyo trabajo apoyamos. En nuestro trabajo, cultivamos relaciones tomando tiempo con las personas y sumergi\u00e9ndonos en una conversaci\u00f3n intencional. Resistimos nuestra tendencia culturalmente condicionada hacia la polarizaci\u00f3n y practicamos la cultivaci\u00f3n de relaciones adoptando una perspectiva matizada. Entendemos que el mundo es complicado y desordenado. Las personas, nosotres incluides, no somos ni buenes ni males.<\/p>\n\n\n\n<p><strong><strong>SISTEMAS DE PENSAMIENTO Y ESTRATEGIA FUERA DE LO NORMAL<\/strong><\/strong><br>Buscamos comprender las causas profundas de los problemas que enfrentamos. En nuestro trabajo, practicamos el pensamiento sist\u00e9mico rechazando el status quo para entender el mundo. Continuamente preguntamos qu\u00e9 es posible y d\u00f3nde hay oportunidades para el cambio social. Asumimos riesgos y buscamos estrategias listas para usar. Sabemos que este momento requiere m\u00e1s que las mismas soluciones antiguas porque esas soluciones a menudo conducen a los mismos resultados antiguos.<\/p>\n\n\n\n<p><strong><strong>PRIORIZAR LAS ORGANIZACIONES DE LIDERAZGO IMPACTADO Y DE BASE<\/strong><\/strong><br>Las personas m\u00e1s directamente afectadas por los sistemas de injusticia est\u00e1n mejor situadas para liderar el trabajo de cambio. Priorizamos el liderazgo afectado y las organizaciones de base confiando en que las personas saben lo que necesitan. Creemos que las organizaciones centradas en la activaci\u00f3n de comunidades y la creaci\u00f3n de poder conducir\u00e1n al cambio social profundo que necesitamos.<\/p>\n\n\n\n<p><em>A lo largo de 2019, Tzedek recolect\u00f3 la sabidur\u00eda de 29 l\u00edderes sin fines de lucro y de movimiento de Asheville, socies comunitaries y l\u00edderes en el campo de la filantrop\u00eda de justicia social a trav\u00e9s de un proceso de &nbsp;<a href=\"https:\/\/tzedeksocialjusticefund.org\/es\/learning-in-community-with-trusted-advisors\/\" target=\"_blank\" rel=\"noreferrer noopener\">investigaci\u00f3n basada en la comunidad<\/a>. Once personas de Asheville tambi\u00e9n sirvieron como asesores de confianza para guiar el proceso y analizar los datos. Para crear nuestra nueva misi\u00f3n, visi\u00f3n y valores, comenzamos con las palabras e historias compartidas con nosotres a lo largo de ese proceso.<\/em><\/p>\n","protected":false},"excerpt":{"rendered":"<p>El Fondo de Justicia Social de Tzedek (Tzedek) ha estado apoyando el trabajo de justicia social de organizaciones de base, colectivos y cooperativas, organizaciones sin fines de lucro y l\u00edderes locales desde\u2026<\/p>\n<p class=\"readmore\"><a class=\"cta\" href=\"https:\/\/tzedeksocialjusticefund.org\/es\/about-us-sp\/\">Lee M\u00e1s<\/a><\/p>\n","protected":false},"author":9,"featured_media":6223,"parent":0,"menu_order":0,"comment_status":"closed","ping_status":"closed","template":"","meta":{"_acf_changed":false,"_exactmetrics_skip_tracking":false,"_exactmetrics_sitenote_active":false,"_exactmetrics_sitenote_note":"","_exactmetrics_sitenote_category":0,"_genesis_hide_title":false,"_genesis_hide_breadcrumbs":false,"_genesis_hide_singular_image":false,"_genesis_hide_footer_widgets":false,"_genesis_custom_body_class":"","_genesis_custom_post_class":"","_genesis_layout":"","footnotes":""},"class_list":{"0":"post-6004","1":"page","2":"type-page","3":"status-publish","4":"has-post-thumbnail","6":"entry"},"acf":[],"yoast_head":"<!-- This site is optimized with the Yoast SEO plugin v27.5 - https:\/\/yoast.com\/product\/yoast-seo-wordpress\/ -->\n<title>Acerca de Nosotres - Tzedek Social Justice Fund<\/title>\n<meta name=\"robots\" content=\"index, follow, max-snippet:-1, max-image-preview:large, max-video-preview:-1\" \/>\n<link rel=\"canonical\" href=\"https:\/\/tzedeksocialjusticefund.org\/es\/about-us-sp\/\" \/>\n<meta property=\"og:locale\" content=\"es_ES\" \/>\n<meta property=\"og:type\" content=\"article\" \/>\n<meta property=\"og:title\" content=\"Acerca de Nosotres - Tzedek Social Justice Fund\" \/>\n<meta property=\"og:description\" content=\"El Fondo de Justicia Social de Tzedek (Tzedek) ha estado apoyando el trabajo de justicia social de organizaciones de base, colectivos y cooperativas, organizaciones sin fines de lucro y l\u00edderes locales desde\u2026Lee M\u00e1s\" \/>\n<meta property=\"og:url\" content=\"https:\/\/tzedeksocialjusticefund.org\/es\/about-us-sp\/\" \/>\n<meta property=\"og:site_name\" content=\"Tzedek Social Justice Fund\" \/>\n<meta property=\"article:publisher\" content=\"https:\/\/www.facebook.com\/tzedeksocialjusticefund\" \/>\n<meta property=\"article:modified_time\" content=\"2025-08-28T20:51:52+00:00\" \/>\n<meta property=\"og:image\" content=\"https:\/\/tzedeksocialjusticefund.org\/wp-content\/uploads\/2020\/05\/avl-crowd.jpg\" \/>\n\t<meta property=\"og:image:width\" content=\"1472\" \/>\n\t<meta property=\"og:image:height\" content=\"582\" \/>\n\t<meta property=\"og:image:type\" content=\"image\/jpeg\" \/>\n<meta name=\"twitter:card\" content=\"summary_large_image\" \/>\n<meta name=\"twitter:label1\" content=\"Tiempo de lectura\" \/>\n\t<meta name=\"twitter:data1\" content=\"6 minutos\" \/>\n<script type=\"application\/ld+json\" class=\"yoast-schema-graph\">{\"@context\":\"https:\\\/\\\/schema.org\",\"@graph\":[{\"@type\":\"WebPage\",\"@id\":\"https:\\\/\\\/tzedeksocialjusticefund.org\\\/es\\\/about-us-sp\\\/\",\"url\":\"https:\\\/\\\/tzedeksocialjusticefund.org\\\/es\\\/about-us-sp\\\/\",\"name\":\"Acerca de Nosotres - Tzedek Social Justice Fund\",\"isPartOf\":{\"@id\":\"https:\\\/\\\/tzedeksocialjusticefund.org\\\/es\\\/#website\"},\"primaryImageOfPage\":{\"@id\":\"https:\\\/\\\/tzedeksocialjusticefund.org\\\/es\\\/about-us-sp\\\/#primaryimage\"},\"image\":{\"@id\":\"https:\\\/\\\/tzedeksocialjusticefund.org\\\/es\\\/about-us-sp\\\/#primaryimage\"},\"thumbnailUrl\":\"https:\\\/\\\/tzedeksocialjusticefund.org\\\/wp-content\\\/uploads\\\/2020\\\/05\\\/avl-crowd.jpg\",\"datePublished\":\"2017-01-07T22:27:34+00:00\",\"dateModified\":\"2025-08-28T20:51:52+00:00\",\"breadcrumb\":{\"@id\":\"https:\\\/\\\/tzedeksocialjusticefund.org\\\/es\\\/about-us-sp\\\/#breadcrumb\"},\"inLanguage\":\"es\",\"potentialAction\":[{\"@type\":\"ReadAction\",\"target\":[\"https:\\\/\\\/tzedeksocialjusticefund.org\\\/es\\\/about-us-sp\\\/\"]}]},{\"@type\":\"ImageObject\",\"inLanguage\":\"es\",\"@id\":\"https:\\\/\\\/tzedeksocialjusticefund.org\\\/es\\\/about-us-sp\\\/#primaryimage\",\"url\":\"https:\\\/\\\/tzedeksocialjusticefund.org\\\/wp-content\\\/uploads\\\/2020\\\/05\\\/avl-crowd.jpg\",\"contentUrl\":\"https:\\\/\\\/tzedeksocialjusticefund.org\\\/wp-content\\\/uploads\\\/2020\\\/05\\\/avl-crowd.jpg\",\"width\":1472,\"height\":582},{\"@type\":\"BreadcrumbList\",\"@id\":\"https:\\\/\\\/tzedeksocialjusticefund.org\\\/es\\\/about-us-sp\\\/#breadcrumb\",\"itemListElement\":[{\"@type\":\"ListItem\",\"position\":1,\"name\":\"Home\",\"item\":\"https:\\\/\\\/tzedeksocialjusticefund.org\\\/es\\\/\"},{\"@type\":\"ListItem\",\"position\":2,\"name\":\"Acerca de Nosotres\"}]},{\"@type\":\"WebSite\",\"@id\":\"https:\\\/\\\/tzedeksocialjusticefund.org\\\/es\\\/#website\",\"url\":\"https:\\\/\\\/tzedeksocialjusticefund.org\\\/es\\\/\",\"name\":\"Tzedek Social Justice Fund\",\"description\":\"Growing Leaders to Build Change\",\"publisher\":{\"@id\":\"https:\\\/\\\/tzedeksocialjusticefund.org\\\/es\\\/#organization\"},\"potentialAction\":[{\"@type\":\"SearchAction\",\"target\":{\"@type\":\"EntryPoint\",\"urlTemplate\":\"https:\\\/\\\/tzedeksocialjusticefund.org\\\/es\\\/?s={search_term_string}\"},\"query-input\":{\"@type\":\"PropertyValueSpecification\",\"valueRequired\":true,\"valueName\":\"search_term_string\"}}],\"inLanguage\":\"es\"},{\"@type\":\"Organization\",\"@id\":\"https:\\\/\\\/tzedeksocialjusticefund.org\\\/es\\\/#organization\",\"name\":\"Tzedek Social Justice Fund\",\"url\":\"https:\\\/\\\/tzedeksocialjusticefund.org\\\/es\\\/\",\"logo\":{\"@type\":\"ImageObject\",\"inLanguage\":\"es\",\"@id\":\"https:\\\/\\\/tzedeksocialjusticefund.org\\\/es\\\/#\\\/schema\\\/logo\\\/image\\\/\",\"url\":\"https:\\\/\\\/tzedeksocialjusticefund.org\\\/wp-content\\\/uploads\\\/2022\\\/06\\\/Tzedek-Logo-Color.png\",\"contentUrl\":\"https:\\\/\\\/tzedeksocialjusticefund.org\\\/wp-content\\\/uploads\\\/2022\\\/06\\\/Tzedek-Logo-Color.png\",\"width\":817,\"height\":406,\"caption\":\"Tzedek Social Justice Fund\"},\"image\":{\"@id\":\"https:\\\/\\\/tzedeksocialjusticefund.org\\\/es\\\/#\\\/schema\\\/logo\\\/image\\\/\"},\"sameAs\":[\"https:\\\/\\\/www.facebook.com\\\/tzedeksocialjusticefund\",\"https:\\\/\\\/www.instagram.com\\\/tzedeksocialjusticefund\\\/\",\"https:\\\/\\\/www.linkedin.com\\\/company\\\/tzedek-social-justice-fund\\\/\",\"https:\\\/\\\/www.youtube.com\\\/channel\\\/UCNpiSO2h1wtDOwbJoCJUzJQ\"]}]}<\/script>\n<!-- \/ Yoast SEO plugin. -->","yoast_head_json":{"title":"Acerca de Nosotres - Tzedek Social Justice Fund","robots":{"index":"index","follow":"follow","max-snippet":"max-snippet:-1","max-image-preview":"max-image-preview:large","max-video-preview":"max-video-preview:-1"},"canonical":"https:\/\/tzedeksocialjusticefund.org\/es\/about-us-sp\/","og_locale":"es_ES","og_type":"article","og_title":"Acerca de Nosotres - Tzedek Social Justice Fund","og_description":"El Fondo de Justicia Social de Tzedek (Tzedek) ha estado apoyando el trabajo de justicia social de organizaciones de base, colectivos y cooperativas, organizaciones sin fines de lucro y l\u00edderes locales desde\u2026Lee M\u00e1s","og_url":"https:\/\/tzedeksocialjusticefund.org\/es\/about-us-sp\/","og_site_name":"Tzedek Social Justice Fund","article_publisher":"https:\/\/www.facebook.com\/tzedeksocialjusticefund","article_modified_time":"2025-08-28T20:51:52+00:00","og_image":[{"width":1472,"height":582,"url":"https:\/\/tzedeksocialjusticefund.org\/wp-content\/uploads\/2020\/05\/avl-crowd.jpg","type":"image\/jpeg"}],"twitter_card":"summary_large_image","twitter_misc":{"Tiempo de lectura":"6 minutos"},"schema":{"@context":"https:\/\/schema.org","@graph":[{"@type":"WebPage","@id":"https:\/\/tzedeksocialjusticefund.org\/es\/about-us-sp\/","url":"https:\/\/tzedeksocialjusticefund.org\/es\/about-us-sp\/","name":"Acerca de Nosotres - Tzedek Social Justice Fund","isPartOf":{"@id":"https:\/\/tzedeksocialjusticefund.org\/es\/#website"},"primaryImageOfPage":{"@id":"https:\/\/tzedeksocialjusticefund.org\/es\/about-us-sp\/#primaryimage"},"image":{"@id":"https:\/\/tzedeksocialjusticefund.org\/es\/about-us-sp\/#primaryimage"},"thumbnailUrl":"https:\/\/tzedeksocialjusticefund.org\/wp-content\/uploads\/2020\/05\/avl-crowd.jpg","datePublished":"2017-01-07T22:27:34+00:00","dateModified":"2025-08-28T20:51:52+00:00","breadcrumb":{"@id":"https:\/\/tzedeksocialjusticefund.org\/es\/about-us-sp\/#breadcrumb"},"inLanguage":"es","potentialAction":[{"@type":"ReadAction","target":["https:\/\/tzedeksocialjusticefund.org\/es\/about-us-sp\/"]}]},{"@type":"ImageObject","inLanguage":"es","@id":"https:\/\/tzedeksocialjusticefund.org\/es\/about-us-sp\/#primaryimage","url":"https:\/\/tzedeksocialjusticefund.org\/wp-content\/uploads\/2020\/05\/avl-crowd.jpg","contentUrl":"https:\/\/tzedeksocialjusticefund.org\/wp-content\/uploads\/2020\/05\/avl-crowd.jpg","width":1472,"height":582},{"@type":"BreadcrumbList","@id":"https:\/\/tzedeksocialjusticefund.org\/es\/about-us-sp\/#breadcrumb","itemListElement":[{"@type":"ListItem","position":1,"name":"Home","item":"https:\/\/tzedeksocialjusticefund.org\/es\/"},{"@type":"ListItem","position":2,"name":"Acerca de Nosotres"}]},{"@type":"WebSite","@id":"https:\/\/tzedeksocialjusticefund.org\/es\/#website","url":"https:\/\/tzedeksocialjusticefund.org\/es\/","name":"Tzedek Social Justice Fund","description":"Growing Leaders to Build Change","publisher":{"@id":"https:\/\/tzedeksocialjusticefund.org\/es\/#organization"},"potentialAction":[{"@type":"SearchAction","target":{"@type":"EntryPoint","urlTemplate":"https:\/\/tzedeksocialjusticefund.org\/es\/?s={search_term_string}"},"query-input":{"@type":"PropertyValueSpecification","valueRequired":true,"valueName":"search_term_string"}}],"inLanguage":"es"},{"@type":"Organization","@id":"https:\/\/tzedeksocialjusticefund.org\/es\/#organization","name":"Tzedek Social Justice Fund","url":"https:\/\/tzedeksocialjusticefund.org\/es\/","logo":{"@type":"ImageObject","inLanguage":"es","@id":"https:\/\/tzedeksocialjusticefund.org\/es\/#\/schema\/logo\/image\/","url":"https:\/\/tzedeksocialjusticefund.org\/wp-content\/uploads\/2022\/06\/Tzedek-Logo-Color.png","contentUrl":"https:\/\/tzedeksocialjusticefund.org\/wp-content\/uploads\/2022\/06\/Tzedek-Logo-Color.png","width":817,"height":406,"caption":"Tzedek Social Justice Fund"},"image":{"@id":"https:\/\/tzedeksocialjusticefund.org\/es\/#\/schema\/logo\/image\/"},"sameAs":["https:\/\/www.facebook.com\/tzedeksocialjusticefund","https:\/\/www.instagram.com\/tzedeksocialjusticefund\/","https:\/\/www.linkedin.com\/company\/tzedek-social-justice-fund\/","https:\/\/www.youtube.com\/channel\/UCNpiSO2h1wtDOwbJoCJUzJQ"]}]}},"_links":{"self":[{"href":"https:\/\/tzedeksocialjusticefund.org\/es\/wp-json\/wp\/v2\/pages\/6004","targetHints":{"allow":["GET"]}}],"collection":[{"href":"https:\/\/tzedeksocialjusticefund.org\/es\/wp-json\/wp\/v2\/pages"}],"about":[{"href":"https:\/\/tzedeksocialjusticefund.org\/es\/wp-json\/wp\/v2\/types\/page"}],"author":[{"embeddable":true,"href":"https:\/\/tzedeksocialjusticefund.org\/es\/wp-json\/wp\/v2\/users\/9"}],"replies":[{"embeddable":true,"href":"https:\/\/tzedeksocialjusticefund.org\/es\/wp-json\/wp\/v2\/comments?post=6004"}],"version-history":[{"count":0,"href":"https:\/\/tzedeksocialjusticefund.org\/es\/wp-json\/wp\/v2\/pages\/6004\/revisions"}],"wp:featuredmedia":[{"embeddable":true,"href":"https:\/\/tzedeksocialjusticefund.org\/es\/wp-json\/wp\/v2\/media\/6223"}],"wp:attachment":[{"href":"https:\/\/tzedeksocialjusticefund.org\/es\/wp-json\/wp\/v2\/media?parent=6004"}],"curies":[{"name":"wp","href":"https:\/\/api.w.org\/{rel}","templated":true}]}}